{"id":6089,"date":"2020-03-14T10:22:41","date_gmt":"2020-03-14T07:22:41","guid":{"rendered":"http:\/\/www.sunarmisir.com.tr\/?post_type=product&#038;p=6089"},"modified":"2020-06-10T15:28:08","modified_gmt":"2020-06-10T12:28:08","slug":"amidon-de-moule","status":"publish","type":"product","link":"https:\/\/www.sunarmisir.com.tr\/fr\/urun\/amidon-de-moule\/","title":{"rendered":"Amidon de Moule"},"content":{"rendered":"<div class=\"row\"  id=\"row-1636864879\">\n\n\t<div id=\"col-587091196\" class=\"col medium-1\/2 large-6\"  >\n\t\t\t\t<div class=\"col-inner\"  >\n\t\t\t\n\t\t\t\n<p>&nbsp;<\/p>\n<p><strong>Caract\u00e9ristiques<\/strong><\/p>\n<p>Le moule form\u00e9 lors de la production de la gel\u00e9e a une tr\u00e8s faible tendance \u00e0 se disperser et \u00e0 conserver sa forme.<\/p>\n<p>L&rsquo;amidon de moule a une faible teneur en humidit\u00e9, il absorbe donc l&rsquo;humidit\u00e9 de la gel\u00e9e et aide la gel\u00e9e \u00e0 \u00eatre pr\u00eate en peu de temps.Du fait qu&rsquo;il est insipide, il n&rsquo;a pas tendance \u00e0 donner du go\u00fbt \u00e0 la gel\u00e9e.<\/p>\n\t\t<\/div>\n\t\t\t\t\t<\/div>\n\n\t\n\n\t<div id=\"col-694766959\" class=\"col medium-1\/2 large-6\"  >\n\t\t\t\t<div class=\"col-inner\"  >\n\t\t\t\n\t\t\t\n<table style=\"width: 397px\">\n<tbody>\n<tr>\n<td style=\"width: 206px\"><strong>TABLEAU DES PROPRI\u00c9T\u00c9S PHYSIQUES ET CHIMIQUES<\/strong><\/td>\n<td style=\"width: 76px\"><strong>Min<\/strong><\/td>\n<td style=\"width: 93px\"><strong>Max<\/strong><\/td>\n<\/tr>\n<tr>\n<td style=\"width: 206px\"><strong>Humidit\u00e9<\/strong><\/td>\n<td style=\"width: 76px\">8,5<\/td>\n<td style=\"width: 93px\">10,5<\/td>\n<\/tr>\n<tr>\n<td style=\"width: 206px\"><strong>PH<\/strong><\/td>\n<td style=\"width: 76px\">4,5<\/td>\n<td style=\"width: 93px\">6,5<\/td>\n<\/tr>\n<\/tbody>\n<\/table>\n\t\t<\/div>\n\t\t\t\t\t<\/div>\n\n\t\n<\/div>\n","protected":false},"excerpt":{"rendered":"<p>L&rsquo;amidon de moule est obtenu \u00e0 partir d&rsquo;amidon de ma\u00efs natif. Il est sans odeur et insipide.<\/p>\n<p><strong>Zone d&rsquo;application<\/strong><\/p>\n<p>L&rsquo;amidon de moule est utilis\u00e9 pour former un moule dans la production de gel\u00e9e.<\/p>\n","protected":false},"featured_media":5794,"template":"","meta":[],"product_brand":[],"product_cat":[418,345],"product_tag":[493,494,495],"class_list":{"0":"post-6089","1":"product","2":"type-product","3":"status-publish","4":"has-post-thumbnail","6":"product_cat-des-produits","7":"product_cat-amidon-et-derives","8":"product_tag-jelibon-fr","9":"product_tag-jelly-fr","10":"product_tag-kalip-nisasta-fr","12":"first","13":"instock","14":"shipping-taxable","15":"product-type-simple"},"_links":{"self":[{"href":"https:\/\/www.sunarmisir.com.tr\/fr\/wp-json\/wp\/v2\/product\/6089"}],"collection":[{"href":"https:\/\/www.sunarmisir.com.tr\/fr\/wp-json\/wp\/v2\/product"}],"about":[{"href":"https:\/\/www.sunarmisir.com.tr\/fr\/wp-json\/wp\/v2\/types\/product"}],"wp:featuredmedia":[{"embeddable":true,"href":"https:\/\/www.sunarmisir.com.tr\/fr\/wp-json\/wp\/v2\/media\/5794"}],"wp:attachment":[{"href":"https:\/\/www.sunarmisir.com.tr\/fr\/wp-json\/wp\/v2\/media?parent=6089"}],"wp:term":[{"taxonomy":"product_brand","embeddable":true,"href":"https:\/\/www.sunarmisir.com.tr\/fr\/wp-json\/wp\/v2\/product_brand?post=6089"},{"taxonomy":"product_cat","embeddable":true,"href":"https:\/\/www.sunarmisir.com.tr\/fr\/wp-json\/wp\/v2\/product_cat?post=6089"},{"taxonomy":"product_tag","embeddable":true,"href":"https:\/\/www.sunarmisir.com.tr\/fr\/wp-json\/wp\/v2\/product_tag?post=6089"}],"curies":[{"name":"wp","href":"https:\/\/api.w.org\/{rel}","templated":true}]}}