{"id":5798,"date":"2020-01-02T11:01:41","date_gmt":"2020-01-02T08:01:41","guid":{"rendered":"http:\/\/www.sunarmisir.com.tr\/?post_type=product&#038;p=5798"},"modified":"2020-06-10T15:28:57","modified_gmt":"2020-06-10T12:28:57","slug":"kalip-nisasta","status":"publish","type":"product","link":"https:\/\/www.sunarmisir.com.tr\/fr\/urun\/kalip-nisasta\/","title":{"rendered":"Dextrine Alimentaire"},"content":{"rendered":"<div class=\"row\"  id=\"row-713366516\">\n\n\t<div id=\"col-506580726\" class=\"col medium-1\/2 large-6\"  >\n\t\t\t\t<div class=\"col-inner\"  >\n\t\t\t\n\t\t\t\n<p>&nbsp;<\/p>\n<p><strong>Caract\u00e9ristiques<\/strong><\/p>\n<ul>\n<li>Ce produit est utilis\u00e9 comme adh\u00e9sifs (dans les bonbons) et comme substituts des graisses.<\/li>\n<li>Il est utilis\u00e9 pour augmenter la coh\u00e9rence<strong>.<\/strong><\/li>\n<li>Cette substance est utilis\u00e9e pour augmenter la saveur, pr\u00e9server la forme brillante et emp\u00eacher la d\u00e9coloration des aliments.<\/li>\n<li>C&rsquo;est une source de fibres solubles<\/li>\n<\/ul>\n<p>&nbsp;<\/p>\n\t\t<\/div>\n\t\t\t\t\t<\/div>\n\n\t\n\n\t<div id=\"col-710673861\" class=\"col medium-1\/2 large-6\"  >\n\t\t\t\t<div class=\"col-inner\"  >\n\t\t\t\n\t\t\t\n<table style=\"width: 367px\">\n<tbody>\n<tr>\n<td style=\"width: 203px\"><strong>TABLEAU DES PROPRI\u00c9T\u00c9S PHYSIQUES ET CHIMIQUES<\/strong><\/td>\n<td style=\"width: 77px\"><strong>Min<\/strong><\/td>\n<td style=\"width: 65px\"><strong>Max<\/strong><\/td>\n<\/tr>\n<tr>\n<td style=\"width: 203px\"><strong>Humidit\u00e9<\/strong><\/td>\n<td style=\"width: 77px\"><\/td>\n<td style=\"width: 65px\">7<\/td>\n<\/tr>\n<tr>\n<td style=\"width: 203px\"><strong>PH<\/strong><\/td>\n<td style=\"width: 77px\">3<\/td>\n<td style=\"width: 65px\">4.5<\/td>\n<\/tr>\n<\/tbody>\n<\/table>\n\t\t<\/div>\n\t\t\t\t\t<\/div>\n\n\t\n<\/div>\n","protected":false},"excerpt":{"rendered":"<p><strong>Dextrine Alimentaire<\/strong><\/p>\n<p>Obtenu par la torr\u00e9faction de l\u2019amidon natif.<\/p>\n<p><strong>Zone d&rsquo;application<\/strong><\/p>\n<p>Sauces, vinaigrettes, condiments, enrobage de noix s\u00e9ch\u00e9es, pains, g\u00e2teaux, p\u00e2tisseries, bonbons et desserts<\/p>\n","protected":false},"featured_media":6156,"template":"","meta":[],"product_brand":[],"product_cat":[373,370,394,345],"product_tag":[493,494,495],"class_list":{"0":"post-5798","1":"product","2":"type-product","3":"status-publish","4":"has-post-thumbnail","6":"product_cat-gateau","7":"product_cat-produits-de-boulangerie-et-biscuit","8":"product_cat-sauces-fr","9":"product_cat-amidon-et-derives","10":"product_tag-jelibon-fr","11":"product_tag-jelly-fr","12":"product_tag-kalip-nisasta-fr","14":"first","15":"instock","16":"shipping-taxable","17":"product-type-simple"},"_links":{"self":[{"href":"https:\/\/www.sunarmisir.com.tr\/fr\/wp-json\/wp\/v2\/product\/5798"}],"collection":[{"href":"https:\/\/www.sunarmisir.com.tr\/fr\/wp-json\/wp\/v2\/product"}],"about":[{"href":"https:\/\/www.sunarmisir.com.tr\/fr\/wp-json\/wp\/v2\/types\/product"}],"wp:featuredmedia":[{"embeddable":true,"href":"https:\/\/www.sunarmisir.com.tr\/fr\/wp-json\/wp\/v2\/media\/6156"}],"wp:attachment":[{"href":"https:\/\/www.sunarmisir.com.tr\/fr\/wp-json\/wp\/v2\/media?parent=5798"}],"wp:term":[{"taxonomy":"product_brand","embeddable":true,"href":"https:\/\/www.sunarmisir.com.tr\/fr\/wp-json\/wp\/v2\/product_brand?post=5798"},{"taxonomy":"product_cat","embeddable":true,"href":"https:\/\/www.sunarmisir.com.tr\/fr\/wp-json\/wp\/v2\/product_cat?post=5798"},{"taxonomy":"product_tag","embeddable":true,"href":"https:\/\/www.sunarmisir.com.tr\/fr\/wp-json\/wp\/v2\/product_tag?post=5798"}],"curies":[{"name":"wp","href":"https:\/\/api.w.org\/{rel}","templated":true}]}}