{"id":4043,"date":"2018-05-06T11:20:24","date_gmt":"2019-06-11T10:24:38","guid":{"rendered":"http:\/\/www.sunarmisir.com.tr\/?post_type=product&#038;p=4043"},"modified":"2019-06-24T12:29:21","modified_gmt":"2019-06-24T09:29:21","slug":"maltitaste-maltitol","status":"publish","type":"product","link":"https:\/\/www.sunarmisir.com.tr\/fr\/urun\/maltitaste-maltitol\/","title":{"rendered":"Maltitaste\u00ae Maltitol"},"content":{"rendered":"<div class=\"row\"  id=\"row-29352030\">\n\n\t<div id=\"col-1768887573\" class=\"col medium-1\/2 large-6\"  >\n\t\t\t\t<div class=\"col-inner\"  >\n\t\t\t\n\t\t\t\n<p><strong>Les caract\u00e9ristiques <\/strong><\/p>\n<p>&nbsp;<\/p>\n<ul>\n<li>Faible indice glyc\u00e9mique<\/li>\n<li>\u00c9dulcorant naturel hypocalorique<\/li>\n<li>Pas d&rsquo;arri\u00e8re-go\u00fbt<\/li>\n<li>Faible fermentabilit\u00e9<\/li>\n<li>Excellente stabilit\u00e9 thermique<\/li>\n<li>Excellent crunch pour chewing-gum enrob\u00e9<\/li>\n<li>Contr\u00f4le la texture, la viscosit\u00e9, la cristallisation<\/li>\n<li>Non cariog\u00e8ne<\/li>\n<li>Conforme aux exigences de l&rsquo;USP \/ EP \/ BP<\/li>\n<li>Il ne participe pas \u00e0 la r\u00e9action de Maillard<\/li>\n<\/ul>\n\t\t<\/div>\n\t\t\t\t\t<\/div>\n\n\t\n\n\t<div id=\"col-1648755693\" class=\"col medium-1\/2 large-6\"  >\n\t\t\t\t<div class=\"col-inner\"  >\n\t\t\t\n\t\t\t\n<table class=\"table table-striped\">\n<tbody>\n<tr>\n<td style=\"text-align: left;\" width=\"37%\" height=\"20\"><strong>\u00a0Les Propri\u00e9t\u00e9s Physiques et Chimiques<\/strong><\/td>\n<td style=\"text-align: right;\" width=\"22%\" height=\"20\"><strong>Min<\/strong><\/td>\n<td style=\"text-align: right;\" width=\"19%\" height=\"20\"><strong>Max<\/strong><\/td>\n<\/tr>\n<tr>\n<td style=\"text-align: left;\" width=\"37%\" height=\"20\"><strong>80\/55 Substance S\u00e8che<\/strong><\/td>\n<td style=\"text-align: right;\" width=\"22%\" height=\"20\">75<\/td>\n<td style=\"text-align: right;\" width=\"19%\" height=\"20\">&#8211;<\/td>\n<\/tr>\n<tr>\n<td style=\"text-align: left;\" width=\"37%\" height=\"20\"><strong>85\/55 Substance S\u00e8che<\/strong><\/td>\n<td style=\"text-align: right;\" width=\"22%\" height=\"20\">84,5<\/td>\n<td style=\"text-align: right;\" width=\"19%\" height=\"20\">85,5<\/td>\n<\/tr>\n<tr>\n<td style=\"text-align: left;\" width=\"37%\" height=\"20\"><strong>Maltitol % (On Substance S\u00e8che)<\/strong><\/td>\n<td style=\"text-align: right;\" width=\"22%\" height=\"20\">53<\/td>\n<td style=\"text-align: right;\" width=\"19%\" height=\"20\">&#8211;<\/td>\n<\/tr>\n<\/tbody>\n<\/table>\n\t\t<\/div>\n\t\t\t\t\t<\/div>\n\n\t\n<\/div>\n","protected":false},"excerpt":{"rendered":"<p>Le maltitol est fabriqu\u00e9 par hydrog\u00e9nation catalytique d&rsquo;hydrolysat d&rsquo;amidon.<\/p>\n<p><strong>Secteur d&rsquo;application <\/strong><\/p>\n<p>Maltitaste\u00ae maltitol est utilis\u00e9 pour la guimauve, le chocolat, les glaces, les produits di\u00e9t\u00e9tiques, les g\u00e2teaux, les produits de boulangerie et les biscuits, fruits s\u00e9ch\u00e9s, couches s\u00e9ch\u00e9es de pulpe de fruits et churchkhela.<\/p>\n<p>Le maltitol est \u00e9galement utilis\u00e9 pour les sirops m\u00e9dicaux<\/p>\n","protected":false},"featured_media":2529,"template":"","meta":[],"product_brand":[],"product_cat":[375,377,379,388,386,380,418,376,369,381,373,392,384,370,368,366],"product_tag":[353,359,362],"class_list":{"0":"post-4043","1":"product","2":"type-product","3":"status-publish","4":"has-post-thumbnail","6":"product_cat-barres-de-cereales","7":"product_cat-chewing-gum-fr","8":"product_cat-chocolat","9":"product_cat-confiture-et-marmelade","10":"product_cat-creme-glacee","11":"product_cat-custard-poudre-et-remplissage-de-creme","12":"product_cat-des-produits","13":"product_cat-dessert-latitier","14":"product_cat-food-fr","15":"product_cat-fruit-sec","16":"product_cat-gateau","17":"product_cat-guimauves","18":"product_cat-halva","19":"product_cat-produits-de-boulangerie-et-biscuit","20":"product_cat-secteurs-dutilisation","21":"product_cat-polyol-fr","22":"product_tag-blog","23":"product_tag-blog-fr-6","24":"product_tag-blog-fr-9","26":"first","27":"instock","28":"shipping-taxable","29":"product-type-simple"},"_links":{"self":[{"href":"https:\/\/www.sunarmisir.com.tr\/fr\/wp-json\/wp\/v2\/product\/4043"}],"collection":[{"href":"https:\/\/www.sunarmisir.com.tr\/fr\/wp-json\/wp\/v2\/product"}],"about":[{"href":"https:\/\/www.sunarmisir.com.tr\/fr\/wp-json\/wp\/v2\/types\/product"}],"wp:featuredmedia":[{"embeddable":true,"href":"https:\/\/www.sunarmisir.com.tr\/fr\/wp-json\/wp\/v2\/media\/2529"}],"wp:attachment":[{"href":"https:\/\/www.sunarmisir.com.tr\/fr\/wp-json\/wp\/v2\/media?parent=4043"}],"wp:term":[{"taxonomy":"product_brand","embeddable":true,"href":"https:\/\/www.sunarmisir.com.tr\/fr\/wp-json\/wp\/v2\/product_brand?post=4043"},{"taxonomy":"product_cat","embeddable":true,"href":"https:\/\/www.sunarmisir.com.tr\/fr\/wp-json\/wp\/v2\/product_cat?post=4043"},{"taxonomy":"product_tag","embeddable":true,"href":"https:\/\/www.sunarmisir.com.tr\/fr\/wp-json\/wp\/v2\/product_tag?post=4043"}],"curies":[{"name":"wp","href":"https:\/\/api.w.org\/{rel}","templated":true}]}}