{"id":4001,"date":"2019-06-11T11:56:51","date_gmt":"2019-06-11T08:56:51","guid":{"rendered":"http:\/\/www.sunarmisir.com.tr\/?post_type=product&#038;p=4001"},"modified":"2019-06-24T12:30:57","modified_gmt":"2019-06-24T09:30:57","slug":"sirop-de-haute-teneur-de-maltose-sm-50-2","status":"publish","type":"product","link":"https:\/\/www.sunarmisir.com.tr\/fr\/urun\/sirop-de-haute-teneur-de-maltose-sm-50-2\/","title":{"rendered":"Sirop de haute teneur de maltose SM 50"},"content":{"rendered":"<div class=\"row\"  id=\"row-325297680\">\n\n\t<div id=\"col-1149221088\" class=\"col medium-1\/2 large-6\"  >\n\t\t\t\t<div class=\"col-inner\"  >\n\t\t\t\n\t\t\t\n<p><strong>Les caract\u00e9ristiques<\/strong><\/p>\n<p>&nbsp;<\/p>\n<ul>\n<li>A une odeur caract\u00e9ristique claire et incolore l\u00e9g\u00e8rement go\u00fbt sucr\u00e9<\/li>\n<li>Fournit une stabilit\u00e9 microbienne due \u00e0 une pression osmotique \u00e9lev\u00e9e<\/li>\n<li>Assure la stabilit\u00e9 du contr\u00f4le de la cristallisation du produit final produits alimentaires<\/li>\n<li>Contr\u00f4le la viscosit\u00e9, l&rsquo;humidit\u00e9, la douceur et l&rsquo;am\u00e9lioration de la couleur<\/li>\n<li>Fournit la stabilit\u00e9 souhait\u00e9e des produits finis<\/li>\n<li>Fournit la transparence et la luminosit\u00e9 des produits finis<\/li>\n<\/ul>\n\n\t<div id=\"col-1976151902\" class=\"col medium-1\/2 large-6\"  >\n\t\t\t\t<div class=\"col-inner\"  >\n\t\t\t\n\t\t\t\t\t<\/div>\n\t\t\t\t\t<\/div>\n\n\t\n<table class=\"table table-striped\">\n<tbody>\n<tr>\n<td style=\"text-align: left; width: 190px;\" align=\"center\" width=\"37%\" height=\"20\"><strong>Les Propri\u00e9t\u00e9s Physiques et Chimiques<\/strong><\/td>\n<td style=\"text-align: right; width: 58px;\" align=\"center\" width=\"22%\" height=\"20\"><strong>Min<\/strong><\/td>\n<td style=\"text-align: right; width: 55px;\" align=\"center\" width=\"19%\" height=\"20\"><strong>Max<\/strong><\/td>\n<\/tr>\n<tr>\n<td style=\"text-align: left; width: 190px;\" align=\"center\" width=\"37%\" height=\"20\"><strong>Brix (20 \u00b0C)<\/strong><\/td>\n<td style=\"text-align: right; width: 58px;\" align=\"center\" width=\"22%\" height=\"20\">\u00a082.5<\/td>\n<td style=\"text-align: right; width: 55px;\" align=\"center\" width=\"19%\" height=\"20\">84<\/td>\n<\/tr>\n<tr>\n<td style=\"text-align: left; width: 190px;\" align=\"center\" width=\"37%\" height=\"20\"><strong>DE<\/strong><\/td>\n<td style=\"text-align: right; width: 58px;\" align=\"center\" width=\"22%\" height=\"20\">40<\/td>\n<td style=\"text-align: right; width: 55px;\" align=\"center\" width=\"19%\" height=\"20\">48<\/td>\n<\/tr>\n<\/tbody>\n<\/table>\n\t\t<\/div>\n\t\t\t\t\t<\/div>\n\n\t\n<\/div>\n","protected":false},"excerpt":{"rendered":"<p>C&rsquo;est un sirop de glucose naturel obtenu \u00e0 la suite de l&rsquo;hydrolyse de l&rsquo;amidon de ma\u00efs. Il a une nature l\u00e9g\u00e8rement sucr\u00e9e, claire, incolore, une odeur unique, naturelle et condens\u00e9e.<\/p>\n<p><strong>Secteur d&rsquo;application <\/strong><\/p>\n<p>Bonbons durs, caramel au beurre, confiture, gel\u00e9es, cr\u00e8me glac\u00e9e, caramel, confiserie, nougat, fondant, guimauve et sauce.<\/p>\n","protected":false},"featured_media":4007,"template":"","meta":[],"product_brand":[],"product_cat":[385,374,395,388,386,418,382,369,390,392,393,394,368,365],"product_tag":[353,360],"class_list":{"0":"post-4001","1":"product","2":"type-product","3":"status-publish","4":"has-post-thumbnail","6":"product_cat-bonbons-durs","7":"product_cat-caramel-fr","8":"product_cat-caramel-au-beurre","9":"product_cat-confiture-et-marmelade","10":"product_cat-creme-glacee","11":"product_cat-des-produits","12":"product_cat-fondant-fr","13":"product_cat-food-fr","14":"product_cat-gelees","15":"product_cat-guimauves","16":"product_cat-nougat-fr","17":"product_cat-sauces-fr","18":"product_cat-secteurs-dutilisation","19":"product_cat-sirop-de-glucose","20":"product_tag-blog","21":"product_tag-blog-fr-7","23":"first","24":"instock","25":"shipping-taxable","26":"product-type-simple"},"_links":{"self":[{"href":"https:\/\/www.sunarmisir.com.tr\/fr\/wp-json\/wp\/v2\/product\/4001"}],"collection":[{"href":"https:\/\/www.sunarmisir.com.tr\/fr\/wp-json\/wp\/v2\/product"}],"about":[{"href":"https:\/\/www.sunarmisir.com.tr\/fr\/wp-json\/wp\/v2\/types\/product"}],"wp:featuredmedia":[{"embeddable":true,"href":"https:\/\/www.sunarmisir.com.tr\/fr\/wp-json\/wp\/v2\/media\/4007"}],"wp:attachment":[{"href":"https:\/\/www.sunarmisir.com.tr\/fr\/wp-json\/wp\/v2\/media?parent=4001"}],"wp:term":[{"taxonomy":"product_brand","embeddable":true,"href":"https:\/\/www.sunarmisir.com.tr\/fr\/wp-json\/wp\/v2\/product_brand?post=4001"},{"taxonomy":"product_cat","embeddable":true,"href":"https:\/\/www.sunarmisir.com.tr\/fr\/wp-json\/wp\/v2\/product_cat?post=4001"},{"taxonomy":"product_tag","embeddable":true,"href":"https:\/\/www.sunarmisir.com.tr\/fr\/wp-json\/wp\/v2\/product_tag?post=4001"}],"curies":[{"name":"wp","href":"https:\/\/api.w.org\/{rel}","templated":true}]}}