{"id":3996,"date":"2018-05-04T09:39:23","date_gmt":"2019-06-11T08:55:37","guid":{"rendered":"http:\/\/www.sunarmisir.com.tr\/?post_type=product&#038;p=3996"},"modified":"2019-06-24T12:31:20","modified_gmt":"2019-06-24T09:31:20","slug":"sirop-de-maltose-sm-40-2","status":"publish","type":"product","link":"https:\/\/www.sunarmisir.com.tr\/fr\/urun\/sirop-de-maltose-sm-40-2\/","title":{"rendered":"Sirop de maltose SM 40"},"content":{"rendered":"<div class=\"row\"  id=\"row-939291679\">\n\n\t<div id=\"col-1352242193\" class=\"col medium-1\/2 large-6\"  >\n\t\t\t\t<div class=\"col-inner\"  >\n\t\t\t\n\t\t\t\n<p><strong>Les caract\u00e9ristiques\u00a0<\/strong><\/p>\n<p>&nbsp;<\/p>\n<ul>\n<li>A une texture claire et visqueuse et une odeur caract\u00e9ristique avec l\u00e9g\u00e8re go\u00fbt sucr\u00e9<\/li>\n<li>Fournit une durabilit\u00e9 microbienne due \u00e0 une pression osmotique \u00e9lev\u00e9e<\/li>\n<li>Fournit un contr\u00f4le de la cristallisation dans les produits alimentaires<\/li>\n<li>Contr\u00f4le la viscosit\u00e9, l&rsquo;humidit\u00e9, la douceur et l&rsquo;am\u00e9lioration de la couleur<\/li>\n<li>Fournit la stabilit\u00e9 souhait\u00e9e des produits finis<\/li>\n<li>Fournit la transparence et la luminosit\u00e9 des produits finis.<\/li>\n<\/ul>\n<p>&nbsp;<\/p>\n\t\t<\/div>\n\t\t\t\t\t<\/div>\n\n\t\n\n\t<div id=\"col-1444029399\" class=\"col medium-1\/2 large-6\"  >\n\t\t\t\t<div class=\"col-inner\"  >\n\t\t\t\n\t\t\t\n<p>&nbsp;<\/p>\n<table class=\"table table-striped\" style=\"height: 100px;\" width=\"347\">\n<tbody>\n<tr style=\"height: 42px;\">\n<td style=\"text-align: left; width: 200px; height: 42px;\" align=\"center\" height=\"20\"><strong>Les Propri\u00e9t\u00e9s Physiques et Chimiques<\/strong><\/td>\n<td style=\"text-align: right; width: 66px; height: 42px;\" align=\"center\" height=\"20\"><strong>Min<\/strong><\/td>\n<td style=\"text-align: right; width: 59px; height: 42px;\" align=\"center\" height=\"20\"><strong>Max<\/strong><\/td>\n<\/tr>\n<tr style=\"height: 21px;\">\n<td style=\"text-align: left; width: 200px; height: 21px;\" align=\"center\" height=\"20\"><strong>Brix ( 20 \u00b0C )<\/strong><\/td>\n<td style=\"text-align: right; width: 66px; height: 21px;\" align=\"center\" height=\"20\">\u00a082.5<\/td>\n<td style=\"text-align: right; width: 59px; height: 21px;\" align=\"center\" height=\"20\">84<\/td>\n<\/tr>\n<tr style=\"height: 21px;\">\n<td style=\"text-align: left; width: 200px; height: 21px;\" align=\"center\" height=\"20\"><strong>DE<\/strong><\/td>\n<td style=\"text-align: right; width: 66px; height: 21px;\" align=\"center\" height=\"20\">38<\/td>\n<td style=\"text-align: right; width: 59px; height: 21px;\" align=\"center\" height=\"20\">48<\/td>\n<\/tr>\n<\/tbody>\n<\/table>\n\t\t<\/div>\n\t\t\t\t\t<\/div>\n\n\t\n<\/div>\n","protected":false},"excerpt":{"rendered":"<p>C&rsquo;est un sirop de glucose naturel obtenu \u00e0 la suite de l&rsquo;hydrolyse de l&rsquo;amidon de ma\u00efs. Il a une nature l\u00e9g\u00e8rement sucr\u00e9e, claire, incolore, une odeur unique, naturelle et condens\u00e9e.<\/p>\n<p><strong>Secteur d&rsquo;application <\/strong><\/p>\n<p>Bonbons durs, caramel au beurre, fondant, confiture, confiture et marmelade, gel\u00e9es, cr\u00e8me glac\u00e9e, caramel, halvah, d\u00e9lice turc, guimauve, sauce.<\/p>\n","protected":false},"featured_media":4000,"template":"","meta":[],"product_brand":[],"product_cat":[395,388,386,418,382,369,390,392,394,368,365],"product_tag":[360],"class_list":{"0":"post-3996","1":"product","2":"type-product","3":"status-publish","4":"has-post-thumbnail","6":"product_cat-caramel-au-beurre","7":"product_cat-confiture-et-marmelade","8":"product_cat-creme-glacee","9":"product_cat-des-produits","10":"product_cat-fondant-fr","11":"product_cat-food-fr","12":"product_cat-gelees","13":"product_cat-guimauves","14":"product_cat-sauces-fr","15":"product_cat-secteurs-dutilisation","16":"product_cat-sirop-de-glucose","17":"product_tag-blog-fr-7","19":"first","20":"instock","21":"shipping-taxable","22":"product-type-simple"},"_links":{"self":[{"href":"https:\/\/www.sunarmisir.com.tr\/fr\/wp-json\/wp\/v2\/product\/3996"}],"collection":[{"href":"https:\/\/www.sunarmisir.com.tr\/fr\/wp-json\/wp\/v2\/product"}],"about":[{"href":"https:\/\/www.sunarmisir.com.tr\/fr\/wp-json\/wp\/v2\/types\/product"}],"wp:featuredmedia":[{"embeddable":true,"href":"https:\/\/www.sunarmisir.com.tr\/fr\/wp-json\/wp\/v2\/media\/4000"}],"wp:attachment":[{"href":"https:\/\/www.sunarmisir.com.tr\/fr\/wp-json\/wp\/v2\/media?parent=3996"}],"wp:term":[{"taxonomy":"product_brand","embeddable":true,"href":"https:\/\/www.sunarmisir.com.tr\/fr\/wp-json\/wp\/v2\/product_brand?post=3996"},{"taxonomy":"product_cat","embeddable":true,"href":"https:\/\/www.sunarmisir.com.tr\/fr\/wp-json\/wp\/v2\/product_cat?post=3996"},{"taxonomy":"product_tag","embeddable":true,"href":"https:\/\/www.sunarmisir.com.tr\/fr\/wp-json\/wp\/v2\/product_tag?post=3996"}],"curies":[{"name":"wp","href":"https:\/\/api.w.org\/{rel}","templated":true}]}}