{"id":3978,"date":"2019-06-11T11:51:16","date_gmt":"2019-06-11T08:51:16","guid":{"rendered":"http:\/\/www.sunarmisir.com.tr\/?post_type=product&#038;p=3978"},"modified":"2019-06-24T12:31:51","modified_gmt":"2019-06-24T09:31:51","slug":"sirop-de-glucose-fructose-srf-30","status":"publish","type":"product","link":"https:\/\/www.sunarmisir.com.tr\/fr\/urun\/sirop-de-glucose-fructose-srf-30\/","title":{"rendered":"Sirop de Glucose-Fructose SRF 30"},"content":{"rendered":"<p><strong><div class=\"row\"  id=\"row-436309455\"><\/strong><\/p>\n\n\t<div id=\"col-813894985\" class=\"col medium-1\/2 large-6\"  >\n\t\t\t\t<div class=\"col-inner\"  >\n\t\t\t\n\t\t\t\n<p><strong>Les caract\u00e9ristiques <\/strong><\/p>\n<ul>\n<li>A une texture claire et incolore<\/li>\n<li>Fournit la stabilit\u00e9 souhait\u00e9e des produits finis<\/li>\n<li>Augmente la luminosit\u00e9 du produit final<\/li>\n<li>Am\u00e9liore les textures<\/li>\n<\/ul>\n\t\t<\/div>\n\t\t\t\t\t<\/div>\n\n\t\n\n\t<div id=\"col-120259559\" class=\"col medium-1\/2 large-6\"  >\n\t\t\t\t<div class=\"col-inner\"  >\n\t\t\t\n\t\t\t\n<table class=\"table table-striped\" style=\"font-size: 14.4px;\">\n<tbody>\n<tr style=\"height: 42px;\">\n<td style=\"text-align: left; height: 42px; width: 215px;\" align=\"center\" width=\"37%\" height=\"20\"><strong>Les Propri\u00e9t\u00e9s Physiques et Chimiques<\/strong><\/td>\n<td style=\"text-align: right; height: 42px; width: 89px;\" align=\"center\" width=\"22%\" height=\"20\"><strong>Min<\/strong><\/td>\n<td style=\"text-align: right; height: 42px; width: 78px;\" align=\"center\" width=\"19%\" height=\"20\"><strong>Max<\/strong><\/td>\n<\/tr>\n<tr style=\"height: 21px;\">\n<td style=\"text-align: left; height: 21px; width: 215px;\" align=\"center\" width=\"37%\" height=\"20\"><strong>Brix ( 20 \u00b0C )<\/strong><\/td>\n<td style=\"text-align: right; height: 21px; width: 89px;\" align=\"center\" width=\"22%\" height=\"20\">78<\/td>\n<td style=\"text-align: right; height: 21px; width: 78px;\" align=\"center\" width=\"19%\" height=\"20\">81<\/td>\n<\/tr>\n<tr style=\"height: 21px;\">\n<td style=\"text-align: left; height: 21px; width: 215px;\" align=\"center\" width=\"37%\" height=\"20\"><strong>Dextrose<\/strong><\/td>\n<td style=\"text-align: right; height: 21px; width: 89px;\" align=\"center\" width=\"22%\" height=\"20\">21<\/td>\n<td style=\"text-align: right; height: 21px; width: 78px;\" align=\"center\" width=\"19%\" height=\"20\">25<\/td>\n<\/tr>\n<tr style=\"height: 21px;\">\n<td style=\"text-align: left; height: 21px; width: 215px;\" align=\"center\" width=\"37%\" height=\"20\"><strong>Fructose<\/strong><\/td>\n<td style=\"text-align: right; height: 21px; width: 89px;\" align=\"center\" width=\"22%\" height=\"20\">29<\/td>\n<td style=\"text-align: right; height: 21px; width: 78px;\" align=\"center\" width=\"19%\" height=\"20\">35<\/td>\n<\/tr>\n<\/tbody>\n<\/table>\n\t\t<\/div>\n\t\t\t\t\t<\/div>\n\n\t\n<\/div>&nbsp;<\/p>\n","protected":false},"excerpt":{"rendered":"<p>C&rsquo;est le sirop de glucose-fructose naturel purifi\u00e9 et condens\u00e9, qui contient du fructose, est obtenu apr\u00e8s l&rsquo;hydrolyse de l&rsquo;amidon de ma\u00efs. Il est clair, incolore et inodore.<\/p>\n<p><strong>Secteur d&rsquo;application <\/strong><\/p>\n<p>Confiture, halva, d\u00e9lice turc, confiserie, cr\u00e8me glac\u00e9e, desserts, gel\u00e9es, produits de boulangerie, confiture.<\/p>\n","protected":false},"featured_media":3982,"template":"","meta":[],"product_brand":[],"product_cat":[388,386,418,369,390,384,370,368,364],"product_tag":[353,359],"class_list":{"0":"post-3978","1":"product","2":"type-product","3":"status-publish","4":"has-post-thumbnail","6":"product_cat-confiture-et-marmelade","7":"product_cat-creme-glacee","8":"product_cat-des-produits","9":"product_cat-food-fr","10":"product_cat-gelees","11":"product_cat-halva","12":"product_cat-produits-de-boulangerie-et-biscuit","13":"product_cat-secteurs-dutilisation","14":"product_cat-sirop-de-glucose-frucltose","15":"product_tag-blog","16":"product_tag-blog-fr-6","18":"first","19":"instock","20":"shipping-taxable","21":"product-type-simple"},"_links":{"self":[{"href":"https:\/\/www.sunarmisir.com.tr\/fr\/wp-json\/wp\/v2\/product\/3978"}],"collection":[{"href":"https:\/\/www.sunarmisir.com.tr\/fr\/wp-json\/wp\/v2\/product"}],"about":[{"href":"https:\/\/www.sunarmisir.com.tr\/fr\/wp-json\/wp\/v2\/types\/product"}],"wp:featuredmedia":[{"embeddable":true,"href":"https:\/\/www.sunarmisir.com.tr\/fr\/wp-json\/wp\/v2\/media\/3982"}],"wp:attachment":[{"href":"https:\/\/www.sunarmisir.com.tr\/fr\/wp-json\/wp\/v2\/media?parent=3978"}],"wp:term":[{"taxonomy":"product_brand","embeddable":true,"href":"https:\/\/www.sunarmisir.com.tr\/fr\/wp-json\/wp\/v2\/product_brand?post=3978"},{"taxonomy":"product_cat","embeddable":true,"href":"https:\/\/www.sunarmisir.com.tr\/fr\/wp-json\/wp\/v2\/product_cat?post=3978"},{"taxonomy":"product_tag","embeddable":true,"href":"https:\/\/www.sunarmisir.com.tr\/fr\/wp-json\/wp\/v2\/product_tag?post=3978"}],"curies":[{"name":"wp","href":"https:\/\/api.w.org\/{rel}","templated":true}]}}