{"id":3965,"date":"2018-05-06T11:00:57","date_gmt":"2019-06-11T08:48:16","guid":{"rendered":"http:\/\/www.sunarmisir.com.tr\/?post_type=product&#038;p=3965"},"modified":"2019-06-24T12:42:27","modified_gmt":"2019-06-24T09:42:27","slug":"sirop-de-glucose-fructose-smf-42-2","status":"publish","type":"product","link":"https:\/\/www.sunarmisir.com.tr\/fr\/urun\/sirop-de-glucose-fructose-smf-42-2\/","title":{"rendered":"Sirop de Glucose-Fructose SMF 42"},"content":{"rendered":"<p><strong><div class=\"row\"  id=\"row-863264072\"><\/strong><\/p>\n\n\t<div id=\"col-1493155463\" class=\"col medium-1\/2 large-6\"  >\n\t\t\t\t<div class=\"col-inner\"  >\n\t\t\t\n\t\t\t\n<p><strong>Caracteristiques<\/strong><\/p>\n<p>&nbsp;<\/p>\n<ul>\n<li>A une texture claire et incolore<\/li>\n<li>Augmente la luminosit\u00e9 du produit final<\/li>\n<li>Emp\u00eache l&rsquo;activit\u00e9 microbiologique<\/li>\n<li>Prolonge la dur\u00e9e de vie<\/li>\n<li>A un effet non masquant<\/li>\n<li>Am\u00e9liore la sensation en bouche et la douceur, aide \u00e0 atteindre<\/li>\n<\/ul>\n<p>niveaux variables de couleur caram\u00e9lis\u00e9e.<\/p>\n\t\t<\/div>\n\t\t\t\t\t<\/div>\n\n\t\n\n\t<div id=\"col-807653786\" class=\"col medium-1\/2 large-6\"  >\n\t\t\t\t<div class=\"col-inner\"  >\n\t\t\t\n\t\t\t\n<table class=\"table table-striped\" style=\"width: 405px;\">\n<tbody>\n<tr>\n<td style=\"text-align: left; width: 259px;\" align=\"center\" width=\"37%\" height=\"20\"><strong>Les Propri\u00e9t\u00e9s Physiques et Chimiques<\/strong><\/td>\n<td style=\"text-align: right; width: 79px;\" align=\"center\" width=\"22%\" height=\"20\"><strong>Unit<\/strong><\/td>\n<td style=\"text-align: right; width: 67px;\" align=\"center\" width=\"19%\" height=\"20\"><strong>Min<\/strong><\/td>\n<\/tr>\n<tr>\n<td style=\"text-align: left; width: 259px;\" align=\"center\" width=\"37%\" height=\"20\"><strong>Brix ( 20 \u00b0C )<\/strong><\/td>\n<td style=\"text-align: right; width: 79px;\" align=\"center\" width=\"22%\" height=\"20\">69<\/td>\n<td style=\"text-align: right; width: 67px;\" align=\"center\" width=\"19%\" height=\"20\">71<\/td>\n<\/tr>\n<tr>\n<td style=\"text-align: left; width: 259px;\" align=\"center\" width=\"37%\" height=\"20\"><strong>Dextrose<\/strong><\/td>\n<td style=\"text-align: right; width: 79px;\" align=\"center\" width=\"22%\" height=\"20\">48<\/td>\n<td style=\"text-align: right; width: 67px;\" align=\"center\" width=\"19%\" height=\"20\">54<\/td>\n<\/tr>\n<tr>\n<td style=\"text-align: left; width: 259px;\" align=\"center\" width=\"37%\" height=\"20\"><strong>Fructose<\/strong><\/td>\n<td style=\"text-align: right; width: 79px;\" align=\"center\" width=\"22%\" height=\"20\">40<\/td>\n<td style=\"text-align: right; width: 67px;\" align=\"center\" width=\"19%\" height=\"20\">45<\/td>\n<\/tr>\n<\/tbody>\n<\/table>\n\t\t<\/div>\n\t\t\t\t\t<\/div>\n\n\t\n<\/div>&nbsp;<\/p>\n","protected":false},"excerpt":{"rendered":"<p>C&rsquo;est le sirop de glucose-fructose naturel purifi\u00e9 et condens\u00e9 qui est obtenu apr\u00e8s l&rsquo;hydrolyse de l&rsquo;amidon de ma\u00efs. C&rsquo;est clair, incolore et naturel. C&rsquo;est une source de glucides fermentescibles.<\/p>\n<p><strong>Secteur d&rsquo;application <\/strong><\/p>\n<p>Jus de fruits, boissons gazeuses, boissons \u00e9nergisantes, biscuits secs, produits de boulangerie, g\u00e2teaux, caramel, sauce, ketchup et tabac de narguil\u00e9.<\/p>\n","protected":false},"featured_media":1435,"template":"","meta":[],"product_brand":[],"product_cat":[372,374,418,369,373,391,370,394,368,364],"product_tag":[359,360],"class_list":{"0":"post-3965","1":"product","2":"type-product","3":"status-publish","4":"has-post-thumbnail","6":"product_cat-bossions-fr","7":"product_cat-caramel-fr","8":"product_cat-des-produits","9":"product_cat-food-fr","10":"product_cat-gateau","11":"product_cat-ketchup-fr","12":"product_cat-produits-de-boulangerie-et-biscuit","13":"product_cat-sauces-fr","14":"product_cat-secteurs-dutilisation","15":"product_cat-sirop-de-glucose-frucltose","16":"product_tag-blog-fr-6","17":"product_tag-blog-fr-7","19":"first","20":"instock","21":"shipping-taxable","22":"product-type-simple"},"_links":{"self":[{"href":"https:\/\/www.sunarmisir.com.tr\/fr\/wp-json\/wp\/v2\/product\/3965"}],"collection":[{"href":"https:\/\/www.sunarmisir.com.tr\/fr\/wp-json\/wp\/v2\/product"}],"about":[{"href":"https:\/\/www.sunarmisir.com.tr\/fr\/wp-json\/wp\/v2\/types\/product"}],"wp:featuredmedia":[{"embeddable":true,"href":"https:\/\/www.sunarmisir.com.tr\/fr\/wp-json\/wp\/v2\/media\/1435"}],"wp:attachment":[{"href":"https:\/\/www.sunarmisir.com.tr\/fr\/wp-json\/wp\/v2\/media?parent=3965"}],"wp:term":[{"taxonomy":"product_brand","embeddable":true,"href":"https:\/\/www.sunarmisir.com.tr\/fr\/wp-json\/wp\/v2\/product_brand?post=3965"},{"taxonomy":"product_cat","embeddable":true,"href":"https:\/\/www.sunarmisir.com.tr\/fr\/wp-json\/wp\/v2\/product_cat?post=3965"},{"taxonomy":"product_tag","embeddable":true,"href":"https:\/\/www.sunarmisir.com.tr\/fr\/wp-json\/wp\/v2\/product_tag?post=3965"}],"curies":[{"name":"wp","href":"https:\/\/api.w.org\/{rel}","templated":true}]}}