{"id":3961,"date":"2018-05-06T10:37:19","date_gmt":"2019-06-11T08:47:01","guid":{"rendered":"http:\/\/www.sunarmisir.com.tr\/?post_type=product&#038;p=3961"},"modified":"2019-06-29T14:23:39","modified_gmt":"2019-06-29T11:23:39","slug":"slf-20-glucose-fructose-syrup","status":"publish","type":"product","link":"https:\/\/www.sunarmisir.com.tr\/fr\/urun\/slf-20-glucose-fructose-syrup\/","title":{"rendered":"Sirop de Glucose-Fructose SLF 20"},"content":{"rendered":"<div class=\"row\"  id=\"row-240995711\">\n\n\t<div id=\"col-490539206\" class=\"col medium-1\/2 large-6\"  >\n\t\t\t\t<div class=\"col-inner\"  >\n\t\t\t\n\t\t\t\n<p><strong>Les caract\u00e9ristiques<\/strong><\/p>\n<p>&nbsp;<\/p>\n<ul>\n<li>Fournit l&rsquo;\u00e9lasticit\u00e9 dans le delice turc<\/li>\n<li>A une odeur caract\u00e9ristique avec une texture claire et incolore<\/li>\n<li>Fournit la stabilit\u00e9 souhait\u00e9e des produits finis<\/li>\n<li>Fournit une transparence et une luminosit\u00e9 \u00e9lev\u00e9es dans le produit final.<\/li>\n<\/ul>\n\t\t<\/div>\n\t\t\t\t\t<\/div>\n\n\t\n\n\t<div id=\"col-1020669616\" class=\"col medium-1\/2 large-6\"  >\n\t\t\t\t<div class=\"col-inner\"  >\n\t\t\t\n\t\t\t\n<table style=\"border-collapse: collapse; width: 0%;\" border=\"1\">\n<tbody>\n<tr style=\"height: 21px;\">\n<td style=\"width: 54.3872%; height: 21px; text-align: left;\"><strong>\u00a0Les Propri\u00e9t\u00e9s Physiques et Chimiques<\/strong><\/td>\n<td style=\"width: 20.5946%; height: 21px; text-align: right;\"><strong>Min<\/strong><\/td>\n<td style=\"width: 24.9456%; height: 21px; text-align: right;\"><strong>Max<\/strong><\/td>\n<\/tr>\n<tr style=\"height: 21px;\">\n<td style=\"width: 54.3872%; height: 21px; text-align: left;\"><strong>Brix (20 \u00b0C)<\/strong><\/td>\n<td style=\"height: 21px; text-align: right; width: 20.5946%;\">78<\/td>\n<td style=\"height: 21px; text-align: right; width: 24.9456%;\">81<\/td>\n<\/tr>\n<tr style=\"height: 21px;\">\n<td style=\"width: 54.3872%; height: 21px; text-align: left;\"><strong>Dextrose<\/strong><\/td>\n<td style=\"width: 20.5946%; height: 21px; text-align: right;\">23<\/td>\n<td style=\"width: 24.9456%; height: 21px; text-align: right;\">27<\/td>\n<\/tr>\n<tr style=\"height: 21px;\">\n<td style=\"width: 54.3872%; height: 21px; text-align: left;\"><strong>Fructose<\/strong><\/td>\n<td style=\"width: 20.5946%; height: 21px; text-align: right;\">17<\/td>\n<td style=\"width: 24.9456%; height: 21px; text-align: right;\">23<\/td>\n<\/tr>\n<\/tbody>\n<\/table>\n\t\t<\/div>\n\t\t\t\t\t<\/div>\n\n\t\n<\/div>\n","protected":false},"excerpt":{"rendered":"<p>C&rsquo;est le sirop de glucose-fructose naturel purifi\u00e9 et condens\u00e9 qui est obtenu apr\u00e8s l&rsquo;hydrolyse de l&rsquo;amidon de ma\u00efs. Il est clair, incolore et d\u00e9gage une odeur unique.<\/p>\n<p><strong>Secteur d&rsquo;application <\/strong><\/p>\n<p>D\u00e9lice turc, confiserie, confiture et marmelade, garniture de confiture, halvah, fondant, nougat et cr\u00e8me glac\u00e9e.<\/p>\n","protected":false},"featured_media":3998,"template":"","meta":[],"product_brand":[],"product_cat":[389,388,386,418,382,369,390,384,393,368,364],"product_tag":[],"class_list":{"0":"post-3961","1":"product","2":"type-product","3":"status-publish","4":"has-post-thumbnail","6":"product_cat-bourrage","7":"product_cat-confiture-et-marmelade","8":"product_cat-creme-glacee","9":"product_cat-des-produits","10":"product_cat-fondant-fr","11":"product_cat-food-fr","12":"product_cat-gelees","13":"product_cat-halva","14":"product_cat-nougat-fr","15":"product_cat-secteurs-dutilisation","16":"product_cat-sirop-de-glucose-frucltose","18":"first","19":"instock","20":"shipping-taxable","21":"product-type-simple"},"_links":{"self":[{"href":"https:\/\/www.sunarmisir.com.tr\/fr\/wp-json\/wp\/v2\/product\/3961"}],"collection":[{"href":"https:\/\/www.sunarmisir.com.tr\/fr\/wp-json\/wp\/v2\/product"}],"about":[{"href":"https:\/\/www.sunarmisir.com.tr\/fr\/wp-json\/wp\/v2\/types\/product"}],"wp:featuredmedia":[{"embeddable":true,"href":"https:\/\/www.sunarmisir.com.tr\/fr\/wp-json\/wp\/v2\/media\/3998"}],"wp:attachment":[{"href":"https:\/\/www.sunarmisir.com.tr\/fr\/wp-json\/wp\/v2\/media?parent=3961"}],"wp:term":[{"taxonomy":"product_brand","embeddable":true,"href":"https:\/\/www.sunarmisir.com.tr\/fr\/wp-json\/wp\/v2\/product_brand?post=3961"},{"taxonomy":"product_cat","embeddable":true,"href":"https:\/\/www.sunarmisir.com.tr\/fr\/wp-json\/wp\/v2\/product_cat?post=3961"},{"taxonomy":"product_tag","embeddable":true,"href":"https:\/\/www.sunarmisir.com.tr\/fr\/wp-json\/wp\/v2\/product_tag?post=3961"}],"curies":[{"name":"wp","href":"https:\/\/api.w.org\/{rel}","templated":true}]}}