{"id":3956,"date":"2018-05-06T10:42:44","date_gmt":"2019-06-11T08:44:58","guid":{"rendered":"http:\/\/www.sunarmisir.com.tr\/?post_type=product&#038;p=3956"},"modified":"2019-06-24T12:54:28","modified_gmt":"2019-06-24T09:54:28","slug":"sirop-de-glucose-fructose-shf-20","status":"publish","type":"product","link":"https:\/\/www.sunarmisir.com.tr\/fr\/urun\/sirop-de-glucose-fructose-shf-20\/","title":{"rendered":"Sirop de Glucose-Fructose SHF 20"},"content":{"rendered":"<p><strong><div class=\"row\"  id=\"row-1767148948\"><\/strong><\/p>\n\n\t<div id=\"col-169762038\" class=\"col medium-1\/2 large-6\"  >\n\t\t\t\t<div class=\"col-inner\"  >\n\t\t\t\n\t\t\t\n<p><strong>Les caract\u00e9ristiques<\/strong><\/p>\n<p>&nbsp;<\/p>\n<ul>\n<li>A un go\u00fbt caract\u00e9ristique qui augmente l&rsquo;ar\u00f4me du produit final<\/li>\n<li>Clair et incolore<\/li>\n<li>Fournit la stabilit\u00e9 souhait\u00e9e des produits finis<\/li>\n<li>Augmente la luminosit\u00e9 du produit final<\/li>\n<\/ul>\n\t\t<\/div>\n\t\t\t\t\t<\/div>\n\n\t\n\n\t<div id=\"col-1727358893\" class=\"col medium-1\/2 large-6\"  >\n\t\t\t\t<div class=\"col-inner\"  >\n\t\t\t\n\t\t\t\n<table class=\"table table-striped\" style=\"width: 389px;\">\n<tbody>\n<tr>\n<td style=\"text-align: left; width: 246px;\" align=\"center\" width=\"37%\" height=\"20\"><strong>\u00a0Les Propri\u00e9t\u00e9s Physiques et Chimiques<\/strong><\/td>\n<td style=\"text-align: right; width: 61px;\" align=\"center\" width=\"22%\" height=\"20\"><strong>Min<\/strong><\/td>\n<td style=\"text-align: right; width: 82px;\" align=\"center\" width=\"19%\" height=\"20\"><strong>Max<\/strong><\/td>\n<\/tr>\n<tr>\n<td style=\"text-align: left; width: 246px;\" align=\"center\" width=\"37%\" height=\"20\"><strong>Brix (20 \u00b0C)<\/strong><\/td>\n<td style=\"text-align: right; width: 61px;\" align=\"center\" width=\"22%\" height=\"20\">78<\/td>\n<td style=\"text-align: right; width: 82px;\" align=\"center\" width=\"19%\" height=\"20\">81<\/td>\n<\/tr>\n<tr>\n<td style=\"text-align: left; width: 246px;\" align=\"center\" width=\"37%\" height=\"20\"><strong>Dextrose<\/strong><\/td>\n<td style=\"text-align: right; width: 61px;\" align=\"center\" width=\"22%\" height=\"20\">25<\/td>\n<td style=\"text-align: right; width: 82px;\" align=\"center\" width=\"19%\" height=\"20\">30<\/td>\n<\/tr>\n<tr>\n<td style=\"text-align: left; width: 246px;\" align=\"center\" width=\"37%\" height=\"20\"><strong>Fructose<\/strong><\/td>\n<td style=\"text-align: right; width: 61px;\" align=\"center\" width=\"22%\" height=\"20\">17<\/td>\n<td style=\"text-align: right; width: 82px;\" align=\"center\" width=\"19%\" height=\"20\">23<\/td>\n<\/tr>\n<\/tbody>\n<\/table>\n\t\t<\/div>\n\t\t\t\t\t<\/div>\n\n\t\n<\/div>&nbsp;<\/p>\n","protected":false},"excerpt":{"rendered":"<p>C&rsquo;est le sirop de glucose-fructose naturel purifi\u00e9 et condens\u00e9 qui est obtenu apr\u00e8s l&rsquo;hydrolyse de l&rsquo;amidon de ma\u00efs. C&rsquo;est clair et incolore.<\/p>\n<p>Secteur d&rsquo;application<\/p>\n<p>Halva, d\u00e9lice turc, confiserie, confiture et glace<\/p>\n","protected":false},"featured_media":3957,"template":"","meta":[],"product_brand":[],"product_cat":[388,386,418,384,364],"product_tag":[],"class_list":{"0":"post-3956","1":"product","2":"type-product","3":"status-publish","4":"has-post-thumbnail","6":"product_cat-confiture-et-marmelade","7":"product_cat-creme-glacee","8":"product_cat-des-produits","9":"product_cat-halva","10":"product_cat-sirop-de-glucose-frucltose","12":"first","13":"instock","14":"shipping-taxable","15":"product-type-simple"},"_links":{"self":[{"href":"https:\/\/www.sunarmisir.com.tr\/fr\/wp-json\/wp\/v2\/product\/3956"}],"collection":[{"href":"https:\/\/www.sunarmisir.com.tr\/fr\/wp-json\/wp\/v2\/product"}],"about":[{"href":"https:\/\/www.sunarmisir.com.tr\/fr\/wp-json\/wp\/v2\/types\/product"}],"wp:featuredmedia":[{"embeddable":true,"href":"https:\/\/www.sunarmisir.com.tr\/fr\/wp-json\/wp\/v2\/media\/3957"}],"wp:attachment":[{"href":"https:\/\/www.sunarmisir.com.tr\/fr\/wp-json\/wp\/v2\/media?parent=3956"}],"wp:term":[{"taxonomy":"product_brand","embeddable":true,"href":"https:\/\/www.sunarmisir.com.tr\/fr\/wp-json\/wp\/v2\/product_brand?post=3956"},{"taxonomy":"product_cat","embeddable":true,"href":"https:\/\/www.sunarmisir.com.tr\/fr\/wp-json\/wp\/v2\/product_cat?post=3956"},{"taxonomy":"product_tag","embeddable":true,"href":"https:\/\/www.sunarmisir.com.tr\/fr\/wp-json\/wp\/v2\/product_tag?post=3956"}],"curies":[{"name":"wp","href":"https:\/\/api.w.org\/{rel}","templated":true}]}}