{"id":3954,"date":"2019-06-11T11:42:11","date_gmt":"2019-06-11T08:42:11","guid":{"rendered":"http:\/\/www.sunarmisir.com.tr\/?post_type=product&#038;p=3954"},"modified":"2020-06-10T15:31:30","modified_gmt":"2020-06-10T12:31:30","slug":"3954","status":"publish","type":"product","link":"https:\/\/www.sunarmisir.com.tr\/fr\/urun\/3954\/","title":{"rendered":"Sirop de Glucose-Fructose SBF 10"},"content":{"rendered":"<p><strong><div class=\"row\"  id=\"row-491126468\"><\/strong><\/p>\n\n\t<div id=\"col-1675810428\" class=\"col medium-1\/2 large-6\"  >\n\t\t\t\t<div class=\"col-inner\"  >\n\t\t\t\n\t\t\t\n<p><strong>Les caract\u00e9ristiques <\/strong><\/p>\n<ul>\n<li>Fournit la stabilit\u00e9 souhait\u00e9e des produits finis<\/li>\n<li>Emp\u00eache la cristallisation du sucre dans le baklava<\/li>\n<li>Augmente la luminosit\u00e9 du produit final<\/li>\n<li>Prolonge la dur\u00e9e de vie<\/li>\n<li>Fournit une application facile<\/li>\n<li>Fournit une texture croustillante et croquante<\/li>\n<\/ul>\n\t\t<\/div>\n\t\t\t\t\t<\/div>\n\n\t\n\n\t<div id=\"col-677208372\" class=\"col medium-1\/2 large-6\"  >\n\t\t\t\t<div class=\"col-inner\"  >\n\t\t\t\n\t\t\t\n<table class=\"table table-striped\" style=\"width: 74.7879%;height: 84px\">\n<tbody>\n<tr style=\"height: 21px\">\n<td style=\"text-align: left;width: 40.6203%;height: 21px\" align=\"center\" width=\"37%\" height=\"20\"><strong>Les Propri\u00e9t\u00e9s Physiques et Chimiques<\/strong><\/td>\n<td style=\"text-align: right;width: 9.67983%;height: 21px\" align=\"center\" width=\"22%\" height=\"20\"><strong>Min<\/strong><\/td>\n<td style=\"text-align: right;width: 7.39973%;height: 21px\" align=\"center\" width=\"19%\" height=\"20\"><strong>Max<\/strong><\/td>\n<\/tr>\n<tr style=\"height: 21px\">\n<td style=\"text-align: left;width: 40.6203%;height: 21px\" align=\"center\" width=\"37%\" height=\"20\"><strong>Brix ( 20 \u00b0C )<\/strong><\/td>\n<td style=\"text-align: right;width: 9.67983%;height: 21px\" align=\"center\" width=\"22%\" height=\"20\">78<\/td>\n<td style=\"text-align: right;width: 7.39973%;height: 21px\" align=\"center\" width=\"19%\" height=\"20\">80<\/td>\n<\/tr>\n<tr style=\"height: 21px\">\n<td style=\"text-align: left;width: 40.6203%;height: 21px\" align=\"center\" width=\"37%\" height=\"20\"><strong>Dextrose<\/strong><\/td>\n<td style=\"text-align: right;width: 9.67983%;height: 21px\" align=\"center\" width=\"22%\" height=\"20\">34<\/td>\n<td style=\"text-align: right;width: 7.39973%;height: 21px\" align=\"center\" width=\"19%\" height=\"20\">38<\/td>\n<\/tr>\n<tr style=\"height: 21px\">\n<td style=\"text-align: left;width: 40.6203%;height: 21px\" align=\"center\" width=\"37%\" height=\"20\"><strong>Fructose<\/strong><\/td>\n<td style=\"text-align: right;width: 9.67983%;height: 21px\" align=\"center\" width=\"22%\" height=\"20\">8<\/td>\n<td style=\"text-align: right;width: 7.39973%;height: 21px\" align=\"center\" width=\"19%\" height=\"20\">13<\/td>\n<\/tr>\n<\/tbody>\n<\/table>\n\t\t<\/div>\n\t\t\t\t\t<\/div>\n\n\t\n<\/div>&nbsp;<\/p>\n","protected":false},"excerpt":{"rendered":"<p>Il s&rsquo;agit d&rsquo;un shorbet de ma\u00efs naturel produit par sunar M\u0131s\u0131r et contenant du fructose purifi\u00e9 et condens\u00e9 obtenu par l&rsquo;hydrolyse de l&rsquo;amidon de ma\u00efs.<\/p>\n<p><strong>Secteur d&rsquo;application<br \/>\n<\/strong><\/p>\n<p>Desserts \u00e0 base de p\u00e2te avec le shorbet nomm\u00e9 baklava.<\/p>\n","protected":false},"featured_media":3955,"template":"","meta":[],"product_brand":[],"product_cat":[371,418,369,368,364],"product_tag":[],"class_list":{"0":"post-3954","1":"product","2":"type-product","3":"status-publish","4":"has-post-thumbnail","6":"product_cat-baklava-sherbet-et-dessert-a-la-pate","7":"product_cat-des-produits","8":"product_cat-food-fr","9":"product_cat-secteurs-dutilisation","10":"product_cat-sirop-de-glucose-frucltose","12":"first","13":"instock","14":"shipping-taxable","15":"product-type-simple"},"_links":{"self":[{"href":"https:\/\/www.sunarmisir.com.tr\/fr\/wp-json\/wp\/v2\/product\/3954"}],"collection":[{"href":"https:\/\/www.sunarmisir.com.tr\/fr\/wp-json\/wp\/v2\/product"}],"about":[{"href":"https:\/\/www.sunarmisir.com.tr\/fr\/wp-json\/wp\/v2\/types\/product"}],"wp:featuredmedia":[{"embeddable":true,"href":"https:\/\/www.sunarmisir.com.tr\/fr\/wp-json\/wp\/v2\/media\/3955"}],"wp:attachment":[{"href":"https:\/\/www.sunarmisir.com.tr\/fr\/wp-json\/wp\/v2\/media?parent=3954"}],"wp:term":[{"taxonomy":"product_brand","embeddable":true,"href":"https:\/\/www.sunarmisir.com.tr\/fr\/wp-json\/wp\/v2\/product_brand?post=3954"},{"taxonomy":"product_cat","embeddable":true,"href":"https:\/\/www.sunarmisir.com.tr\/fr\/wp-json\/wp\/v2\/product_cat?post=3954"},{"taxonomy":"product_tag","embeddable":true,"href":"https:\/\/www.sunarmisir.com.tr\/fr\/wp-json\/wp\/v2\/product_tag?post=3954"}],"curies":[{"name":"wp","href":"https:\/\/api.w.org\/{rel}","templated":true}]}}