{"id":3938,"date":"2014-08-10T23:50:55","date_gmt":"2019-06-11T08:36:15","guid":{"rendered":"http:\/\/www.sunarmisir.com.tr\/?post_type=product&#038;p=3938"},"modified":"2019-06-24T12:42:47","modified_gmt":"2019-06-24T09:42:47","slug":"dextrine","status":"publish","type":"product","link":"https:\/\/www.sunarmisir.com.tr\/fr\/urun\/dextrine\/","title":{"rendered":"Dextrine"},"content":{"rendered":"<div class=\"row\"  id=\"row-548114692\">\n\n\t<div id=\"col-179874605\" class=\"col medium-1\/2 large-6\"  >\n\t\t\t\t<div class=\"col-inner\"  >\n\t\t\t\n\t\t\t\n<p><strong>Les caract\u00e9ristiques <\/strong><\/p>\n<ul>\n<li>A une haute qualit\u00e9 de coh\u00e9sion<\/li>\n<li>Facilit\u00e9 d&rsquo;utilisation \u00e0 des concentrations \u00e9lev\u00e9es en raison de la capacit\u00e9 du processus.<\/li>\n<\/ul>\n\t\t<\/div>\n\t\t\t\t\t<\/div>\n\n\t\n\n\t<div id=\"col-31023902\" class=\"col medium-1\/2 large-6\"  >\n\t\t\t\t<div class=\"col-inner\"  >\n\t\t\t\n\t\t\t\n<table class=\"table table-striped\" style=\"height: 189px; width: 390px;\">\n<tbody>\n<tr style=\"height: 42px;\">\n<td style=\"text-align: left; height: 42px; width: 254px;\" align=\"center\" width=\"60%\" height=\"20\"><strong>Les Propri\u00e9t\u00e9s Physiques et Chimiques<\/strong><\/td>\n<td style=\"text-align: right; height: 42px; width: 74px;\" align=\"center\" width=\"20%\" height=\"20\"><strong>Min<\/strong><\/td>\n<td style=\"text-align: right; height: 42px; width: 62px;\" align=\"center\" width=\"20%\" height=\"20\"><strong>Max<\/strong><\/td>\n<\/tr>\n<tr style=\"height: 21px;\">\n<td style=\"text-align: left; height: 21px; width: 254px;\" align=\"center\" height=\"20\"><strong>Humidit\u00e9<\/strong><\/td>\n<td style=\"text-align: right; height: 21px; width: 74px;\" align=\"center\" height=\"20\">&#8211;<\/td>\n<td style=\"text-align: right; height: 21px; width: 62px;\" align=\"center\" height=\"20\">7<\/td>\n<\/tr>\n<tr style=\"height: 21px;\">\n<td style=\"text-align: left; height: 21px; width: 254px;\" align=\"center\" height=\"20\"><strong>pH<\/strong><\/td>\n<td style=\"text-align: right; height: 21px; width: 74px;\" align=\"center\" height=\"20\">&#8211;<\/td>\n<td style=\"text-align: right; height: 21px; width: 62px;\" align=\"center\" height=\"20\">4<\/td>\n<\/tr>\n<tr style=\"height: 21px;\">\n<td style=\"text-align: left; height: 21px; width: 254px;\" align=\"center\" height=\"20\"><strong>Solubilit\u00e9(%) for M-70<\/strong><\/td>\n<td style=\"text-align: right; height: 21px; width: 74px;\" align=\"center\" height=\"20\">65<\/td>\n<td style=\"text-align: right; height: 21px; width: 62px;\" align=\"center\" height=\"20\">75<\/td>\n<\/tr>\n<tr style=\"height: 21px;\">\n<td style=\"text-align: left; height: 21px; width: 254px;\" align=\"center\" height=\"20\"><strong>Solubilit\u00e9(%) for M-90<\/strong><\/td>\n<td style=\"text-align: right; height: 21px; width: 74px;\" align=\"center\" height=\"20\">90<\/td>\n<td style=\"text-align: right; height: 21px; width: 62px;\" align=\"center\" height=\"20\">100<\/td>\n<\/tr>\n<tr style=\"height: 21px;\">\n<td style=\"text-align: left; height: 21px; width: 254px;\" align=\"center\" height=\"20\"><strong>Solubilit\u00e9(%) for GM-90<\/strong><\/td>\n<td style=\"text-align: right; height: 21px; width: 74px;\" align=\"center\" height=\"20\">80<\/td>\n<td style=\"text-align: right; height: 21px; width: 62px;\" align=\"center\" height=\"20\">100<\/td>\n<\/tr>\n<tr style=\"height: 21px;\">\n<td style=\"text-align: left; height: 21px; width: 254px;\" align=\"center\" height=\"20\"><strong>Solubilit\u00e9(%) for S-2<\/strong><\/td>\n<td style=\"text-align: right; height: 21px; width: 74px;\" align=\"center\" height=\"20\">95<\/td>\n<td style=\"text-align: right; height: 21px; width: 62px;\" align=\"center\" height=\"20\">100<\/td>\n<\/tr>\n<tr style=\"height: 21px;\">\n<td style=\"text-align: left; height: 21px; width: 254px;\" align=\"center\" height=\"20\"><strong>Solubilit\u00e9(%) for D-1<\/strong><\/td>\n<td style=\"text-align: right; height: 21px; width: 74px;\" align=\"center\" height=\"20\">90<\/td>\n<td style=\"text-align: right; height: 21px; width: 62px;\" align=\"center\" height=\"20\">100<\/td>\n<\/tr>\n<\/tbody>\n<\/table>\n\t\t<\/div>\n\t\t\t\t\t<\/div>\n\n\t\n<\/div>\n","protected":false},"excerpt":{"rendered":"<p>C&rsquo;est un d\u00e9riv\u00e9 d&rsquo;amidon obtenu en traitant l&rsquo;amidon \u00e0 haute temp\u00e9rature.<\/p>\n<p>Types de dextrine: Sunar M-70, Sunar M-90, Sunar GM-90, Sunar D-1, Sunar S-2<\/p>\n<p><strong>Secteur d&rsquo;application<\/strong><\/p>\n<p>Les domaines d\u2019utilisation de Dextrin sont le charbon, le gypse, textile, support, enroulement de tube, stratification, bois granul\u00e9s, granul\u00e9s de charbon de bois, collage de fond de sacs en papier, collage lat\u00e9ral de carton ondul\u00e9, collage agent dans la pr\u00e9paration de moulage en sable et production d&rsquo;enveloppes.<\/p>\n","protected":false},"featured_media":7674,"template":"","meta":[],"product_brand":[],"product_cat":[414,408,415,418,404,407,411,405,416,368,417,345],"product_tag":[356,358],"class_list":{"0":"post-3938","1":"product","2":"type-product","3":"status-publish","4":"has-post-thumbnail","6":"product_cat-cloison-seche","7":"product_cat-collage-de-sacs-en-papier","8":"product_cat-colle","9":"product_cat-des-produits","10":"product_cat-enroulement-de-tube","11":"product_cat-enveloppe","12":"product_cat-granules-de-charbon-et-granules-de-bois","13":"product_cat-laminage","14":"product_cat-moulage-de-sable","15":"product_cat-secteurs-dutilisation","16":"product_cat-support","17":"product_cat-amidon-et-derives","18":"product_tag-blog-fr-3","19":"product_tag-blog-fr-5","21":"first","22":"instock","23":"shipping-taxable","24":"product-type-simple"},"_links":{"self":[{"href":"https:\/\/www.sunarmisir.com.tr\/fr\/wp-json\/wp\/v2\/product\/3938"}],"collection":[{"href":"https:\/\/www.sunarmisir.com.tr\/fr\/wp-json\/wp\/v2\/product"}],"about":[{"href":"https:\/\/www.sunarmisir.com.tr\/fr\/wp-json\/wp\/v2\/types\/product"}],"wp:featuredmedia":[{"embeddable":true,"href":"https:\/\/www.sunarmisir.com.tr\/fr\/wp-json\/wp\/v2\/media\/7674"}],"wp:attachment":[{"href":"https:\/\/www.sunarmisir.com.tr\/fr\/wp-json\/wp\/v2\/media?parent=3938"}],"wp:term":[{"taxonomy":"product_brand","embeddable":true,"href":"https:\/\/www.sunarmisir.com.tr\/fr\/wp-json\/wp\/v2\/product_brand?post=3938"},{"taxonomy":"product_cat","embeddable":true,"href":"https:\/\/www.sunarmisir.com.tr\/fr\/wp-json\/wp\/v2\/product_cat?post=3938"},{"taxonomy":"product_tag","embeddable":true,"href":"https:\/\/www.sunarmisir.com.tr\/fr\/wp-json\/wp\/v2\/product_tag?post=3938"}],"curies":[{"name":"wp","href":"https:\/\/api.w.org\/{rel}","templated":true}]}}