{"id":3933,"date":"2014-08-12T23:35:12","date_gmt":"2019-06-11T08:29:59","guid":{"rendered":"http:\/\/www.sunarmisir.com.tr\/?post_type=product&#038;p=3933"},"modified":"2019-06-24T12:41:19","modified_gmt":"2019-06-24T09:41:19","slug":"amidon-cationique-smc-3000-2","status":"publish","type":"product","link":"https:\/\/www.sunarmisir.com.tr\/fr\/urun\/amidon-cationique-smc-3000-2\/","title":{"rendered":"Amidon cationique SMC 3000"},"content":{"rendered":"<div class=\"row\"  id=\"row-1663635007\">\n\n\t<div id=\"col-192404469\" class=\"col medium-1\/2 large-6\"  >\n\t\t\t\t<div class=\"col-inner\"  >\n\t\t\t\n\t\t\t\n<p><strong>Les caract\u00e9ristiques <\/strong><\/p>\n<p>&nbsp;<\/p>\n<ul>\n<li>Assure la formation d\u2019un lien fort en posant des ponts entre les cordes de cellulose en raison de la charge cationique.<\/li>\n<li>Augmente la r\u00e9sistance et la durabilit\u00e9 du papier<\/li>\n<li>Fournit un s\u00e9chage rapide et une performance de remplissage \u00e9lev\u00e9e lors de l&rsquo;application<\/li>\n<li>Compatible avec les r\u00e9sines synth\u00e9tiques et autres suppl\u00e9ments chimiques largement utilis\u00e9 dans les industries du papier<\/li>\n<li>R\u00e9pond aux demandes sp\u00e9ciales des clients en modifiant les charges cationiques<\/li>\n<\/ul>\n\t\t<\/div>\n\t\t\t\t\t<\/div>\n\n\t\n\n\t<div id=\"col-606320698\" class=\"col medium-1\/2 large-6\"  >\n\t\t\t\t<div class=\"col-inner\"  >\n\t\t\t\n\t\t\t\n<table style=\"border-collapse: collapse; width: 102.835%; height: 147px;\" border=\"1\">\n<tbody>\n<tr style=\"height: 21px;\">\n<td style=\"width: 47.4439%; height: 21px; text-align: left;\"><strong>Les Propri\u00e9t\u00e9s Physiques et Chimiques<\/strong><\/td>\n<td style=\"width: 13.2793%; height: 21px; text-align: right;\"><strong>Min<\/strong><\/td>\n<td style=\"width: 14.2768%; height: 21px; text-align: right;\"><strong>Max<\/strong><\/td>\n<\/tr>\n<tr style=\"height: 21px;\">\n<td style=\"width: 47.4439%; height: 21px; text-align: left;\"><strong>Humidit\u00e9<\/strong><\/td>\n<td style=\"width: 13.2793%; height: 21px; text-align: right;\">&#8211;<\/td>\n<td style=\"width: 14.2768%; height: 21px; text-align: right;\">13<\/td>\n<\/tr>\n<tr style=\"height: 21px;\">\n<td style=\"width: 47.4439%; height: 21px; text-align: left;\"><strong>pH<\/strong><\/td>\n<td style=\"width: 13.2793%; height: 21px; text-align: right;\">5<\/td>\n<td style=\"width: 14.2768%; height: 21px; text-align: right;\">7,5<\/td>\n<\/tr>\n<tr style=\"height: 21px;\">\n<td style=\"width: 47.4439%; height: 21px; text-align: left;\"><strong>DS for SMC 3000 S<\/strong><\/td>\n<td style=\"width: 13.2793%; height: 21px; text-align: right;\">0,041<\/td>\n<td style=\"width: 14.2768%; height: 21px; text-align: right;\">0,047<\/td>\n<\/tr>\n<tr style=\"height: 21px;\">\n<td style=\"width: 47.4439%; height: 21px; text-align: left;\"><strong>DS for SMC 3000 H<\/strong><\/td>\n<td style=\"width: 13.2793%; height: 21px; text-align: right;\">0,048<\/td>\n<td style=\"width: 14.2768%; height: 21px; text-align: right;\">0,059<\/td>\n<\/tr>\n<tr style=\"height: 42px;\">\n<td style=\"width: 47.4439%; text-align: left; height: 42px;\"><strong>DS for SMC 3000 HH<\/strong><\/td>\n<td style=\"width: 13.2793%; text-align: right; height: 42px;\">0,060<\/td>\n<td style=\"width: 14.2768%; text-align: right; height: 42px;\">0,068<\/td>\n<\/tr>\n<\/tbody>\n<\/table>\n\t\t<\/div>\n\t\t\t\t\t<\/div>\n\n\t\n<\/div>\n","protected":false},"excerpt":{"rendered":"<p>Il s&rsquo;agit d&rsquo;amidon modifi\u00e9 obtenu apr\u00e8s la r\u00e9action de l&rsquo;amidon avec l&rsquo;agent chimique cationique. Gr\u00e2ce \u00e0 sa charge cationique, il cr\u00e9e des ponts entre les fibres de cellulose et contribue \u00e0 la formation d&rsquo;une forte liaison.<\/p>\n<p><strong>Secteur d&rsquo;application <\/strong><\/p>\n<p>Indistrie de Papier<\/p>\n","protected":false},"featured_media":3935,"template":"","meta":[],"product_brand":[],"product_cat":[418,368,345],"product_tag":[354],"class_list":{"0":"post-3933","1":"product","2":"type-product","3":"status-publish","4":"has-post-thumbnail","6":"product_cat-des-produits","7":"product_cat-secteurs-dutilisation","8":"product_cat-amidon-et-derives","9":"product_tag-blog-fr","11":"first","12":"instock","13":"shipping-taxable","14":"product-type-simple"},"_links":{"self":[{"href":"https:\/\/www.sunarmisir.com.tr\/fr\/wp-json\/wp\/v2\/product\/3933"}],"collection":[{"href":"https:\/\/www.sunarmisir.com.tr\/fr\/wp-json\/wp\/v2\/product"}],"about":[{"href":"https:\/\/www.sunarmisir.com.tr\/fr\/wp-json\/wp\/v2\/types\/product"}],"wp:featuredmedia":[{"embeddable":true,"href":"https:\/\/www.sunarmisir.com.tr\/fr\/wp-json\/wp\/v2\/media\/3935"}],"wp:attachment":[{"href":"https:\/\/www.sunarmisir.com.tr\/fr\/wp-json\/wp\/v2\/media?parent=3933"}],"wp:term":[{"taxonomy":"product_brand","embeddable":true,"href":"https:\/\/www.sunarmisir.com.tr\/fr\/wp-json\/wp\/v2\/product_brand?post=3933"},{"taxonomy":"product_cat","embeddable":true,"href":"https:\/\/www.sunarmisir.com.tr\/fr\/wp-json\/wp\/v2\/product_cat?post=3933"},{"taxonomy":"product_tag","embeddable":true,"href":"https:\/\/www.sunarmisir.com.tr\/fr\/wp-json\/wp\/v2\/product_tag?post=3933"}],"curies":[{"name":"wp","href":"https:\/\/api.w.org\/{rel}","templated":true}]}}