{"id":3922,"date":"2014-08-13T00:04:57","date_gmt":"2019-06-11T08:27:26","guid":{"rendered":"http:\/\/www.sunarmisir.com.tr\/?post_type=product&#038;p=3922"},"modified":"2019-06-24T12:41:43","modified_gmt":"2019-06-24T09:41:43","slug":"amidon-oxyde-smo-2","status":"publish","type":"product","link":"https:\/\/www.sunarmisir.com.tr\/fr\/urun\/amidon-oxyde-smo-2\/","title":{"rendered":"Amidon oxyd\u00e9 SMO"},"content":{"rendered":"<div class=\"row\"  id=\"row-2103438852\">\n\n\t<div id=\"col-1780800267\" class=\"col medium-1\/2 large-6\"  >\n\t\t\t\t<div class=\"col-inner\"  >\n\t\t\t\n\t\t\t\n<p><strong>Les caract\u00e9ristiques <\/strong><\/p>\n<p>&nbsp;<\/p>\n<ul>\n<li>Dans les applications de presse \u00e9crite, il assure une liaison parfaite entre la peinture et la surface<\/li>\n<li>Am\u00e9liore les performances des tests de qualit\u00e9 du papier. Augmente la traction r\u00e9sistance du papier (r\u00e9sistance \u00e0 l&rsquo;\u00e9clatement, essais de d\u00e9chirure et de torsion).<\/li>\n<li>Pour l&rsquo;industrie textile, l&rsquo;amidon oxyd\u00e9 sunar p\u00e9n\u00e8tre entre fibres et augmente l&rsquo;\u00e9lasticit\u00e9. En raison de la force accrue, le.<\/li>\n<li>les fibres ont tendance \u00e0 se s\u00e9parer. Ainsi la vitesse de tissage peut \u00eatre augment\u00e9 Contrairement \u00e0 l&rsquo;amidon normal, l&rsquo;amidon oxyd\u00e9 forme un film \u00e0 la surface des fibres.<\/li>\n<li>En raison de cette couche de film, l&rsquo;amidon oxyd\u00e9 fournit un minimum de poussi\u00e8re<\/li>\n<li>Prolonge la vie de la machine de production<\/li>\n<\/ul>\n\t\t<\/div>\n\t\t\t\t\t<\/div>\n\n\t\n\n\t<div id=\"col-1789881888\" class=\"col medium-1\/2 large-6\"  >\n\t\t\t\t<div class=\"col-inner\"  >\n\t\t\t\n\t\t\t\n<table style=\"border-collapse: collapse; width: 104.733%; height: 143px;\" border=\"1\">\n<tbody>\n<tr style=\"height: 21px;\">\n<td style=\"width: 41.3242%; height: 21px; text-align: left;\"><strong>\u00a0Les Propri\u00e9t\u00e9s Physiques et Chimiques<\/strong><\/td>\n<td style=\"width: 13.8841%; height: 21px; text-align: right;\"><strong>Min<\/strong><\/td>\n<td style=\"width: 19.7917%; height: 21px; text-align: right;\"><strong>Max<\/strong><\/td>\n<\/tr>\n<tr style=\"height: 21px;\">\n<td style=\"width: 41.3242%; height: 21px; text-align: left;\"><strong>Humidit\u00e9<\/strong><\/td>\n<td style=\"width: 13.8841%; height: 21px; text-align: right;\">&#8211;<\/td>\n<td style=\"width: 19.7917%; height: 21px; text-align: right;\">13<\/td>\n<\/tr>\n<tr style=\"height: 21px;\">\n<td style=\"width: 41.3242%; height: 21px; text-align: left;\"><strong>pH<\/strong><\/td>\n<td style=\"width: 13.8841%; height: 21px; text-align: right;\">5<\/td>\n<td style=\"width: 19.7917%; height: 21px; text-align: right;\">7<\/td>\n<\/tr>\n<tr style=\"height: 21px;\">\n<td style=\"width: 41.3242%; height: 21px; text-align: left;\"><strong>Viscosit\u00e9 (cp)\u00a0SMO C20<\/strong><\/td>\n<td style=\"width: 13.8841%; height: 21px; text-align: right;\">20<\/td>\n<td style=\"width: 19.7917%; height: 21px; text-align: right;\">49<\/td>\n<\/tr>\n<tr style=\"height: 21px;\">\n<td style=\"width: 41.3242%; height: 21px; text-align: left;\"><strong>Viscosit\u00e9 (cp) SMO C50<\/strong><\/td>\n<td style=\"width: 13.8841%; height: 21px; text-align: right;\">50<\/td>\n<td style=\"width: 19.7917%; height: 21px; text-align: right;\">79<\/td>\n<\/tr>\n<tr style=\"height: 21px;\">\n<td style=\"width: 41.3242%; text-align: left; height: 21px;\"><strong>Viscosit\u00e9 (cp)\u00a0SMO C80<\/strong><\/td>\n<td style=\"width: 13.8841%; text-align: right; height: 21px;\">80<\/td>\n<td style=\"width: 19.7917%; text-align: right; height: 21px;\">110<\/td>\n<\/tr>\n<\/tbody>\n<\/table>\n\t\t<\/div>\n\t\t\t\t\t<\/div>\n\n\t\n<\/div>\n","protected":false},"excerpt":{"rendered":"<p>Il est obtenu par la r\u00e9action de l&rsquo;amidon avec un agent chimique oxydant.<\/p>\n<p><strong>Secteur d\u2019application<\/strong><\/p>\n<p>L&rsquo;amidon oxyd\u00e9 SMO est utilis\u00e9 dans l&rsquo;industrie du papier, du textile et de la colle.<\/p>\n","protected":false},"featured_media":3911,"template":"","meta":[],"product_brand":[],"product_cat":[415,418,406,368,345],"product_tag":[354,357,363],"class_list":{"0":"post-3922","1":"product","2":"type-product","3":"status-publish","4":"has-post-thumbnail","6":"product_cat-colle","7":"product_cat-des-produits","8":"product_cat-dimensionnement-de-la-surface","9":"product_cat-secteurs-dutilisation","10":"product_cat-amidon-et-derives","11":"product_tag-blog-fr","12":"product_tag-blog-fr-4","13":"product_tag-blog-fr-10","15":"first","16":"instock","17":"shipping-taxable","18":"product-type-simple"},"_links":{"self":[{"href":"https:\/\/www.sunarmisir.com.tr\/fr\/wp-json\/wp\/v2\/product\/3922"}],"collection":[{"href":"https:\/\/www.sunarmisir.com.tr\/fr\/wp-json\/wp\/v2\/product"}],"about":[{"href":"https:\/\/www.sunarmisir.com.tr\/fr\/wp-json\/wp\/v2\/types\/product"}],"wp:featuredmedia":[{"embeddable":true,"href":"https:\/\/www.sunarmisir.com.tr\/fr\/wp-json\/wp\/v2\/media\/3911"}],"wp:attachment":[{"href":"https:\/\/www.sunarmisir.com.tr\/fr\/wp-json\/wp\/v2\/media?parent=3922"}],"wp:term":[{"taxonomy":"product_brand","embeddable":true,"href":"https:\/\/www.sunarmisir.com.tr\/fr\/wp-json\/wp\/v2\/product_brand?post=3922"},{"taxonomy":"product_cat","embeddable":true,"href":"https:\/\/www.sunarmisir.com.tr\/fr\/wp-json\/wp\/v2\/product_cat?post=3922"},{"taxonomy":"product_tag","embeddable":true,"href":"https:\/\/www.sunarmisir.com.tr\/fr\/wp-json\/wp\/v2\/product_tag?post=3922"}],"curies":[{"name":"wp","href":"https:\/\/api.w.org\/{rel}","templated":true}]}}