{"id":3892,"date":"2014-08-14T10:06:55","date_gmt":"2019-06-11T08:01:07","guid":{"rendered":"http:\/\/www.sunarmisir.com.tr\/?post_type=product&#038;p=3892"},"modified":"2019-07-06T14:07:37","modified_gmt":"2019-07-06T11:07:37","slug":"amidon-natif-de-mais","status":"publish","type":"product","link":"https:\/\/www.sunarmisir.com.tr\/fr\/urun\/amidon-natif-de-mais\/","title":{"rendered":"Amidon Natif de Ma\u00efs"},"content":{"rendered":"<div class=\"row\"  id=\"row-1513736618\">\n\n\t<div id=\"col-797181617\" class=\"col medium-1\/2 large-6\"  >\n\t\t\t\t<div class=\"col-inner\"  >\n\t\t\t\n\t\t\t\n<p><strong>Les caract\u00e9ristiques <\/strong><\/p>\n<ul>\n<li>Amidon de ma\u00efs blanc indig\u00e8ne et sans odeur<\/li>\n<li>Permet de rouler facilement la p\u00e2te et la p\u00e2te \u00e0 baklava et emp\u00eache la rupture de la p\u00e2te<\/li>\n<li>Augmente la luminosit\u00e9 des produits finis<\/li>\n<li>Emp\u00eache la fissuration \u00e0 la surface du pudding<\/li>\n<li>A une haute performance \u00e0 diff\u00e9rentes temp\u00e9ratures<\/li>\n<\/ul>\n\t\t<\/div>\n\t\t\t\t\t<\/div>\n\n\t\n\n\t<div id=\"col-1197925308\" class=\"col medium-1\/2 large-6\"  >\n\t\t\t\t<div class=\"col-inner\"  >\n\t\t\t\n\t\t\t\n<table class=\"table table-striped\" border=\"0\" cellspacing=\"0\" cellpadding=\"5\">\n<tbody>\n<tr>\n<td style=\"text-align: left;\" align=\"center\" width=\"37%\" height=\"20\"><strong>Les Propri\u00e9t\u00e9s Physiques et Chimiques<\/strong><\/td>\n<td style=\"text-align: right;\" align=\"center\" width=\"19%\" height=\"20\"><strong>Min<\/strong><\/td>\n<td style=\"text-align: right;\" align=\"center\" width=\"21%\" height=\"20\"><strong>Max<\/strong><\/td>\n<\/tr>\n<tr>\n<td style=\"text-align: left;\" align=\"center\" width=\"37%\" height=\"20\"><strong>Humidit\u00e9<\/strong><\/td>\n<td style=\"text-align: right;\" align=\"center\" width=\"19%\" height=\"20\">&#8211;<\/td>\n<td style=\"text-align: right;\" align=\"center\" width=\"21%\" height=\"20\">13<\/td>\n<\/tr>\n<tr>\n<td style=\"text-align: left;\" align=\"center\" width=\"37%\" height=\"20\"><strong>pH<\/strong><\/td>\n<td style=\"text-align: right;\" align=\"center\" width=\"19%\" height=\"20\">5<\/td>\n<td style=\"text-align: right;\" align=\"center\" width=\"21%\" height=\"20\">7<\/td>\n<\/tr>\n<\/tbody>\n<\/table>\n\t\t<\/div>\n\t\t\t\t\t<\/div>\n\n\t\n<\/div>\n","protected":false},"excerpt":{"rendered":"<p>C&rsquo;est un amidon de ma\u00efs naturel sans go\u00fbt, neutre et en couleur blanche.<\/p>\n<p><strong>Secteur d&rsquo;application <\/strong><\/p>\n<p>L&rsquo;amidon de ma\u00efs est utilis\u00e9 pour la fabrication instantan\u00e9e<\/p>\n<p>soupes, puddings, dessert laitier, d\u00e9lice turc, baklava,<\/p>\n<p>produits de boulangerie, biscuiterie, dessert \u00e0 base de p\u00e2te,<\/p>\n<p>sauce, cr\u00e8me p\u00e2tissi\u00e8re et produits \u00e0 base de viande.<\/p>\n","protected":false},"featured_media":3910,"template":"","meta":[],"product_brand":[],"product_cat":[371,380,396,418,376,369,370,394,368,387,345],"product_tag":[353,354,355,356,357,359,360,361,362],"class_list":{"0":"post-3892","1":"product","2":"type-product","3":"status-publish","4":"has-post-thumbnail","6":"product_cat-baklava-sherbet-et-dessert-a-la-pate","7":"product_cat-custard-poudre-et-remplissage-de-creme","8":"product_cat-delice-turc","9":"product_cat-des-produits","10":"product_cat-dessert-latitier","11":"product_cat-food-fr","12":"product_cat-produits-de-boulangerie-et-biscuit","13":"product_cat-sauces-fr","14":"product_cat-secteurs-dutilisation","15":"product_cat-souge-instantanee-et-pudding","16":"product_cat-amidon-et-derives","17":"product_tag-blog","18":"product_tag-blog-fr","19":"product_tag-blog-fr-2","20":"product_tag-blog-fr-3","21":"product_tag-blog-fr-4","22":"product_tag-blog-fr-6","23":"product_tag-blog-fr-7","24":"product_tag-blog-fr-8","25":"product_tag-blog-fr-9","27":"first","28":"instock","29":"shipping-taxable","30":"product-type-simple"},"_links":{"self":[{"href":"https:\/\/www.sunarmisir.com.tr\/fr\/wp-json\/wp\/v2\/product\/3892"}],"collection":[{"href":"https:\/\/www.sunarmisir.com.tr\/fr\/wp-json\/wp\/v2\/product"}],"about":[{"href":"https:\/\/www.sunarmisir.com.tr\/fr\/wp-json\/wp\/v2\/types\/product"}],"wp:featuredmedia":[{"embeddable":true,"href":"https:\/\/www.sunarmisir.com.tr\/fr\/wp-json\/wp\/v2\/media\/3910"}],"wp:attachment":[{"href":"https:\/\/www.sunarmisir.com.tr\/fr\/wp-json\/wp\/v2\/media?parent=3892"}],"wp:term":[{"taxonomy":"product_brand","embeddable":true,"href":"https:\/\/www.sunarmisir.com.tr\/fr\/wp-json\/wp\/v2\/product_brand?post=3892"},{"taxonomy":"product_cat","embeddable":true,"href":"https:\/\/www.sunarmisir.com.tr\/fr\/wp-json\/wp\/v2\/product_cat?post=3892"},{"taxonomy":"product_tag","embeddable":true,"href":"https:\/\/www.sunarmisir.com.tr\/fr\/wp-json\/wp\/v2\/product_tag?post=3892"}],"curies":[{"name":"wp","href":"https:\/\/api.w.org\/{rel}","templated":true}]}}