{"id":4143,"date":"2019-06-12T14:25:17","date_gmt":"2019-06-12T11:25:17","guid":{"rendered":"http:\/\/www.sunarmisir.com.tr\/?page_id=4143"},"modified":"2023-10-24T10:20:35","modified_gmt":"2023-10-24T07:20:35","slug":"politique-de-rh","status":"publish","type":"page","link":"https:\/\/www.sunarmisir.com.tr\/fr\/politique-de-rh\/","title":{"rendered":"Politique de RH"},"content":{"rendered":"\n  <div class=\"banner has-hover has-parallax\" id=\"banner-1919488295\">\n          <div class=\"banner-inner fill\">\n        <div class=\"banner-bg fill\" data-parallax=\"-5\" data-parallax-container=\".banner\" data-parallax-background>\n            <div class=\"bg fill bg-fill bg-loaded\"><\/div>\n                                    \n                    <\/div>\n\t\t\n        <div class=\"banner-layers container\">\n            <div class=\"fill banner-link\"><\/div>            \n\n   <div id=\"text-box-2101576708\" class=\"text-box banner-layer x50 md-x50 lg-x50 y30 md-y30 lg-y30 res-text\">\n                                <div class=\"text-box-content text dark\">\n              \n              <div class=\"text-inner text-center\">\n                  \n\n\t<div id=\"gap-1331317083\" class=\"gap-element clearfix\" style=\"display:block; height:auto;\">\n\t\t\n<style>\n#gap-1331317083 {\n  padding-top: 5px;\n}\n<\/style>\n\t<\/div>\n\t\n\n<h3 class=\"pull-left\"><strong>Human Capital is the Ultimate Intangible Asset<\/strong><\/h3>\n<h3><strong>\u00a0<\/strong><\/h3>\n\t<div id=\"gap-921728837\" class=\"gap-element clearfix\" style=\"display:block; height:auto;\">\n\t\t\n<style>\n#gap-921728837 {\n  padding-top: 6px;\n}\n<\/style>\n\t<\/div>\n\t\n\n\n              <\/div>\n           <\/div>\n                            \n<style>\n#text-box-2101576708 {\n  width: 68%;\n}\n#text-box-2101576708 .text-box-content {\n  font-size: 100%;\n}\n<\/style>\n    <\/div>\n \n\n        <\/div>\n      <\/div>\n\n            \n<style>\n#banner-1919488295 {\n  padding-top: 380px;\n}\n#banner-1919488295 .bg.bg-loaded {\n  background-image: url(https:\/\/www.sunarmisir.com.tr\/wp-content\/uploads\/2018\/05\/ik-1400x547.jpg);\n}\n#banner-1919488295 .bg {\n  background-position: 53% 48%;\n}\n#banner-1919488295 .ux-shape-divider--top svg {\n  height: 150px;\n  --divider-top-width: 100%;\n}\n#banner-1919488295 .ux-shape-divider--bottom svg {\n  height: 150px;\n  --divider-width: 100%;\n}\n<\/style>\n  <\/div>\n\n\n\t<section class=\"section\" id=\"section_703025986\">\n\t\t<div class=\"bg section-bg fill bg-fill bg-loaded bg-loaded\" >\n\n\t\t\t\n\t\t\t\n\t\t\t\n\n\t\t<\/div>\n\n\t\t\n\n\t\t<div class=\"section-content relative\">\n\t\t\t\n\n<div class=\"row\"  id=\"row-986552109\">\n\n\n\t<div id=\"col-825229132\" class=\"col small-12 large-12\"  >\n\t\t\t\t<div class=\"col-inner\"  >\n\t\t\t\n\t\t\t\n\n<p><strong><em>Politique de RH <\/em><\/strong><\/p>\n<p>Nous travaillons \u00e0 l\u2019\u00e9laboration de notre politique de ressources humaines en vue de la d\u00e9finition des objectifs de la soci\u00e9t\u00e9 dans le cadre d\u2019une approche ax\u00e9e sur le \u00abpeuple avant tout\u00bb, dans laquelle nous croyons que l\u2019\u00e9l\u00e9ment humain joue un r\u00f4le d\u00e9cisif.<\/p>\n<p>Dans ce cadre, notre politique de base en mati\u00e8re de ressources humaines consiste \u00e0 accro\u00eetre la motivation, la satisfaction, le bonheur et la productivit\u00e9 de nos employ\u00e9s gr\u00e2ce \u00e0 des syst\u00e8mes et des applications offrant des opportunit\u00e9s et des contributions \u00e0 leur d\u00e9veloppement.<\/p>\n<p><strong>Mission RH:<\/strong><\/p>\n<p>D\u00e9velopper nos ressources humaines, en adoptant des syst\u00e8mes de ressources humaines modernes, et devenir une entreprise de choix par une main-d&rsquo;\u0153uvre qualifi\u00e9e.<\/p>\n<p><strong>Vision RH:<\/strong><\/p>\n<p>D\u00e9velopper nos ressources humaines, en apportant une valeur aux humains et en affirmant que nos employ\u00e9s sont le capital le plus important, pour les pr\u00e9parer \u00e0 leurs objectifs de carri\u00e8re et ainsi apporter le soutien le plus important possible \u00e0 nos employ\u00e9s performants pour qu&rsquo;ils atteignent leurs objectifs d\u2019entreprise.<\/p>\n<p>Nos principaux objectifs:<\/p>\n<p>Pour capturer un profil d&#8217;employ\u00e9 ouvert au changement et \u00e0 l&rsquo;innovation,<\/p>\n<p>Qui apprend et montre constamment des efforts d\u2019auto-am\u00e9lioration,<\/p>\n<p>Cela refl\u00e8te les efforts d\u00e9ploy\u00e9s pour am\u00e9liorer les performances de l&rsquo;entreprise aux c\u00f4t\u00e9s des performances individuelles, en agissant avec un esprit d&rsquo;\u00e9quipe et la conscience de nous.<\/p>\n<p>Adopter le \u00abTotal Quality Management\u00bb dans toutes les entreprises de notre groupe,<\/p>\n<p>Am\u00e9liorer les opportunit\u00e9s salariales et professionnelles bas\u00e9es sur la performance parall\u00e8lement aux opportunit\u00e9s d\u2019entreprise avec des opportunit\u00e9s de d\u00e9veloppement offertes \u00e0 nos employ\u00e9s pour renforcer leur sentiment d\u2019appartenance.<\/p>\n<p>Nos valeurs<\/p>\n<p>Dans le cadre de l\u2019approche \u00abPeople First\u00bb;<\/p>\n<p>Nous respectons les fiert\u00e9s humaines de nos travailleurs, leur faisons confiance, les appr\u00e9cions et partageons leurs succ\u00e8s.<\/p>\n<p>Nous accordons de l&rsquo;importance \u00e0 la confidentialit\u00e9 des informations personnelles des employ\u00e9s.<\/p>\n<p>Nous assumons toutes nos responsabilit\u00e9s pour un avenir durable, y compris la sant\u00e9 et la s\u00e9curit\u00e9 de nos employ\u00e9s.<\/p>\n\n\t\t<\/div>\n\t\t\t\t\t<\/div>\n\n\t\n\n<\/div>\n\n\t\t<\/div>\n\n\t\t\n<style>\n#section_703025986 {\n  padding-top: 30px;\n  padding-bottom: 30px;\n}\n#section_703025986 .ux-shape-divider--top svg {\n  height: 150px;\n  --divider-top-width: 100%;\n}\n#section_703025986 .ux-shape-divider--bottom svg {\n  height: 150px;\n  --divider-width: 100%;\n}\n<\/style>\n\t<\/section>\n\t\n<p>&nbsp;<\/p>","protected":false},"excerpt":{"rendered":"","protected":false},"author":15,"featured_media":0,"parent":0,"menu_order":0,"comment_status":"closed","ping_status":"closed","template":"page-blank.php","meta":{"footnotes":""},"class_list":["post-4143","page","type-page","status-publish","hentry"],"_links":{"self":[{"href":"https:\/\/www.sunarmisir.com.tr\/fr\/wp-json\/wp\/v2\/pages\/4143"}],"collection":[{"href":"https:\/\/www.sunarmisir.com.tr\/fr\/wp-json\/wp\/v2\/pages"}],"about":[{"href":"https:\/\/www.sunarmisir.com.tr\/fr\/wp-json\/wp\/v2\/types\/page"}],"author":[{"embeddable":true,"href":"https:\/\/www.sunarmisir.com.tr\/fr\/wp-json\/wp\/v2\/users\/15"}],"replies":[{"embeddable":true,"href":"https:\/\/www.sunarmisir.com.tr\/fr\/wp-json\/wp\/v2\/comments?post=4143"}],"version-history":[{"count":4,"href":"https:\/\/www.sunarmisir.com.tr\/fr\/wp-json\/wp\/v2\/pages\/4143\/revisions"}],"predecessor-version":[{"id":8313,"href":"https:\/\/www.sunarmisir.com.tr\/fr\/wp-json\/wp\/v2\/pages\/4143\/revisions\/8313"}],"wp:attachment":[{"href":"https:\/\/www.sunarmisir.com.tr\/fr\/wp-json\/wp\/v2\/media?parent=4143"}],"curies":[{"name":"wp","href":"https:\/\/api.w.org\/{rel}","templated":true}]}}