{"id":4135,"date":"2019-06-12T14:22:10","date_gmt":"2019-06-12T11:22:10","guid":{"rendered":"http:\/\/www.sunarmisir.com.tr\/?page_id=4135"},"modified":"2019-06-12T14:22:42","modified_gmt":"2019-06-12T11:22:42","slug":"programme-de-lavenir-brillant-sunar","status":"publish","type":"page","link":"https:\/\/www.sunarmisir.com.tr\/fr\/programme-de-lavenir-brillant-sunar\/","title":{"rendered":"Programme de l&rsquo;avenir brillant SUNAR"},"content":{"rendered":"\n  <div class=\"banner has-hover has-parallax\" id=\"banner-1197757519\">\n          <div class=\"banner-inner fill\">\n        <div class=\"banner-bg fill\" data-parallax=\"-3\" data-parallax-container=\".banner\" data-parallax-background>\n            <div class=\"bg fill bg-fill bg-loaded\"><\/div>\n                        <div class=\"overlay\"><\/div>            \n                    <\/div>\n\t\t\n        <div class=\"banner-layers container\">\n            <div class=\"fill banner-link\"><\/div>            \n   <div id=\"text-box-2100166974\" class=\"text-box banner-layer x50 md-x50 lg-x50 y50 md-y50 lg-y50 res-text\">\n                                <div class=\"text-box-content text dark\">\n              \n              <div class=\"text-inner text-center\">\n                  \n\t<div id=\"gap-2037059444\" class=\"gap-element clearfix\" style=\"display:block; height:auto;\">\n\t\t\n<style>\n#gap-2037059444 {\n  padding-top: 5px;\n}\n<\/style>\n\t<\/div>\n\t\n<h3 class=\"pull-left\"><strong><em>Programme de l&rsquo;avenir brillant SUNAR <\/em><\/strong><\/h3>\n<h3><strong>\u00a0<\/strong><\/h3>\n\t<div id=\"gap-1890620096\" class=\"gap-element clearfix\" style=\"display:block; height:auto;\">\n\t\t\n<style>\n#gap-1890620096 {\n  padding-top: 6px;\n}\n<\/style>\n\t<\/div>\n\t\n              <\/div>\n           <\/div>\n                            \n<style>\n#text-box-2100166974 {\n  width: 60%;\n}\n#text-box-2100166974 .text-box-content {\n  font-size: 100%;\n}\n<\/style>\n    <\/div>\n \n        <\/div>\n      <\/div>\n\n            \n<style>\n#banner-1197757519 {\n  padding-top: 380px;\n}\n#banner-1197757519 .bg.bg-loaded {\n  background-image: url(https:\/\/www.sunarmisir.com.tr\/wp-content\/uploads\/2018\/05\/SNR_slider.jpg);\n}\n#banner-1197757519 .overlay {\n  background-color: rgba(220, 226, 95, 0.29);\n}\n#banner-1197757519 .bg {\n  background-position: 50% 50%;\n}\n#banner-1197757519 .ux-shape-divider--top svg {\n  height: 150px;\n  --divider-top-width: 100%;\n}\n#banner-1197757519 .ux-shape-divider--bottom svg {\n  height: 150px;\n  --divider-width: 100%;\n}\n<\/style>\n  <\/div>\n\n\n\t<section class=\"section\" id=\"section_2134780719\">\n\t\t<div class=\"bg section-bg fill bg-fill bg-loaded bg-loaded\" >\n\n\t\t\t\n\t\t\t\n\t\t\t\n\n\t\t<\/div>\n\n\t\t\n\n\t\t<div class=\"section-content relative\">\n\t\t\t\n<div class=\"row\"  id=\"row-55608656\">\n\n\t<div id=\"col-796656944\" class=\"col medium-9 small-12 large-9\"  >\n\t\t\t\t<div class=\"col-inner\"  >\n\t\t\t\n\t\t\t\n<p>Le Sunar est un groupe d\u2019entreprises du secteur agricole qui tire ses forces du sol depuis le jour de sa fondation. Il n\u2019a pas oubli\u00e9 sa responsabilit\u00e9, en premier lieu vis-\u00e0-vis de son principal actionnaire et de la plan\u00e8te, et ensuite des agriculteurs qui ont contribu\u00e9 au progr\u00e8s \u00e9conomique en travaillant dur. Il a fa\u00e7onn\u00e9 ses investissements et ses projets de responsabilit\u00e9 sociale, principalement pour la pr\u00e9servation de la nature et le progr\u00e8s des agriculteurs.<\/p>\n<p>Dans ce contexte, m\u00eame avant que la durabilit\u00e9 ne devienne l\u2019une des priorit\u00e9s des agendas des entreprises locales et mondiales, Sunar a planifi\u00e9, mis en \u0153uvre, g\u00e9r\u00e9 et men\u00e9 \u00e0 bien ses projets de durabilit\u00e9, mais avec des d\u00e9finitions diff\u00e9rentes. des strat\u00e9gies des entreprises sur le th\u00e8me de \u00abl\u2019agriculture durable\u00bb, et dans ce contexte, il a mis en place une \u00ab\u00e9quipe de d\u00e9veloppement durable\u00bb, compos\u00e9e d\u2019un repr\u00e9sentant de chaque d\u00e9partement. Cette \u00e9quipe a achev\u00e9 et mis en \u0153uvre le programme \u00abSunar Bright Future\u00bb, qui est le plan quinquennal de progr\u00e8s du d\u00e9veloppement durable de ce groupe, en 2014.<\/p>\n<p>Le groupe sunar est membre du Comit\u00e9 ex\u00e9cutif de l\u2019agriculture et de l\u2019alimentation durables du Conseil de commerce mondial pour le d\u00e9veloppement durable.<\/p>\n<p>\u00a0<\/p>\n<p>Vision de durabilit\u00e9: Pour permettre aux g\u00e9n\u00e9rations futures de vivre dans la prosp\u00e9rit\u00e9 dans un monde habitable, nous vivons et encourageons notre soci\u00e9t\u00e9 \u00e0 vivre de mani\u00e8re durable, en tirant les forces n\u00e9cessaires de la nature. Tout en atteignant notre objectif, nous veillons \u00e0 r\u00e9duire notre empreinte \u00e9cologique et \u00e0 accro\u00eetre notre contribution \u00e0 la soci\u00e9t\u00e9.<\/p>\n\t\t<\/div>\n\t\t\t\t\t<\/div>\n\n\t\n\n\t<div id=\"col-1372539000\" class=\"col medium-3 small-12 large-3\"  >\n\t\t\t\t<div class=\"col-inner\"  >\n\t\t\t\n\t\t\t\n\t<div class=\"img has-hover x md-x lg-x y md-y lg-y\" id=\"image_1742663595\">\n\t\t\t\t\t\t\t\t<div class=\"img-inner dark\" >\n\t\t\t<img fetchpriority=\"high\" decoding=\"async\" width=\"634\" height=\"616\" src=\"https:\/\/www.sunarmisir.com.tr\/wp-content\/uploads\/2018\/05\/sunargelecek.png\" class=\"attachment-large size-large\" alt=\"\" srcset=\"https:\/\/www.sunarmisir.com.tr\/wp-content\/uploads\/2018\/05\/sunargelecek.png 634w, https:\/\/www.sunarmisir.com.tr\/wp-content\/uploads\/2018\/05\/sunargelecek-412x400.png 412w, https:\/\/www.sunarmisir.com.tr\/wp-content\/uploads\/2018\/05\/sunargelecek-600x583.png 600w\" sizes=\"(max-width: 634px) 100vw, 634px\" \/>\t\t\t\t\t\t\n\t\t\t\t\t<\/div>\n\t\t\t\t\t\t\t\t\n<style>\n#image_1742663595 {\n  width: 84%;\n}\n<\/style>\n\t<\/div>\n\t\n\t<div id=\"gap-1279613157\" class=\"gap-element clearfix\" style=\"display:block; height:auto;\">\n\t\t\n<style>\n#gap-1279613157 {\n  padding-top: 40px;\n}\n<\/style>\n\t<\/div>\n\t\n\t<div class=\"img has-hover x md-x lg-x y md-y lg-y\" id=\"image_1233534829\">\n\t\t<a class=\"\" href=\"https:\/\/www.sunarmisir.com.tr\/assets\/images\/kalite\/Surdurebilirlik-bilgi-kitapcigi-2018.pdf\"  >\t\t\t\t\t\t<div class=\"img-inner dark\" >\n\t\t\t<img decoding=\"async\" width=\"236\" height=\"113\" src=\"https:\/\/www.sunarmisir.com.tr\/wp-content\/uploads\/2018\/05\/surdurebilirlik-buton-sunar.png\" class=\"attachment-large size-large\" alt=\"\" \/>\t\t\t\t\t\t\n\t\t\t\t\t<\/div>\n\t\t\t\t\t\t<\/a>\t\t\n<style>\n#image_1233534829 {\n  width: 100%;\n}\n<\/style>\n\t<\/div>\n\t\n\t\t<\/div>\n\t\t\t\t\t<\/div>\n\n\t\n\n\t<div id=\"col-1640357869\" class=\"col small-12 large-12\"  >\n\t\t\t\t<div class=\"col-inner text-center\"  >\n\t\t\t\n\t\t\t\n\t<div class=\"img has-hover x md-x lg-x y md-y lg-y\" id=\"image_2006722844\">\n\t\t\t\t\t\t\t\t<div class=\"img-inner dark\" >\n\t\t\t<img decoding=\"async\" width=\"418\" height=\"222\" src=\"https:\/\/www.sunarmisir.com.tr\/wp-content\/uploads\/2018\/06\/ayc-tarim-logo_eng-1.png\" class=\"attachment-large size-large\" alt=\"\" \/>\t\t\t\t\t\t\n\t\t\t\t\t<\/div>\n\t\t\t\t\t\t\t\t\n<style>\n#image_2006722844 {\n  width: 25%;\n}\n<\/style>\n\t<\/div>\n\t\n\t\t<\/div>\n\t\t\t\t\t<\/div>\n\n\t\n<\/div>\n\t\t<\/div>\n\n\t\t\n<style>\n#section_2134780719 {\n  padding-top: 30px;\n  padding-bottom: 30px;\n}\n#section_2134780719 .ux-shape-divider--top svg {\n  height: 150px;\n  --divider-top-width: 100%;\n}\n#section_2134780719 .ux-shape-divider--bottom svg {\n  height: 150px;\n  --divider-width: 100%;\n}\n<\/style>\n\t<\/section>\n\t&nbsp;<\/p>\n","protected":false},"excerpt":{"rendered":"<p>&nbsp;<\/p>\n","protected":false},"author":15,"featured_media":4139,"parent":0,"menu_order":0,"comment_status":"closed","ping_status":"closed","template":"page-blank.php","meta":{"footnotes":""},"class_list":["post-4135","page","type-page","status-publish","has-post-thumbnail","hentry"],"_links":{"self":[{"href":"https:\/\/www.sunarmisir.com.tr\/fr\/wp-json\/wp\/v2\/pages\/4135"}],"collection":[{"href":"https:\/\/www.sunarmisir.com.tr\/fr\/wp-json\/wp\/v2\/pages"}],"about":[{"href":"https:\/\/www.sunarmisir.com.tr\/fr\/wp-json\/wp\/v2\/types\/page"}],"author":[{"embeddable":true,"href":"https:\/\/www.sunarmisir.com.tr\/fr\/wp-json\/wp\/v2\/users\/15"}],"replies":[{"embeddable":true,"href":"https:\/\/www.sunarmisir.com.tr\/fr\/wp-json\/wp\/v2\/comments?post=4135"}],"version-history":[{"count":2,"href":"https:\/\/www.sunarmisir.com.tr\/fr\/wp-json\/wp\/v2\/pages\/4135\/revisions"}],"predecessor-version":[{"id":4140,"href":"https:\/\/www.sunarmisir.com.tr\/fr\/wp-json\/wp\/v2\/pages\/4135\/revisions\/4140"}],"wp:featuredmedia":[{"embeddable":true,"href":"https:\/\/www.sunarmisir.com.tr\/fr\/wp-json\/wp\/v2\/media\/4139"}],"wp:attachment":[{"href":"https:\/\/www.sunarmisir.com.tr\/fr\/wp-json\/wp\/v2\/media?parent=4135"}],"curies":[{"name":"wp","href":"https:\/\/api.w.org\/{rel}","templated":true}]}}