{"id":4129,"date":"2019-06-12T14:18:10","date_gmt":"2019-06-12T11:18:10","guid":{"rendered":"http:\/\/www.sunarmisir.com.tr\/?page_id=4129"},"modified":"2023-10-24T10:19:51","modified_gmt":"2023-10-24T07:19:51","slug":"politique-de-responsabilite-sociale-des-entreprises","status":"publish","type":"page","link":"https:\/\/www.sunarmisir.com.tr\/fr\/politique-de-responsabilite-sociale-des-entreprises\/","title":{"rendered":"Politique de Responsabilit\u00e9 sociale des entreprises"},"content":{"rendered":"\n  <div class=\"banner has-hover has-parallax\" id=\"banner-1832834669\">\n          <div class=\"banner-inner fill\">\n        <div class=\"banner-bg fill\" data-parallax=\"-5\" data-parallax-container=\".banner\" data-parallax-background>\n            <div class=\"bg fill bg-fill bg-loaded\"><\/div>\n                                    \n                    <\/div>\n\t\t\n        <div class=\"banner-layers container\">\n            <div class=\"fill banner-link\"><\/div>            \n\n   <div id=\"text-box-1578713226\" class=\"text-box banner-layer x50 md-x50 lg-x50 y50 md-y50 lg-y50 res-text\">\n                                <div class=\"text-box-content text dark\">\n              \n              <div class=\"text-inner text-center\">\n                  \n\n\t<div id=\"gap-1221209364\" class=\"gap-element clearfix\" style=\"display:block; height:auto;\">\n\t\t\n<style>\n#gap-1221209364 {\n  padding-top: 5px;\n}\n<\/style>\n\t<\/div>\n\t\n\n\t<div id=\"gap-1198576035\" class=\"gap-element clearfix\" style=\"display:block; height:auto;\">\n\t\t\n<style>\n#gap-1198576035 {\n  padding-top: 6px;\n}\n<\/style>\n\t<\/div>\n\t\n\n\n              <\/div>\n           <\/div>\n                            \n<style>\n#text-box-1578713226 {\n  width: 60%;\n}\n#text-box-1578713226 .text-box-content {\n  font-size: 100%;\n}\n<\/style>\n    <\/div>\n \n\n        <\/div>\n      <\/div>\n\n            \n<style>\n#banner-1832834669 {\n  padding-top: 380px;\n}\n#banner-1832834669 .bg.bg-loaded {\n  background-image: url(https:\/\/www.sunarmisir.com.tr\/wp-content\/uploads\/2018\/06\/sosyalsorumluluk-2-1200x800.jpg);\n}\n#banner-1832834669 .bg {\n  background-position: 50% 60%;\n}\n#banner-1832834669 .ux-shape-divider--top svg {\n  height: 150px;\n  --divider-top-width: 100%;\n}\n#banner-1832834669 .ux-shape-divider--bottom svg {\n  height: 150px;\n  --divider-width: 100%;\n}\n<\/style>\n  <\/div>\n\n\n\t<section class=\"section\" id=\"section_1350947435\">\n\t\t<div class=\"bg section-bg fill bg-fill bg-loaded bg-loaded\" >\n\n\t\t\t\n\t\t\t\n\t\t\t\n\n\t\t<\/div>\n\n\t\t\n\n\t\t<div class=\"section-content relative\">\n\t\t\t\n\n<div class=\"row\"  id=\"row-894003330\">\n\n\n\t<div id=\"col-93582275\" class=\"col small-12 large-12\"  >\n\t\t\t\t<div class=\"col-inner\"  >\n\t\t\t\n\t\t\t\n\n<p><strong>\u00a0<em>Politique de Responsabilit\u00e9 sociale des entreprises<\/em><\/strong><\/p>\n<p>OBJECTIF<\/p>\n<p>Il est pr\u00e9vu que les \u00e9tudes sur la responsabilit\u00e9 sociale des entreprises de sunar M\u0131s\u0131r soient r\u00e9alis\u00e9es dans un seul et m\u00eame cadre.<\/p>\n<p>PORT\u00c9E<\/p>\n<p>Cela couvre tous les d\u00e9partements de sunar M\u0131s\u0131r sp\u00e9cifi\u00e9s dans la distribution des proc\u00e9dures de communication.<\/p>\n<p>PARTIES RESPONSABLES<\/p>\n<p>Tout le personnel<\/p>\n<p>LA MISE EN OEUVRE<\/p>\n<p>4.1. En tant que Sunar M\u0131s\u0131r, nous nous basons sur l\u2019adoption de projets de responsabilit\u00e9 sociale durables et am\u00e9liorables.<\/p>\n<p>4.2. Nous promettons que nous serons respectueux des personnes et de l&rsquo;environnement dans toutes les zones g\u00e9ographiques dans lesquelles nous op\u00e9rons et que nous op\u00e9rons, et nous planifions et mettons en \u0153uvre des actions pour minimiser notre empreinte dans la nature.<\/p>\n<p>4.3. Nous garantissons et certifions que la s\u00e9curit\u00e9 alimentaire de sunar M\u0131s\u0131r est conforme aux conditions d\u2019hygi\u00e8ne appropri\u00e9es et que le client est satisfait de toutes les normes internationales.<\/p>\n<p>4.4. Nous veillons \u00e0 ce que le niveau de satisfaction de la client\u00e8le, ses demandes et ses attentes soient constamment mesur\u00e9s et satisfaits, et nous visons \u00e0 d\u00e9passer ces exigences et attentes avec le principe de \u00absatisfaction client inconditionnelle et illimit\u00e9e\u00bb.<\/p>\n<p>4.5 Nous adoptons l\u2019honn\u00eatet\u00e9, la fiabilit\u00e9 et l\u2019esprit de d\u00e9cision comme principes, et nous agissons avec la conscience suivante: \u00abNe vendez que les produits que vous voudriez \u00eatre \u00e0 votre table \u00e0 des clients nationaux et internationaux\u00bb.<\/p>\n<p>4.6. Nous savons que les valeurs, les informations et les profits non partag\u00e9s n&rsquo;apporteront pas de valeur ajout\u00e9e \u00e0 l&rsquo;industrie elle-m\u00eame, et nous identifions l&rsquo;objectif ultime de chacun de nos projets en tant que d\u00e9veloppement communautaire.<\/p>\n<p>4.7. Nous travaillons pour cr\u00e9er des actionnaires heureux de nos fournisseurs aux ONG, de nos employ\u00e9s \u00e0 nos clients, et nous veillons \u00e0 ce que tous nos actionnaires travaillent dans le respect de notre politique de responsabilit\u00e9 sociale des entreprises.<\/p>\n<p>4.8 Nous encourageons notre conseil d\u2019administration et tous nos employ\u00e9s \u00e0 faire du b\u00e9n\u00e9volat dans des activit\u00e9s sociales et communautaires conformes \u00e0 la culture de l\u2019entreprise, en particulier dans les domaines de la sant\u00e9 et de l\u2019\u00e9ducation.<\/p>\n<p>4.9 Nous pensons que tous nos employ\u00e9s ont le droit de travailler dans un environnement sain et s\u00fbr et nous garantissons la sant\u00e9 et la s\u00e9curit\u00e9 au travail dans tous les environnements de travail, conform\u00e9ment \u00e0 notre politique de sant\u00e9 et de s\u00e9curit\u00e9.<\/p>\n<p>4.10. Nous croyons en l&rsquo;efficacit\u00e9 du travail d&rsquo;\u00e9quipe et \u00e0 la cr\u00e9ation d&rsquo;un environnement de travail positif. Nous veillons \u00e0 ce que les personnes de toutes croyances, id\u00e9es et opinions travaillent dans un environnement coh\u00e9rent.<\/p>\n<p>4.11. Nous croyons en l\u2019importance de l\u2019\u00e9ducation et de son maintien tout au long de la vie, et nous encourageons tous nos employ\u00e9s \u00e0 poursuivre leurs \u00e9tudes sup\u00e9rieures.<\/p>\n<p>4.12. Nous croyons en l&rsquo;importance de l&rsquo;agriculture durable et de l&rsquo;industrie bas\u00e9e sur l&rsquo;agriculture, et nous fonctionnons dans le cadre de cette vision. Nous \u00e9valuons les produits agricoles cultiv\u00e9s en particulier dans notre r\u00e9gion et notre pays, et nous g\u00e9n\u00e9rons et mettons en \u0153uvre des projets pour le progr\u00e8s de nos propres agriculteurs.<\/p>\n<p>4.13. Bien que nous travaillions dans des secteurs qui g\u00e9n\u00e8rent le plus le d\u00e9ficit primaire de la Turquie, nous promettons d\u2019\u00eatre un pionnier et d\u2019apporter notre soutien \u00e0 la formation et \u00e0 la mise en \u0153uvre de projets visant \u00e0 r\u00e9duire le d\u00e9ficit primaire de la Turquie.<\/p>\n<p>4.14. Nous informons en particulier la communaut\u00e9 environnante des terres que nous allons ouvrir pour une nouvelle utilisation et des zones o\u00f9 nous allons \u00e9tablir des installations de traitement, et nous respectons sans condition la sant\u00e9 des communaut\u00e9s locales, leurs conditions de vie et leurs cultures. Nous planifions et mettons en \u0153uvre des projets de responsabilit\u00e9 sociale qui augmenteront les niveaux de progr\u00e8s et de prosp\u00e9rit\u00e9 de ces communaut\u00e9s locales.<\/p>\n<p>4.15. Outre les terrains ouverts \u00e0 des fins op\u00e9rationnelles \/ par des institutions faisant autorit\u00e9, nous nous engageons \u00e0 ne pas effectuer d\u2019investissements commerciaux dans des terrains, \u00e0 quelque titre que ce soit.<\/p>\n<p>Vision de durabilit\u00e9: Pour permettre aux g\u00e9n\u00e9rations futures de vivre dans la prosp\u00e9rit\u00e9 dans un monde habitable, nous vivons et encourageons notre soci\u00e9t\u00e9 \u00e0 vivre de mani\u00e8re durable, en tirant les forces n\u00e9cessaires de la nature. Tout en atteignant notre objectif, nous veillons \u00e0 r\u00e9duire notre empreinte et \u00e0 accro\u00eetre notre contribution \u00e0 la soci\u00e9t\u00e9.<\/p>\n\n\t\t<\/div>\n\t\t\t\t\t<\/div>\n\n\t\n\n<\/div>\n\n\t\t<\/div>\n\n\t\t\n<style>\n#section_1350947435 {\n  padding-top: 30px;\n  padding-bottom: 30px;\n}\n#section_1350947435 .ux-shape-divider--top svg {\n  height: 150px;\n  --divider-top-width: 100%;\n}\n#section_1350947435 .ux-shape-divider--bottom svg {\n  height: 150px;\n  --divider-width: 100%;\n}\n<\/style>\n\t<\/section>\n\t\n<p>&nbsp;<\/p>","protected":false},"excerpt":{"rendered":"","protected":false},"author":15,"featured_media":3973,"parent":0,"menu_order":0,"comment_status":"closed","ping_status":"closed","template":"page-blank.php","meta":{"footnotes":""},"class_list":["post-4129","page","type-page","status-publish","has-post-thumbnail","hentry"],"_links":{"self":[{"href":"https:\/\/www.sunarmisir.com.tr\/fr\/wp-json\/wp\/v2\/pages\/4129"}],"collection":[{"href":"https:\/\/www.sunarmisir.com.tr\/fr\/wp-json\/wp\/v2\/pages"}],"about":[{"href":"https:\/\/www.sunarmisir.com.tr\/fr\/wp-json\/wp\/v2\/types\/page"}],"author":[{"embeddable":true,"href":"https:\/\/www.sunarmisir.com.tr\/fr\/wp-json\/wp\/v2\/users\/15"}],"replies":[{"embeddable":true,"href":"https:\/\/www.sunarmisir.com.tr\/fr\/wp-json\/wp\/v2\/comments?post=4129"}],"version-history":[{"count":3,"href":"https:\/\/www.sunarmisir.com.tr\/fr\/wp-json\/wp\/v2\/pages\/4129\/revisions"}],"predecessor-version":[{"id":8312,"href":"https:\/\/www.sunarmisir.com.tr\/fr\/wp-json\/wp\/v2\/pages\/4129\/revisions\/8312"}],"wp:featuredmedia":[{"embeddable":true,"href":"https:\/\/www.sunarmisir.com.tr\/fr\/wp-json\/wp\/v2\/media\/3973"}],"wp:attachment":[{"href":"https:\/\/www.sunarmisir.com.tr\/fr\/wp-json\/wp\/v2\/media?parent=4129"}],"curies":[{"name":"wp","href":"https:\/\/api.w.org\/{rel}","templated":true}]}}