{"id":4125,"date":"2019-06-12T14:11:01","date_gmt":"2019-06-12T11:11:01","guid":{"rendered":"http:\/\/www.sunarmisir.com.tr\/?page_id=4125"},"modified":"2019-06-13T15:46:15","modified_gmt":"2019-06-13T12:46:15","slug":"fiche-de-donnees-de-securite-de-materiels","status":"publish","type":"page","link":"https:\/\/www.sunarmisir.com.tr\/fr\/fiche-de-donnees-de-securite-de-materiels\/","title":{"rendered":"Fiche de donn\u00e9es de s\u00e9curit\u00e9 de mat\u00e9riels"},"content":{"rendered":"<div class=\"row\"  id=\"row-1406400493\">\n\n\t<div id=\"col-924068658\" class=\"col medium-6 small-12 large-6\"  >\n\t\t\t\t<div class=\"col-inner\"  >\n\t\t\t\n\t\t\t\n\n  <div class=\"banner has-hover\" id=\"banner-1258954377\">\n          <div class=\"banner-inner fill\">\n        <div class=\"banner-bg fill\" >\n            <div class=\"bg fill bg-fill bg-loaded\"><\/div>\n                        <div class=\"overlay\"><\/div>            \n                    <\/div>\n\t\t\n        <div class=\"banner-layers container\">\n            <div class=\"fill banner-link\"><\/div>            \n   <div id=\"text-box-1762618714\" class=\"text-box banner-layer x50 md-x50 lg-x50 y50 md-y50 lg-y50 res-text\">\n                                <div class=\"text-box-content text dark\">\n              \n              <div class=\"text-inner text-center\">\n                  \n<h2><strong><em>Fiche de donn\u00e9es de s\u00e9curit\u00e9 de mat\u00e9riels <\/em><\/strong><\/h2>\n              <\/div>\n           <\/div>\n                            \n<style>\n#text-box-1762618714 {\n  width: 78%;\n}\n#text-box-1762618714 .text-box-content {\n  font-size: 100%;\n}\n<\/style>\n    <\/div>\n \n        <\/div>\n      <\/div>\n\n            \n<style>\n#banner-1258954377 {\n  padding-top: 99.99%;\n}\n#banner-1258954377 .bg.bg-loaded {\n  background-image: url(https:\/\/www.sunarmisir.com.tr\/wp-content\/uploads\/2018\/05\/Kalite1_566863540-1.jpg);\n}\n#banner-1258954377 .overlay {\n  background-color: rgba(92, 149, 54, 0.67);\n}\n#banner-1258954377 .ux-shape-divider--top svg {\n  height: 150px;\n  --divider-top-width: 100%;\n}\n#banner-1258954377 .ux-shape-divider--bottom svg {\n  height: 150px;\n  --divider-width: 100%;\n}\n<\/style>\n  <\/div>\n\n\n\t\t<\/div>\n\t\t\t\t\t<\/div>\n\n\t\n\n\t<div id=\"col-1851007442\" class=\"col medium-6 small-12 large-6\"  >\n\t\t\t\t<div class=\"col-inner\"  >\n\t\t\t\n\t\t\t\n<ul class=\"dlm-downloads\"><li><a  data-e-Disable-Page-Transition=\"true\" class=\"download-link\" title=\"\" href=\"https:\/\/www.sunarmisir.com.tr\/fr\/download\/4960\/?tmstv=1777216263\" rel=\"nofollow\" id=\"download-link-4960\" data-redirect=\"false\" >\n\tMSDS.01 CORN STARCH (Food Grade, Industrual Grade)\t(un t\u00e9l\u00e9chargement\t)\n<\/a>\n<\/li><li><a  data-e-Disable-Page-Transition=\"true\" class=\"download-link\" title=\"\" href=\"https:\/\/www.sunarmisir.com.tr\/fr\/download\/4954\/?tmstv=1777216263\" rel=\"nofollow\" id=\"download-link-4954\" data-redirect=\"false\" >\n\tMSDS.02 GLUCOSE SYRUP (SM40, SM50, SCG40, SCG60)\t(un t\u00e9l\u00e9chargement\t)\n<\/a>\n<\/li><li><a  data-e-Disable-Page-Transition=\"true\" class=\"download-link\" title=\"\" href=\"https:\/\/www.sunarmisir.com.tr\/fr\/download\/4948\/?tmstv=1777216263\" rel=\"nofollow\" id=\"download-link-4948\" data-redirect=\"false\" >\n\tMSDS.03 ISOGLUCOSE SYRUP (SMF42, SRF30, SHF20, SLF20, SBF10)\t(1558 t\u00e9l\u00e9chargements\t)\n<\/a>\n<\/li><li><a  data-e-Disable-Page-Transition=\"true\" class=\"download-link\" title=\"\" href=\"https:\/\/www.sunarmisir.com.tr\/fr\/download\/4942\/?tmstv=1777216263\" rel=\"nofollow\" id=\"download-link-4942\" data-redirect=\"false\" >\n\tMSDS.04 SORBITOL SYRUP (SUNSORB \u015eURUBU (SUNSORB 7070, SUNSORB 7070 UP)\t(un t\u00e9l\u00e9chargement\t)\n<\/a>\n<\/li><li><a  data-e-Disable-Page-Transition=\"true\" class=\"download-link\" title=\"\" href=\"https:\/\/www.sunarmisir.com.tr\/fr\/download\/4936\/?tmstv=1777216263\" rel=\"nofollow\" id=\"download-link-4936\" data-redirect=\"false\" >\n\tMSDS.05 MALTITOL SYRUP (MALTITASTE 8055, MALTITASTE 8555, MALTITASTE 7575)\t(un t\u00e9l\u00e9chargement\t)\n<\/a>\n<\/li><li><a  data-e-Disable-Page-Transition=\"true\" class=\"download-link\" title=\"\" href=\"https:\/\/www.sunarmisir.com.tr\/fr\/download\/4930\/?tmstv=1777216263\" rel=\"nofollow\" id=\"download-link-4930\" data-redirect=\"false\" >\n\tMSDS.06 MODIFIED CORN STARCH\t(un t\u00e9l\u00e9chargement\t)\n<\/a>\n<\/li><li><a  data-e-Disable-Page-Transition=\"true\" class=\"download-link\" title=\"\" href=\"https:\/\/www.sunarmisir.com.tr\/fr\/download\/4919\/?tmstv=1777216263\" rel=\"nofollow\" id=\"download-link-4919\" data-redirect=\"false\" >\n\tMSDS.07 DEXTRIN\t(un t\u00e9l\u00e9chargement\t)\n<\/a>\n<\/li><li><a  data-e-Disable-Page-Transition=\"true\" class=\"download-link\" title=\"\" href=\"https:\/\/www.sunarmisir.com.tr\/fr\/download\/4913\/?tmstv=1777216263\" rel=\"nofollow\" id=\"download-link-4913\" data-redirect=\"false\" >\n\tMSDS.09 OXIDIZED STARCH (SMOP66X)\t(un t\u00e9l\u00e9chargement\t)\n<\/a>\n<\/li><li><a  data-e-Disable-Page-Transition=\"true\" class=\"download-link\" title=\"\" href=\"https:\/\/www.sunarmisir.com.tr\/fr\/download\/4911\/?tmstv=1777216263\" rel=\"nofollow\" id=\"download-link-4911\" data-redirect=\"false\" >\n\tMSDS.10 SMBOND- Cross-linked corn starch\t(un t\u00e9l\u00e9chargement\t)\n<\/a>\n<\/li><li><a  data-e-Disable-Page-Transition=\"true\" class=\"download-link\" title=\"\" href=\"https:\/\/www.sunarmisir.com.tr\/fr\/download\/4903\/?tmstv=1777216263\" rel=\"nofollow\" id=\"download-link-4903\" data-redirect=\"false\" >\n\tMSDS.11 MODIFIED  STARCH (FOOD GRADE)\t(un t\u00e9l\u00e9chargement\t)\n<\/a>\n<\/li><li><a  data-e-Disable-Page-Transition=\"true\" class=\"download-link\" title=\"\" href=\"https:\/\/www.sunarmisir.com.tr\/fr\/download\/4886\/?tmstv=1777216263\" rel=\"nofollow\" id=\"download-link-4886\" data-redirect=\"false\" >\n\tMSDS.12 CORN GLUTEN MEAL\t(un t\u00e9l\u00e9chargement\t)\n<\/a>\n<\/li><li><a  data-e-Disable-Page-Transition=\"true\" class=\"download-link\" title=\"\" href=\"https:\/\/www.sunarmisir.com.tr\/fr\/download\/4880\/?tmstv=1777216263\" rel=\"nofollow\" id=\"download-link-4880\" data-redirect=\"false\" >\n\tMSDS.13 SM- M 003 SUNAR MISIR MOULDING STARCH\t(un t\u00e9l\u00e9chargement\t)\n<\/a>\n<\/li><\/ul>\n\t\t\t\t\n<p>&nbsp;<\/p>\n\t\t<\/div>\n\t\t\t\t\t<\/div>\n\n\t\n<p>&nbsp;<\/p>\n\n<style>\n#row-1406400493 > .col > .col-inner {\n  padding: 20px 15px 20px 15px;\n}\n<\/style>\n<\/div>\n","protected":false},"excerpt":{"rendered":"<p>&nbsp;<\/p>\n","protected":false},"author":15,"featured_media":4126,"parent":0,"menu_order":0,"comment_status":"closed","ping_status":"closed","template":"page-blank.php","meta":{"footnotes":""},"class_list":["post-4125","page","type-page","status-publish","has-post-thumbnail","hentry"],"_links":{"self":[{"href":"https:\/\/www.sunarmisir.com.tr\/fr\/wp-json\/wp\/v2\/pages\/4125"}],"collection":[{"href":"https:\/\/www.sunarmisir.com.tr\/fr\/wp-json\/wp\/v2\/pages"}],"about":[{"href":"https:\/\/www.sunarmisir.com.tr\/fr\/wp-json\/wp\/v2\/types\/page"}],"author":[{"embeddable":true,"href":"https:\/\/www.sunarmisir.com.tr\/fr\/wp-json\/wp\/v2\/users\/15"}],"replies":[{"embeddable":true,"href":"https:\/\/www.sunarmisir.com.tr\/fr\/wp-json\/wp\/v2\/comments?post=4125"}],"version-history":[{"count":3,"href":"https:\/\/www.sunarmisir.com.tr\/fr\/wp-json\/wp\/v2\/pages\/4125\/revisions"}],"predecessor-version":[{"id":4184,"href":"https:\/\/www.sunarmisir.com.tr\/fr\/wp-json\/wp\/v2\/pages\/4125\/revisions\/4184"}],"wp:featuredmedia":[{"embeddable":true,"href":"https:\/\/www.sunarmisir.com.tr\/fr\/wp-json\/wp\/v2\/media\/4126"}],"wp:attachment":[{"href":"https:\/\/www.sunarmisir.com.tr\/fr\/wp-json\/wp\/v2\/media?parent=4125"}],"curies":[{"name":"wp","href":"https:\/\/api.w.org\/{rel}","templated":true}]}}