{"id":4115,"date":"2019-06-12T14:05:06","date_gmt":"2019-06-12T11:05:06","guid":{"rendered":"http:\/\/www.sunarmisir.com.tr\/?page_id=4115"},"modified":"2019-06-12T14:05:48","modified_gmt":"2019-06-12T11:05:48","slug":"laboratoire-de-gestion-de-la-qualite","status":"publish","type":"page","link":"https:\/\/www.sunarmisir.com.tr\/fr\/laboratoire-de-gestion-de-la-qualite\/","title":{"rendered":"Laboratoire de Gestion de la qualit\u00e9"},"content":{"rendered":"\n  <div class=\"banner has-hover has-parallax\" id=\"banner-927751556\">\n          <div class=\"banner-inner fill\">\n        <div class=\"banner-bg fill\" data-parallax=\"-5\" data-parallax-container=\".banner\" data-parallax-background>\n            <div class=\"bg fill bg-fill bg-loaded\"><\/div>\n                                    \n                    <\/div>\n\t\t\n        <div class=\"banner-layers container\">\n            <div class=\"fill banner-link\"><\/div>            \n   <div id=\"text-box-1187880350\" class=\"text-box banner-layer x50 md-x50 lg-x50 y50 md-y50 lg-y50 res-text\">\n                                <div class=\"text-box-content text dark\">\n              \n              <div class=\"text-inner text-center\">\n                  \n\t<div id=\"gap-793953889\" class=\"gap-element clearfix\" style=\"display:block; height:auto;\">\n\t\t\n<style>\n#gap-793953889 {\n  padding-top: 5px;\n}\n<\/style>\n\t<\/div>\n\t\n<h3 class=\"pull-left\"><strong><em>Laboratoire de Gestion de la qualit\u00e9 <\/em><\/strong><\/h3>\n<h3><strong>\u00a0<\/strong><\/h3>\n\t<div id=\"gap-1013386612\" class=\"gap-element clearfix\" style=\"display:block; height:auto;\">\n\t\t\n<style>\n#gap-1013386612 {\n  padding-top: 6px;\n}\n<\/style>\n\t<\/div>\n\t\n              <\/div>\n           <\/div>\n                            \n<style>\n#text-box-1187880350 {\n  width: 60%;\n}\n#text-box-1187880350 .text-box-content {\n  font-size: 100%;\n}\n<\/style>\n    <\/div>\n \n        <\/div>\n      <\/div>\n\n            \n<style>\n#banner-927751556 {\n  padding-top: 380px;\n}\n#banner-927751556 .bg.bg-loaded {\n  background-image: url(https:\/\/www.sunarmisir.com.tr\/wp-content\/uploads\/2018\/05\/Kalite4_485148412-1.jpg);\n}\n#banner-927751556 .bg {\n  background-position: 57% 42%;\n}\n#banner-927751556 .ux-shape-divider--top svg {\n  height: 150px;\n  --divider-top-width: 100%;\n}\n#banner-927751556 .ux-shape-divider--bottom svg {\n  height: 150px;\n  --divider-width: 100%;\n}\n<\/style>\n  <\/div>\n\n\n\t<section class=\"section\" id=\"section_1152942743\">\n\t\t<div class=\"bg section-bg fill bg-fill bg-loaded bg-loaded\" >\n\n\t\t\t\n\t\t\t\n\t\t\t\n\n\t\t<\/div>\n\n\t\t\n\n\t\t<div class=\"section-content relative\">\n\t\t\t\n<div class=\"row\"  id=\"row-1902636747\">\n\n\t<div id=\"col-2041198868\" class=\"col small-12 large-12\"  >\n\t\t\t\t<div class=\"col-inner\"  >\n\t\t\t\n\t\t\t\n<p>Notre laboratoire de gestion de la qualit\u00e9, qui est le signe du concept de qualit\u00e9 et de s\u00e9curit\u00e9 alimentaire sur le contr\u00f4le des entr\u00e9es, le contr\u00f4le des processus et le produit final, fonctionne avec des instruments modernes et des employ\u00e9s qualifi\u00e9s. La r\u00e9glementation et la satisfaction de la client\u00e8le sont remplies au plus haut niveau.<\/p>\n<p>Avec le d\u00e9veloppement de produits, l&rsquo;application du produit final et les activit\u00e9s innovantes, nous assurons l&rsquo;am\u00e9lioration continue de la qualit\u00e9 et de la vari\u00e9t\u00e9 des produits tout au long du portefeuille de clients.<\/p>\n\t\t<\/div>\n\t\t\t\t\t<\/div>\n\n\t\n<\/div>\n\t\t<\/div>\n\n\t\t\n<style>\n#section_1152942743 {\n  padding-top: 30px;\n  padding-bottom: 30px;\n}\n#section_1152942743 .ux-shape-divider--top svg {\n  height: 150px;\n  --divider-top-width: 100%;\n}\n#section_1152942743 .ux-shape-divider--bottom svg {\n  height: 150px;\n  --divider-width: 100%;\n}\n<\/style>\n\t<\/section>\n\t&nbsp;<\/p>\n","protected":false},"excerpt":{"rendered":"<p>&nbsp;<\/p>\n","protected":false},"author":15,"featured_media":4116,"parent":0,"menu_order":0,"comment_status":"closed","ping_status":"closed","template":"page-blank.php","meta":{"footnotes":""},"class_list":["post-4115","page","type-page","status-publish","has-post-thumbnail","hentry"],"_links":{"self":[{"href":"https:\/\/www.sunarmisir.com.tr\/fr\/wp-json\/wp\/v2\/pages\/4115"}],"collection":[{"href":"https:\/\/www.sunarmisir.com.tr\/fr\/wp-json\/wp\/v2\/pages"}],"about":[{"href":"https:\/\/www.sunarmisir.com.tr\/fr\/wp-json\/wp\/v2\/types\/page"}],"author":[{"embeddable":true,"href":"https:\/\/www.sunarmisir.com.tr\/fr\/wp-json\/wp\/v2\/users\/15"}],"replies":[{"embeddable":true,"href":"https:\/\/www.sunarmisir.com.tr\/fr\/wp-json\/wp\/v2\/comments?post=4115"}],"version-history":[{"count":3,"href":"https:\/\/www.sunarmisir.com.tr\/fr\/wp-json\/wp\/v2\/pages\/4115\/revisions"}],"predecessor-version":[{"id":4119,"href":"https:\/\/www.sunarmisir.com.tr\/fr\/wp-json\/wp\/v2\/pages\/4115\/revisions\/4119"}],"wp:featuredmedia":[{"embeddable":true,"href":"https:\/\/www.sunarmisir.com.tr\/fr\/wp-json\/wp\/v2\/media\/4116"}],"wp:attachment":[{"href":"https:\/\/www.sunarmisir.com.tr\/fr\/wp-json\/wp\/v2\/media?parent=4115"}],"curies":[{"name":"wp","href":"https:\/\/api.w.org\/{rel}","templated":true}]}}