{"id":4108,"date":"2019-06-12T14:01:08","date_gmt":"2019-06-12T11:01:08","guid":{"rendered":"http:\/\/www.sunarmisir.com.tr\/?page_id=4108"},"modified":"2020-06-16T09:47:34","modified_gmt":"2020-06-16T06:47:34","slug":"sens-de-qualite","status":"publish","type":"page","link":"https:\/\/www.sunarmisir.com.tr\/fr\/sens-de-qualite\/","title":{"rendered":"Sens de Qualit\u00e9"},"content":{"rendered":"\n  <div class=\"banner has-hover has-parallax\" id=\"banner-1043675614\">\n          <div class=\"banner-inner fill\">\n        <div class=\"banner-bg fill\" data-parallax=\"-5\" data-parallax-container=\".banner\" data-parallax-background>\n            <div class=\"bg fill bg-fill bg-loaded\"><\/div>\n                        <div class=\"overlay\"><\/div>            \n                    <\/div>\n\t\t\n        <div class=\"banner-layers container\">\n            <div class=\"fill banner-link\"><\/div>            \n   <div id=\"text-box-776048164\" class=\"text-box banner-layer x20 md-x20 lg-x20 y50 md-y50 lg-y50 res-text\">\n                                <div class=\"text-box-content text dark\">\n              \n              <div class=\"text-inner text-center\">\n                  \n\t<div id=\"gap-623827207\" class=\"gap-element clearfix\" style=\"display:block; height:auto;\">\n\t\t\n<style>\n#gap-623827207 {\n  padding-top: 5px;\n}\n<\/style>\n\t<\/div>\n\t\n<h4 style=\"text-align: left;\"><span style=\"color: #003366;\">Notre principale responsabilit\u00e9 est de fournir des produits et services de haute qualit\u00e9 qui r\u00e9pondent aux attentes des clients.\u00a0 \u00a0 \u00a0<\/span><\/h4>\n\t<div id=\"gap-809419878\" class=\"gap-element clearfix\" style=\"display:block; height:auto;\">\n\t\t\n<style>\n#gap-809419878 {\n  padding-top: 6px;\n}\n<\/style>\n\t<\/div>\n\t\n              <\/div>\n           <\/div>\n                            \n<style>\n#text-box-776048164 {\n  width: 42%;\n}\n#text-box-776048164 .text-box-content {\n  font-size: 100%;\n}\n<\/style>\n    <\/div>\n \n        <\/div>\n      <\/div>\n\n            \n<style>\n#banner-1043675614 {\n  padding-top: 434px;\n}\n#banner-1043675614 .bg.bg-loaded {\n  background-image: url(https:\/\/www.sunarmisir.com.tr\/wp-content\/uploads\/2018\/06\/senseofquality.jpg);\n}\n#banner-1043675614 .overlay {\n  background-color: rgba(210, 197, 102, 0);\n}\n#banner-1043675614 .bg {\n  background-position: 78% 56%;\n}\n#banner-1043675614 .ux-shape-divider--top svg {\n  height: 150px;\n  --divider-top-width: 100%;\n}\n#banner-1043675614 .ux-shape-divider--bottom svg {\n  height: 150px;\n  --divider-width: 100%;\n}\n<\/style>\n  <\/div>\n\n\n\t<section class=\"section\" id=\"section_2034736545\">\n\t\t<div class=\"bg section-bg fill bg-fill bg-loaded bg-loaded\" >\n\n\t\t\t\n\t\t\t\n\t\t\t\n\n\t\t<\/div>\n\n\t\t\n\n\t\t<div class=\"section-content relative\">\n\t\t\t\n<div class=\"row\"  id=\"row-1406409580\">\n\n\t<div id=\"col-635627943\" class=\"col small-12 large-12\"  >\n\t\t\t\t<div class=\"col-inner\"  >\n\t\t\t\n\t\t\t\n<p><strong>SUNAR MISIR ENT. SAN. VE T\u0130C. POLITIQUE DES SYST\u00c8MES DE GESTION<\/strong><\/p>\n<p>Notre principe de base est l\u2019id\u00e9e que \u00able client est notre priorit\u00e9\u00bb.<\/p>\n<p>Dans nos produits, qui reposent sur ce principe de base utilisant la qualit\u00e9, la fonctionnalit\u00e9 et la haute technologie dans nos installations de production d&rsquo;amidon de ma\u00efs naturel, d&rsquo;amidons modifi\u00e9s, de sucre \u00e0 base d&rsquo;amidon et de polyol, nous garantissons:<\/p>\n<p>Conditions l\u00e9gales et r\u00e9glementaires<\/p>\n<p>La fiabilit\u00e9 du produit<\/p>\n<p>Haute qualit\u00e9<\/p>\n<p>La sant\u00e9 et la s\u00e9curit\u00e9 au travail<\/p>\n<p>Les m\u00e9thodes de production les plus \u00e9conomiques sont prioritaires &lsquo;Satisfaction du client&rsquo;<\/p>\n<p>Nous am\u00e9liorons constamment nos syst\u00e8mes de gestion que nous avons mis en place conform\u00e9ment \u00e0 notre objectif mesurable, avec les m\u00e9thodes les plus efficaces et avec la contribution de nos employ\u00e9s recevant toutes sortes de formations n\u00e9cessaires.<\/p>\n\t\t<\/div>\n\t\t\t\t\t<\/div>\n\n\t\n<\/div>\n\t\t<\/div>\n\n\t\t\n<style>\n#section_2034736545 {\n  padding-top: 30px;\n  padding-bottom: 30px;\n}\n#section_2034736545 .ux-shape-divider--top svg {\n  height: 150px;\n  --divider-top-width: 100%;\n}\n#section_2034736545 .ux-shape-divider--bottom svg {\n  height: 150px;\n  --divider-width: 100%;\n}\n<\/style>\n\t<\/section>\n\t&nbsp;<\/p>\n","protected":false},"excerpt":{"rendered":"<p>&nbsp;<\/p>\n","protected":false},"author":15,"featured_media":4111,"parent":0,"menu_order":0,"comment_status":"closed","ping_status":"closed","template":"page-blank.php","meta":{"footnotes":""},"class_list":["post-4108","page","type-page","status-publish","has-post-thumbnail","hentry"],"_links":{"self":[{"href":"https:\/\/www.sunarmisir.com.tr\/fr\/wp-json\/wp\/v2\/pages\/4108"}],"collection":[{"href":"https:\/\/www.sunarmisir.com.tr\/fr\/wp-json\/wp\/v2\/pages"}],"about":[{"href":"https:\/\/www.sunarmisir.com.tr\/fr\/wp-json\/wp\/v2\/types\/page"}],"author":[{"embeddable":true,"href":"https:\/\/www.sunarmisir.com.tr\/fr\/wp-json\/wp\/v2\/users\/15"}],"replies":[{"embeddable":true,"href":"https:\/\/www.sunarmisir.com.tr\/fr\/wp-json\/wp\/v2\/comments?post=4108"}],"version-history":[{"count":3,"href":"https:\/\/www.sunarmisir.com.tr\/fr\/wp-json\/wp\/v2\/pages\/4108\/revisions"}],"predecessor-version":[{"id":6277,"href":"https:\/\/www.sunarmisir.com.tr\/fr\/wp-json\/wp\/v2\/pages\/4108\/revisions\/6277"}],"wp:featuredmedia":[{"embeddable":true,"href":"https:\/\/www.sunarmisir.com.tr\/fr\/wp-json\/wp\/v2\/media\/4111"}],"wp:attachment":[{"href":"https:\/\/www.sunarmisir.com.tr\/fr\/wp-json\/wp\/v2\/media?parent=4108"}],"curies":[{"name":"wp","href":"https:\/\/api.w.org\/{rel}","templated":true}]}}