{"id":3811,"date":"2019-05-17T11:38:59","date_gmt":"2019-05-17T08:38:59","guid":{"rendered":"http:\/\/www.sunarmisir.com.tr\/?page_id=3811"},"modified":"2020-06-18T16:19:47","modified_gmt":"2020-06-18T13:19:47","slug":"fondation-de-nuri-comu","status":"publish","type":"page","link":"https:\/\/www.sunarmisir.com.tr\/fr\/fondation-de-nuri-comu\/","title":{"rendered":"Foundation Nuri Comu"},"content":{"rendered":"\n  <div class=\"banner has-hover\" id=\"banner-1098958982\">\n          <div class=\"banner-inner fill\">\n        <div class=\"banner-bg fill\" >\n            <div class=\"bg fill bg-fill bg-loaded\"><\/div>\n                                    \n\t<div class=\"is-border\"\n\t\tstyle=\"border-width:0px 0px 0px 0px;\">\n\t<\/div>\n                    <\/div>\n\t\t\n        <div class=\"banner-layers container\">\n            <div class=\"fill banner-link\"><\/div>            \n        <\/div>\n      <\/div>\n\n            \n<style>\n#banner-1098958982 {\n  padding-top: 400px;\n}\n#banner-1098958982 .bg.bg-loaded {\n  background-image: url(https:\/\/www.sunarmisir.com.tr\/wp-content\/uploads\/2020\/06\/vkfbnnr.jpg);\n}\n#banner-1098958982 .bg {\n  background-position: 50% 36%;\n}\n#banner-1098958982 .ux-shape-divider--top svg {\n  height: 150px;\n  --divider-top-width: 100%;\n}\n#banner-1098958982 .ux-shape-divider--bottom svg {\n  height: 150px;\n  --divider-width: 100%;\n}\n<\/style>\n  <\/div>\n\n\n\t<section class=\"section\" id=\"section_1803240282\">\n\t\t<div class=\"bg section-bg fill bg-fill bg-loaded bg-loaded\" >\n\n\t\t\t\n\t\t\t\n\t\t\t\n\n\t\t<\/div>\n\n\t\t\n\n\t\t<div class=\"section-content relative\">\n\t\t\t\n<div class=\"row\"  id=\"row-1085919533\">\n\n\t<div id=\"col-1584409498\" class=\"col medium-9 small-12 large-9\"  >\n\t\t\t\t<div class=\"col-inner\"  >\n\t\t\t\n\t\t\t\n<p><strong>La Foundation Nuri Comu pour l&rsquo;\u00e9ducation, la culture, le service des valeurs spirituelles et l&rsquo;aide<\/strong><\/p>\n<p>La foundation d&rsquo;\u00e9ducation, la culture, le service des valeurs spirituelles et l&rsquo;aide Nuri \u00c7omu, a fin de contribuer \u00e0 la force de la R\u00e9publique de Turquie, a \u00e9t\u00e9 fond\u00e9e \u00e0 Adana en novembre 2017. Afin de servir ce but; il est d\u00e9fini comme l\u2019existence de la fondation pour apporter des contributions et des initiatives visant \u00e0 \u00e9duquer les individus et les citoyens qui embrassent, prot\u00e8gent et d\u00e9veloppent les valeurs culturelles de la nation turque et de tous ses citoyens, aiment la famille, le patriotisme, aiment et respectent les peuples, respectent droits de l&rsquo;homme et connaissent leurs responsabilit\u00e9s envers le pays.<\/p>\n<p><strong>Principales t\u00e2ches de la fondation:<\/strong><\/p>\n<p>-Elever de meilleurs individus dans le cadre des ordres de l&rsquo;Islam,<\/p>\n<p>-Assurer la continuit\u00e9 et la pr\u00e9servation de l&rsquo;\u00e9ducation aux valeurs de la connaissance spirituelle,<\/p>\n<p>-R\u00e9aliser des projets de responsabilit\u00e9 sociale dans le domaine de l&rsquo;\u00e9ducation,<\/p>\n<p>-Produire et appliquer des projets tels que la sant\u00e9 et les infrastructures,<\/p>\n<p>-R\u00e9aliser des activit\u00e9s de banque alimentaire.<\/p>\n<p>-Nuri Comu Education, Culture, Servir les valeurs spirituelles et Foundation de l\u2019aide;<\/p>\n<p>\u00a0<\/p>\n<p><strong>Vision;<\/strong><\/p>\n<p>Donnez aux projets de la famille Nuri \u00c7omu et \u00c7omu la vision de la charit\u00e9 \/ du bien et la responsabilit\u00e9 sociale de transmettre des g\u00e9n\u00e9rations, d\u2019\u00e9duquer de meilleures personnes sur la base des ordres de l\u2019Islam et des valeurs spirituelles de la soci\u00e9t\u00e9.<\/p>\n<p>\u00a0<\/p>\n<p><strong>Mission;<\/strong><\/p>\n<p>G\u00e9n\u00e9rer de meilleures g\u00e9n\u00e9rations, cr\u00e9er de nouvelles ressources en utilisant efficacement les ressources existantes et en leur fournissant les travaux, l&rsquo;infrastructure, le campus, l&rsquo;\u00e9ducation, les bourses, les publications, les outils et le mat\u00e9riel n\u00e9cessaires pour transf\u00e9rer les \u0153uvres de la famille Nuri \u00c7omu aux g\u00e9n\u00e9rations suivantes.<\/p>\n\t\t<\/div>\n\t\t\t\t\t<\/div>\n\n\t\n\n\t<div id=\"col-656105238\" class=\"col medium-3 small-12 large-3\"  >\n\t\t\t\t<div class=\"col-inner\"  >\n\t\t\t\n\t\t\t\n\t<div class=\"img has-hover x md-x lg-x y md-y lg-y\" id=\"image_1256505232\">\n\t\t\t\t\t\t\t\t<div class=\"img-inner dark\" >\n\t\t\t<img fetchpriority=\"high\" decoding=\"async\" width=\"444\" height=\"444\" src=\"https:\/\/www.sunarmisir.com.tr\/wp-content\/uploads\/2018\/05\/nuri-comu-vakfi-logo.jpg\" class=\"attachment-large size-large\" alt=\"\" srcset=\"https:\/\/www.sunarmisir.com.tr\/wp-content\/uploads\/2018\/05\/nuri-comu-vakfi-logo.jpg 444w, https:\/\/www.sunarmisir.com.tr\/wp-content\/uploads\/2018\/05\/nuri-comu-vakfi-logo-280x280.jpg 280w, https:\/\/www.sunarmisir.com.tr\/wp-content\/uploads\/2018\/05\/nuri-comu-vakfi-logo-400x400.jpg 400w, https:\/\/www.sunarmisir.com.tr\/wp-content\/uploads\/2018\/05\/nuri-comu-vakfi-logo-300x300.jpg 300w, https:\/\/www.sunarmisir.com.tr\/wp-content\/uploads\/2018\/05\/nuri-comu-vakfi-logo-100x100.jpg 100w\" sizes=\"(max-width: 444px) 100vw, 444px\" \/>\t\t\t\t\t\t\n\t\t\t\t\t<\/div>\n\t\t\t\t\t\t\t\t\n<style>\n#image_1256505232 {\n  width: 100%;\n}\n<\/style>\n\t<\/div>\n\t\n\t\t<\/div>\n\t\t\t\t\t<\/div>\n\n\t\n<\/div>\n\t\t<\/div>\n\n\t\t\n<style>\n#section_1803240282 {\n  padding-top: 30px;\n  padding-bottom: 30px;\n}\n#section_1803240282 .ux-shape-divider--top svg {\n  height: 150px;\n  --divider-top-width: 100%;\n}\n#section_1803240282 .ux-shape-divider--bottom svg {\n  height: 150px;\n  --divider-width: 100%;\n}\n<\/style>\n\t<\/section>\n\t&nbsp;<\/p>\n","protected":false},"excerpt":{"rendered":"<p>&nbsp;<\/p>\n","protected":false},"author":15,"featured_media":0,"parent":0,"menu_order":0,"comment_status":"closed","ping_status":"closed","template":"page-blank.php","meta":{"footnotes":""},"class_list":["post-3811","page","type-page","status-publish","hentry"],"_links":{"self":[{"href":"https:\/\/www.sunarmisir.com.tr\/fr\/wp-json\/wp\/v2\/pages\/3811"}],"collection":[{"href":"https:\/\/www.sunarmisir.com.tr\/fr\/wp-json\/wp\/v2\/pages"}],"about":[{"href":"https:\/\/www.sunarmisir.com.tr\/fr\/wp-json\/wp\/v2\/types\/page"}],"author":[{"embeddable":true,"href":"https:\/\/www.sunarmisir.com.tr\/fr\/wp-json\/wp\/v2\/users\/15"}],"replies":[{"embeddable":true,"href":"https:\/\/www.sunarmisir.com.tr\/fr\/wp-json\/wp\/v2\/comments?post=3811"}],"version-history":[{"count":7,"href":"https:\/\/www.sunarmisir.com.tr\/fr\/wp-json\/wp\/v2\/pages\/3811\/revisions"}],"predecessor-version":[{"id":6308,"href":"https:\/\/www.sunarmisir.com.tr\/fr\/wp-json\/wp\/v2\/pages\/3811\/revisions\/6308"}],"wp:attachment":[{"href":"https:\/\/www.sunarmisir.com.tr\/fr\/wp-json\/wp\/v2\/media?parent=3811"}],"curies":[{"name":"wp","href":"https:\/\/api.w.org\/{rel}","templated":true}]}}