{"id":3798,"date":"2019-05-17T11:33:54","date_gmt":"2019-05-17T08:33:54","guid":{"rendered":"http:\/\/www.sunarmisir.com.tr\/?page_id=3798"},"modified":"2023-11-14T14:58:32","modified_gmt":"2023-11-14T11:58:32","slug":"groupe-sunar","status":"publish","type":"page","link":"https:\/\/www.sunarmisir.com.tr\/fr\/groupe-sunar\/","title":{"rendered":"Groupe Sunar"},"content":{"rendered":"\n  <div class=\"banner has-hover\" id=\"banner-1839622027\">\n          <div class=\"banner-inner fill\">\n        <div class=\"banner-bg fill\" >\n            <div class=\"bg fill bg-fill bg-loaded\"><\/div>\n                                    \n                    <\/div>\n\t\t\n        <div class=\"banner-layers container\">\n            <div class=\"fill banner-link\"><\/div>            \n\n\n        <\/div>\n      <\/div>\n\n              <div class=\"height-fix is-invisible\"><img fetchpriority=\"high\" decoding=\"async\" width=\"600\" height=\"150\" src=\"https:\/\/www.sunarmisir.com.tr\/wp-content\/uploads\/2023\/11\/admin-ajax.png\" class=\"attachment-original size-original\" alt=\"\" \/><\/div>\n            \n<style>\n#banner-1839622027 .bg.bg-loaded {\n  background-image: url(https:\/\/www.sunarmisir.com.tr\/wp-content\/uploads\/2023\/11\/admin-ajax.png);\n}\n#banner-1839622027 .bg {\n  background-position: 50% 0%;\n}\n#banner-1839622027 .ux-shape-divider--top svg {\n  height: 150px;\n  --divider-top-width: 100%;\n}\n#banner-1839622027 .ux-shape-divider--bottom svg {\n  height: 150px;\n  --divider-width: 100%;\n}\n<\/style>\n  <\/div>\n\n\n\t<section class=\"section\" id=\"section_2001035999\">\n\t\t<div class=\"bg section-bg fill bg-fill bg-loaded bg-loaded\" >\n\n\t\t\t\n\t\t\t\n\t\t\t\n\n\t\t<\/div>\n\n\t\t\n\n\t\t<div class=\"section-content relative\">\n\t\t\t\n\n<div class=\"row\"  id=\"row-1919307114\">\n\n\n\t<div id=\"col-743653241\" class=\"col small-12 large-12\"  >\n\t\t\t\t<div class=\"col-inner\"  >\n\t\t\t\n\t\t\t\n\n<p>Le groupe Sunar, dont la valeur dans le secteur de l\u2019agriculture et de l\u2019alimentation en Turquie augmente, exporte sous sa propre marque dans plus de 100 pays sur 5 continents avec presque un demi-si\u00e8cle d\u2019exp\u00e9rience, 1200 employ\u00e9s et une large gamme de produits. Le groupe Sunar a pour ambition de faire partie des plus grands groupes industriels du secteur agricole bas\u00e9s en Europe, au Moyen-Orient et en Afrique du Nord, gr\u00e2ce \u00e0 sa grande capacit\u00e9, \u00e0 sa vaste accumulation de connaissances et \u00e0 son exp\u00e9rience.<\/p>\n<p>Les fondations du groupe Sunar ont \u00e9t\u00e9 pos\u00e9es au d\u00e9but des ann\u00e9es 70 gr\u00e2ce aux investissements pond\u00e9r\u00e9s et courageux que son fondateur, Nuri \u00c7OMU, a r\u00e9alis\u00e9s dans les domaines du coton et du paddy. M\u00eame si l\u2019usine de coton et de paddy qui a \u00e9t\u00e9 cr\u00e9\u00e9e en 1974 n\u2019est pas encore pr\u00e9sente aujourd\u2019hui en raison de probl\u00e8mes rencontr\u00e9s dans l\u2019agriculture cotonni\u00e8re de \u00c7ukurova, la plus ancienne soci\u00e9t\u00e9 du groupe, Sunar Un ve Yem, a \u00e9t\u00e9 fond\u00e9e en 1976 \u00e0 Osmaniye en tant qu\u2019usine de farine. Les soci\u00e9t\u00e9s Sunar Yem, ajout\u00e9es \u00e0 l&rsquo;organisation Sunar Un ve Yem en 1997, Sunar M\u0131s\u0131r, fond\u00e9e \u00e0 Adana En 1985, N\u00c7S et Elita G\u0131da, cr\u00e9\u00e9es en 2006, et Sunar Pazarlama, fond\u00e9e en 2010, ont rejoint le groupe organisation Sunar.<\/p>\n<p>Le groupe Sunar travaille avec 6 soci\u00e9t\u00e9s diff\u00e9rentes dans le secteur de l\u2019agriculture. Parmi les soci\u00e9t\u00e9s du groupe, Sunar M\u0131s\u0131r produit et commercialise des produits \u00e0 base d\u2019amidon et de glucose, Elita G\u0131da produit et vend des huiles pour le commerce de d\u00e9tail et Horeca, Sunar Un ve Yem produit et vend de la farine et des aliments pour animaux, et N\u00c7S produit et vend des fruits frais.Les activit\u00e9s commerciales externes des soci\u00e9t\u00e9s Sunar group sont g\u00e9r\u00e9es par la soci\u00e9t\u00e9 Sunar Pazarlama.<\/p>\n<p>Sunar, qui est un groupe de capitaux enti\u00e8rement turcs, exporte dans plus de 100 pays et prend des mesures importantes pour devenir une puissance r\u00e9gionale. Son travail s&rsquo;appuie sur une infrastructure technologique solide, des syst\u00e8mes de production modernes et des produits de qualit\u00e9 int\u00e9grant \u00abhaute qualit\u00e9, stabilit\u00e9 et service\u00bb, dans la perspective d&rsquo;\u00eatre une entreprise mondiale. Une soci\u00e9t\u00e9 du groupe \u00ab\u00a0Sunar M\u0131s\u0131r\u00a0\u00bb est le premier et unique producteur de sorbitol et de maltitol en Turquie, \u00e9dulcorants naturels hypocaloriques. Dans le m\u00eame temps, Sunar M\u0131s\u0131r d\u00e9tient une part importante des exportations turques d\u2019amidon et de glucose. Une autre soci\u00e9t\u00e9 du groupe Elita occupe la premi\u00e8re place des exportations turques d\u2019huile de ma\u00efs.<\/p>\n<p>Le groupe Sunar prend de l\u2019importance par rapport \u00e0 ses concurrents avec trois points forts. Le premier de ces atouts est le fait que les entreprises du groupe ont un caract\u00e8re compl\u00e9mentaire. Cette situation maximise la force d\u2019efficacit\u00e9 et de prosp\u00e9rit\u00e9 des soci\u00e9t\u00e9s du groupe. Sunar est la seule installation int\u00e9gr\u00e9e en Turquie qui h\u00e9berge toutes les \u00e9tapes de la production, de la graine \u00e0 la table, dans son organisation et qui peut produire de l&rsquo;huile de ma\u00efs \u00e0 partir de ma\u00efs, l&#8217;emballer et la mettre sur le march\u00e9. L\u2019autre atout majeur est l\u2019importance que le groupe Sunar accorde aux activit\u00e9s de recherche et d\u00e9veloppement. Le d\u00e9veloppement constant de nouveaux produits r\u00e9pondant aux besoins des clients et du march\u00e9 et pr\u00e9servant les normes actuelles en mati\u00e8re de produits font partie des principes de travail de base du d\u00e9partement Recherche-d\u00e9veloppement. Le groupe Sunar planifie et met \u00e9galement en \u0153uvre en permanence des \u00e9tudes d\u2019investissements et d\u2019am\u00e9liorations en ayant conscience que les technologies de l\u2019information et les nouvelles technologies de production ont une influence d\u00e9terminante sur l\u2019efficacit\u00e9 et la qualit\u00e9.<\/p>\n<p>Le groupe Sunar est fier d\u2019\u00eatre la force croissante de la T\u00fcrkiye en pleine croissance.<\/p>\n<a data-animate=\"flipInX\" rel=\"noopener noreferrer\" href=\"http:\/\/www.sunargrup.com.tr\" target=\"_blank\" class=\"button primary is-outline lowercase\"  >\n    <span>www.sunargrup.com.tr<\/span>\n  <\/a>\n\n\n\n\t\t<\/div>\n\t\t\t\t\t<\/div>\n\n\t\n\n<\/div>\n\n\t\t<\/div>\n\n\t\t\n<style>\n#section_2001035999 {\n  padding-top: 30px;\n  padding-bottom: 30px;\n  background-color: rgb(246, 246, 246);\n}\n#section_2001035999 .ux-shape-divider--top svg {\n  height: 150px;\n  --divider-top-width: 100%;\n}\n#section_2001035999 .ux-shape-divider--bottom svg {\n  height: 150px;\n  --divider-width: 100%;\n}\n<\/style>\n\t<\/section>\n\t\n<p>&nbsp;<\/p>","protected":false},"excerpt":{"rendered":"","protected":false},"author":15,"featured_media":3801,"parent":0,"menu_order":0,"comment_status":"closed","ping_status":"closed","template":"page-blank.php","meta":{"footnotes":""},"class_list":["post-3798","page","type-page","status-publish","has-post-thumbnail","hentry"],"_links":{"self":[{"href":"https:\/\/www.sunarmisir.com.tr\/fr\/wp-json\/wp\/v2\/pages\/3798"}],"collection":[{"href":"https:\/\/www.sunarmisir.com.tr\/fr\/wp-json\/wp\/v2\/pages"}],"about":[{"href":"https:\/\/www.sunarmisir.com.tr\/fr\/wp-json\/wp\/v2\/types\/page"}],"author":[{"embeddable":true,"href":"https:\/\/www.sunarmisir.com.tr\/fr\/wp-json\/wp\/v2\/users\/15"}],"replies":[{"embeddable":true,"href":"https:\/\/www.sunarmisir.com.tr\/fr\/wp-json\/wp\/v2\/comments?post=3798"}],"version-history":[{"count":12,"href":"https:\/\/www.sunarmisir.com.tr\/fr\/wp-json\/wp\/v2\/pages\/3798\/revisions"}],"predecessor-version":[{"id":8383,"href":"https:\/\/www.sunarmisir.com.tr\/fr\/wp-json\/wp\/v2\/pages\/3798\/revisions\/8383"}],"wp:featuredmedia":[{"embeddable":true,"href":"https:\/\/www.sunarmisir.com.tr\/fr\/wp-json\/wp\/v2\/media\/3801"}],"wp:attachment":[{"href":"https:\/\/www.sunarmisir.com.tr\/fr\/wp-json\/wp\/v2\/media?parent=3798"}],"curies":[{"name":"wp","href":"https:\/\/api.w.org\/{rel}","templated":true}]}}