{"id":3792,"date":"2019-05-17T11:15:15","date_gmt":"2019-05-17T08:15:15","guid":{"rendered":"http:\/\/www.sunarmisir.com.tr\/?page_id=3792"},"modified":"2019-06-12T15:47:11","modified_gmt":"2019-06-12T12:47:11","slug":"3792-2","status":"publish","type":"page","link":"https:\/\/www.sunarmisir.com.tr\/fr\/3792-2\/","title":{"rendered":"Mission et Vision"},"content":{"rendered":"\t<section class=\"section has-parallax\" id=\"section_931520673\">\n\t\t<div class=\"bg section-bg fill bg-fill bg-loaded \" data-parallax-container=\".section\" data-parallax-background data-parallax=\"-3\">\n\n\t\t\t\n\t\t\t<div class=\"section-bg-overlay absolute fill\"><\/div>\n\t\t\t\n\n\t\t<\/div>\n\n\t\t\n\n\t\t<div class=\"section-content relative\">\n\t\t\t\n<div class=\"row row-collapse row-box-shadow-3\"  id=\"row-2102238715\">\n\n\t<div id=\"col-1703750198\" class=\"col medium-6 small-12 large-6\"  >\n\t\t\t\t<div class=\"col-inner dark\"  >\n\t\t\t\n\t\t\t\n<p><span style=\"font-size: 115%;\"><strong>Notre vision<\/strong><\/span><\/p>\n<p>\u00catre une marque leader pr\u00e9f\u00e9r\u00e9e sur les march\u00e9s mondiaux.<\/p>\n\t\t<\/div>\n\t\t\t\t\n<style>\n#col-1703750198 > .col-inner {\n  padding: 20px 20px 20px 20px;\n}\n<\/style>\n\t<\/div>\n\n\t\n<\/div>\n<div class=\"row row-collapse row-box-shadow-3\"  id=\"row-402324272\">\n\n\t<div id=\"col-126437988\" class=\"col medium-6 small-12 large-6\"  >\n\t\t\t\t<div class=\"col-inner dark\" style=\"background-color:#f1c130;\" >\n\t\t\t\n\t\t\t\n<p><span style=\"font-size: 115%;\"><strong>Notre mission<\/strong><\/span><\/p>\n<p>Ajouter de la valeur \u00e0 la vie en fabriquant des produits sains et \u00e0 valeur ajout\u00e9e dot\u00e9s d\u2019une solide infrastructure de recherche et d\u00e9veloppement et de technologies en mettant l\u2019accent sur l\u2019approvisionnement durable en ma\u00efs.<\/p>\n\t\t<\/div>\n\t\t\t\t\n<style>\n#col-126437988 > .col-inner {\n  padding: 20px 20px 20px 20px;\n}\n<\/style>\n\t<\/div>\n\n\t\n<\/div>\n<div class=\"row row-collapse row-box-shadow-3\"  id=\"row-1662855987\">\n\n\t<div id=\"col-1494708803\" class=\"col medium-6 small-12 large-6\"  >\n\t\t\t\t<div class=\"col-inner dark\" style=\"background-color:#009640;\" >\n\t\t\t\n\t\t\t\n<h3><strong>Vision de Durabilit\u00e9<\/strong><\/h3>\n<p>Pour permettre aux g\u00e9n\u00e9rations futures de vivre dans la prosp\u00e9rit\u00e9 dans un monde habitable, nous vivons et encourageons notre soci\u00e9t\u00e9 \u00e0 vivre de mani\u00e8re durable, en obtenant la force n\u00e9cessaire de la nature. Tout en r\u00e9alisant ce r\u00eave, nous veillons \u00e0 r\u00e9duire notre empreinte et \u00e0 accro\u00eetre notre contribution \u00e0 la soci\u00e9t\u00e9.<\/p>\n\t\t<\/div>\n\t\t\t\t\n<style>\n#col-1494708803 > .col-inner {\n  padding: 20px 20px 20px 20px;\n}\n<\/style>\n\t<\/div>\n\n\t\n<\/div>\n\t\t<\/div>\n\n\t\t\n<style>\n#section_931520673 {\n  padding-top: 32px;\n  padding-bottom: 32px;\n  margin-bottom: 0px;\n  min-height: 0px;\n}\n#section_931520673 .section-bg-overlay {\n  background-color: rgba(89, 79, 52, 0.36);\n}\n#section_931520673 .section-bg.bg-loaded {\n  background-image: url(https:\/\/www.sunarmisir.com.tr\/wp-content\/uploads\/2018\/05\/Vizyon-Misyon.jpg);\n}\n#section_931520673 .section-bg {\n  background-position: 62% 100%;\n}\n#section_931520673 .ux-shape-divider--top svg {\n  height: 150px;\n  --divider-top-width: 100%;\n}\n#section_931520673 .ux-shape-divider--bottom svg {\n  height: 150px;\n  --divider-width: 100%;\n}\n<\/style>\n\t<\/section>\n\t\n","protected":false},"excerpt":{"rendered":"<p>&nbsp;<\/p>\n","protected":false},"author":15,"featured_media":3794,"parent":0,"menu_order":0,"comment_status":"closed","ping_status":"closed","template":"page-blank.php","meta":{"footnotes":""},"class_list":["post-3792","page","type-page","status-publish","has-post-thumbnail","hentry"],"_links":{"self":[{"href":"https:\/\/www.sunarmisir.com.tr\/fr\/wp-json\/wp\/v2\/pages\/3792"}],"collection":[{"href":"https:\/\/www.sunarmisir.com.tr\/fr\/wp-json\/wp\/v2\/pages"}],"about":[{"href":"https:\/\/www.sunarmisir.com.tr\/fr\/wp-json\/wp\/v2\/types\/page"}],"author":[{"embeddable":true,"href":"https:\/\/www.sunarmisir.com.tr\/fr\/wp-json\/wp\/v2\/users\/15"}],"replies":[{"embeddable":true,"href":"https:\/\/www.sunarmisir.com.tr\/fr\/wp-json\/wp\/v2\/comments?post=3792"}],"version-history":[{"count":6,"href":"https:\/\/www.sunarmisir.com.tr\/fr\/wp-json\/wp\/v2\/pages\/3792\/revisions"}],"predecessor-version":[{"id":3849,"href":"https:\/\/www.sunarmisir.com.tr\/fr\/wp-json\/wp\/v2\/pages\/3792\/revisions\/3849"}],"wp:featuredmedia":[{"embeddable":true,"href":"https:\/\/www.sunarmisir.com.tr\/fr\/wp-json\/wp\/v2\/media\/3794"}],"wp:attachment":[{"href":"https:\/\/www.sunarmisir.com.tr\/fr\/wp-json\/wp\/v2\/media?parent=3792"}],"curies":[{"name":"wp","href":"https:\/\/api.w.org\/{rel}","templated":true}]}}