{"id":5787,"date":"2020-01-02T08:43:24","date_gmt":"2020-01-02T05:43:24","guid":{"rendered":"http:\/\/www.sunarmisir.com.tr\/urun\/kalip-nisasta\/"},"modified":"2020-01-02T08:44:14","modified_gmt":"2020-01-02T05:44:14","slug":"kalip-nisasta-3","status":"publish","type":"product","link":"https:\/\/www.sunarmisir.com.tr\/en\/urun\/kalip-nisasta-3\/","title":{"rendered":"Kal\u0131p Ni\u015fasta"},"content":{"rendered":"<p>\u00d6RNEK\u00a0\u00a0\u00a0\u00a0\u00a0\u00a0\u00a0\u00a0\u00a0\u00a0\u00a0\u00a0\u00a0\u00a0\u00a0\u00a0\u00a0\u00a0\u00a0\u00a0\u00a0\u00a0\u00a0\u00a0\u00a0\u00a0\u00a0\u00a0\u00a0\u00a0\u00a0\u00a0\u00a0\u00a0\u00a0\u00a0\u00a0\u00a0\u00a0\u00a0\u00a0\u00a0\u00a0\u00a0\u00a0\u00a0\u00a0\u00a0\u00a0\u00a0\u00a0\u00a0\u00a0\u00a0\u00a0\u00a0\u00a0\u00a0\u00a0\u00a0\u00a0\u00a0\u00a0 T\u00dcRK\u00c7E\u00a0\u00a0\u00a0\u00a0\u00a0\u00a0\u00a0\u00a0\u00a0\u00a0\u00a0\u00a0\u00a0\u00a0\u00a0\u00a0\u00a0\u00a0\u00a0\u00a0\u00a0\u00a0\u00a0\u00a0\u00a0\u00a0\u00a0\u00a0\u00a0\u00a0\u00a0\u00a0\u00a0\u00a0\u00a0\u00a0\u00a0\u00a0\u00a0\u00a0\u00a0\u00a0\u00a0\u00a0\u00a0\u00a0\u00a0\u00a0\u00a0\u00a0\u00a0\u00a0\u00a0\u00a0\u00a0\u00a0\u00a0\u00a0\u00a0\u00a0\u00a0 \u0130NG\u0130L\u0130ZCE<\/p>\n<table>\n<tbody>\n<tr>\n<td width=\"208\"><strong>M\u0131s\u0131r Ni\u015fastas\u0131<\/strong><\/td>\n<td width=\"189\"><strong>Kal\u0131p Ni\u015fastas\u0131<\/strong><\/td>\n<td width=\"208\"><strong>Moulding Starch<\/strong><\/td>\n<\/tr>\n<tr>\n<td width=\"208\">Tane m\u0131s\u0131rdan elde edilen kokusuz, tad\u0131 n\u00f6tr, rengi\u00a0beyaz do\u011fal m\u0131s\u0131r ni\u015fastas\u0131d\u0131r.<\/td>\n<td width=\"189\">Do\u011fal m\u0131s\u0131r ni\u015fastas\u0131ndan elde edilen kokusuz, tad\u0131 n\u00f6t\u00fcr bir ni\u015fastad\u0131r.<\/td>\n<td width=\"208\">Moulding starch is obtained from native corn starch. It is odorless and tasteless.<\/td>\n<\/tr>\n<tr>\n<td width=\"208\"><strong>Kullan\u0131m Alanlar\u0131<\/strong><\/p>\n<p>Haz\u0131r \u00e7orba, puding \u00e7e\u015fitleri, s\u00fctl\u00fc tatl\u0131lar, unlu mam\u00fcller, bisk\u00fcvi, lokum,\u00a0baklava, g\u00fclla\u00e7<\/td>\n<td width=\"189\"><strong>Kullan\u0131m Alanlar\u0131<\/strong><\/p>\n<p>&nbsp;<\/p>\n<p>Jelibon \u00fcretiminde kal\u0131p olu\u015fturmak ama\u00e7l\u0131 kullan\u0131lmaktad\u0131r.<\/td>\n<td width=\"208\"><strong>Application Areas<\/strong><\/p>\n<p><strong>Moulding starch is used to form a mold in the production of jelly.<\/strong><\/td>\n<\/tr>\n<tr>\n<td width=\"208\"><strong>Kullan\u0131m Faydalar\u0131<\/strong><\/p>\n<p>Haz\u0131r \u00e7orbalarda k\u0131vam artt\u0131r\u0131c\u0131 olarak kullan\u0131l\u0131r.<\/p>\n<p>Baklava ve b\u00f6rek yufkalar\u0131nda rahat a\u00e7\u0131lmay\u0131 sa\u011flar,\u00a0y\u0131rt\u0131lmay\u0131 engeller.<\/p>\n<p>S\u00fctl\u00fc mam\u00fcller \u00fczerinde \u00e7atlamay\u0131 engeller.<\/p>\n<p>Bisk\u00fcvilerde dokuyu iyile\u015ftirir, gevrekli\u011fi ve a\u011f\u0131zda da\u011f\u0131lmay\u0131 artt\u0131r\u0131r.<\/td>\n<td width=\"189\"><strong>Kullan\u0131m Faydalar\u0131<\/strong><\/p>\n<p>Jelibon \u00fcretimi esnas\u0131nda olu\u015fturulan kal\u0131b\u0131n da\u011f\u0131lma e\u011filimi \u00e7ok d\u00fc\u015f\u00fckt\u00fcr.<\/p>\n<p>Rutubet de\u011ferinin d\u00fc\u015f\u00fck olu\u015fu ile \u00fcr\u00fcn\u00fcn nemini \u00e7ekereker h\u0131zl\u0131 \u015fekilde haz\u0131r olamas\u0131n\u0131 sa\u011flar<\/p>\n<p>\u00dcr\u00fcn\u00fcn tad\u0131 olmad\u0131\u011f\u0131 i\u00e7in elde edilen \u00fcr\u00fcne tat verme e\u011filimi olmaz.<\/p>\n<p>&nbsp;<\/td>\n<td width=\"208\"><strong>Characteristics<\/strong><\/p>\n<p>The mold formed during the production of jelly has a very low tendency to disperse and keep its shape.<\/p>\n<p>Molding starch has low moisture content, so it absorbs the moisture of jelly and helps jelly to be ready in a short time.<\/p>\n<p>Because of being tasteless, it \u00a0has no tendency to give taste to the jelly.<\/td>\n<\/tr>\n<\/tbody>\n<\/table>\n<p>&nbsp;<\/p>\n<p><strong>KALIP N\u0130\u015eASTA<\/strong><\/p>\n<table>\n<tbody>\n<tr>\n<td width=\"199\">F\u0130Z\u0130KSEL K\u0130MYASAL \u00d6ZELL\u0130KLER TABLOSU<\/td>\n<td width=\"199\">M\u0130n<\/td>\n<td width=\"199\">Max<\/td>\n<\/tr>\n<tr>\n<td width=\"199\"><strong>Rutubet<\/strong><\/td>\n<td width=\"199\">8,5<\/td>\n<td width=\"199\">10,5<\/td>\n<\/tr>\n<tr>\n<td width=\"199\">pH<\/td>\n<td width=\"199\">4,5<\/td>\n<td width=\"199\">6,5<\/td>\n<\/tr>\n<tr>\n<td width=\"199\">?..<\/td>\n<td width=\"199\"><\/td>\n<td width=\"199\"><\/td>\n<\/tr>\n<\/tbody>\n<\/table>\n<p>&nbsp;<\/p>\n","protected":false},"excerpt":{"rendered":"<p>\u00d6RNEK\u00a0\u00a0\u00a0\u00a0\u00a0\u00a0\u00a0\u00a0\u00a0\u00a0\u00a0\u00a0\u00a0\u00a0\u00a0\u00a0\u00a0\u00a0\u00a0\u00a0\u00a0\u00a0\u00a0\u00a0\u00a0\u00a0\u00a0\u00a0\u00a0\u00a0\u00a0\u00a0\u00a0\u00a0\u00a0\u00a0\u00a0\u00a0\u00a0\u00a0\u00a0\u00a0\u00a0\u00a0\u00a0\u00a0\u00a0\u00a0\u00a0\u00a0\u00a0\u00a0\u00a0\u00a0\u00a0\u00a0\u00a0\u00a0\u00a0\u00a0\u00a0\u00a0\u00a0 T\u00dcRK\u00c7E\u00a0\u00a0\u00a0\u00a0\u00a0\u00a0\u00a0\u00a0\u00a0\u00a0\u00a0\u00a0\u00a0\u00a0\u00a0\u00a0\u00a0\u00a0\u00a0\u00a0\u00a0\u00a0\u00a0\u00a0\u00a0\u00a0\u00a0\u00a0\u00a0\u00a0\u00a0\u00a0\u00a0\u00a0\u00a0\u00a0\u00a0\u00a0\u00a0\u00a0\u00a0\u00a0\u00a0\u00a0\u00a0\u00a0\u00a0\u00a0\u00a0\u00a0\u00a0\u00a0\u00a0\u00a0\u00a0\u00a0\u00a0\u00a0\u00a0\u00a0\u00a0 \u0130NG\u0130L\u0130ZCE M\u0131s\u0131r Ni\u015fastas\u0131 Kal\u0131p Ni\u015fastas\u0131 Moulding Starch Tane m\u0131s\u0131rdan elde edilen kokusuz, tad\u0131 n\u00f6tr, rengi\u00a0beyaz do\u011fal m\u0131s\u0131r ni\u015fastas\u0131d\u0131r. Do\u011fal m\u0131s\u0131r ni\u015fastas\u0131ndan elde edilen kokusuz, tad\u0131 n\u00f6t\u00fcr bir ni\u015fastad\u0131r. Moulding starch is obtained from native corn starch. It is odorless and tasteless. Kullan\u0131m Alanlar\u0131 Haz\u0131r \u00e7orba, puding \u00e7e\u015fitleri, s\u00fctl\u00fc tatl\u0131lar, unlu mam\u00fcller, bisk\u00fcvi, lokum,\u00a0baklava, [&#8230;]\n","protected":false},"featured_media":0,"template":"","meta":[],"product_brand":[],"product_cat":[250],"product_tag":[],"class_list":{"0":"post-5787","1":"product","2":"type-product","3":"status-publish","5":"product_cat-products","7":"first","8":"instock","9":"shipping-taxable","10":"product-type-simple"},"_links":{"self":[{"href":"https:\/\/www.sunarmisir.com.tr\/en\/wp-json\/wp\/v2\/product\/5787"}],"collection":[{"href":"https:\/\/www.sunarmisir.com.tr\/en\/wp-json\/wp\/v2\/product"}],"about":[{"href":"https:\/\/www.sunarmisir.com.tr\/en\/wp-json\/wp\/v2\/types\/product"}],"wp:attachment":[{"href":"https:\/\/www.sunarmisir.com.tr\/en\/wp-json\/wp\/v2\/media?parent=5787"}],"wp:term":[{"taxonomy":"product_brand","embeddable":true,"href":"https:\/\/www.sunarmisir.com.tr\/en\/wp-json\/wp\/v2\/product_brand?post=5787"},{"taxonomy":"product_cat","embeddable":true,"href":"https:\/\/www.sunarmisir.com.tr\/en\/wp-json\/wp\/v2\/product_cat?post=5787"},{"taxonomy":"product_tag","embeddable":true,"href":"https:\/\/www.sunarmisir.com.tr\/en\/wp-json\/wp\/v2\/product_tag?post=5787"}],"curies":[{"name":"wp","href":"https:\/\/api.w.org\/{rel}","templated":true}]}}