{"id":2230,"date":"2018-06-04T18:21:25","date_gmt":"2018-06-04T15:21:25","guid":{"rendered":"http:\/\/interkey.eu\/sunarmisir\/yonetim\/"},"modified":"2023-11-14T14:43:37","modified_gmt":"2023-11-14T11:43:37","slug":"management","status":"publish","type":"page","link":"https:\/\/www.sunarmisir.com.tr\/en\/management\/","title":{"rendered":"Management"},"content":{"rendered":"\t<section class=\"section\" id=\"section_463872664\">\n\t\t<div class=\"bg section-bg fill bg-fill bg-loaded bg-loaded\" >\n\n\t\t\t\n\t\t\t\n\t\t\t\n\n\t\t<\/div>\n\n\t\t\n\n\t\t<div class=\"section-content relative\">\n\t\t\t\n\n\t<div id=\"gap-229327504\" class=\"gap-element clearfix\" style=\"display:block; height:auto;\">\n\t\t\n<style>\n#gap-229327504 {\n  padding-top: 30px;\n}\n<\/style>\n\t<\/div>\n\t\n\n<div class=\"row\"  id=\"row-72308187\">\n\n\n\t<div id=\"col-1961971159\" class=\"col medium-3 small-12 large-3\"  >\n\t\t\t\t<div class=\"col-inner\"  >\n\t\t\t\n\t\t\t\n\n\n  <div class=\"banner has-hover\" id=\"banner-1472839997\">\n          <div class=\"banner-inner fill\">\n        <div class=\"banner-bg fill\" >\n            <div class=\"bg fill bg-fill bg-loaded\"><\/div>\n                                    \n                    <\/div>\n\t\t\n        <div class=\"banner-layers container\">\n            <div class=\"fill banner-link\"><\/div>            \n\n\n        <\/div>\n      <\/div>\n\n              <div class=\"height-fix is-invisible\"><img fetchpriority=\"high\" decoding=\"async\" width=\"533\" height=\"800\" src=\"https:\/\/www.sunarmisir.com.tr\/wp-content\/uploads\/2023\/11\/Huseyin_Nuri_Comu-533x800.png\" class=\"attachment-large size-large\" alt=\"\" srcset=\"https:\/\/www.sunarmisir.com.tr\/wp-content\/uploads\/2023\/11\/Huseyin_Nuri_Comu-533x800.png 533w, https:\/\/www.sunarmisir.com.tr\/wp-content\/uploads\/2023\/11\/Huseyin_Nuri_Comu-267x400.png 267w, https:\/\/www.sunarmisir.com.tr\/wp-content\/uploads\/2023\/11\/Huseyin_Nuri_Comu-768x1152.png 768w, https:\/\/www.sunarmisir.com.tr\/wp-content\/uploads\/2023\/11\/Huseyin_Nuri_Comu-600x900.png 600w, https:\/\/www.sunarmisir.com.tr\/wp-content\/uploads\/2023\/11\/Huseyin_Nuri_Comu.png 813w\" sizes=\"(max-width: 533px) 100vw, 533px\" \/><\/div>\n            \n<style>\n#banner-1472839997 .bg.bg-loaded {\n  background-image: url(https:\/\/www.sunarmisir.com.tr\/wp-content\/uploads\/2023\/11\/Huseyin_Nuri_Comu-533x800.png);\n}\n#banner-1472839997 .bg {\n  background-position: 43% 64%;\n}\n#banner-1472839997 .ux-shape-divider--top svg {\n  height: 150px;\n  --divider-top-width: 100%;\n}\n#banner-1472839997 .ux-shape-divider--bottom svg {\n  height: 150px;\n  --divider-width: 100%;\n}\n<\/style>\n  <\/div>\n\n\n\n\t\t<\/div>\n\t\t\t\t\t<\/div>\n\n\t\n\n\t<div id=\"col-1577591697\" class=\"col medium-9 small-12 large-9\"  >\n\t\t\t\t<div class=\"col-inner\"  >\n\t\t\t\n\t\t\t\n\n<p><strong>H\u00fcseyin Nuri \u00c7omu<\/strong><\/p>\n<p><strong>Honorary Chairman of Sunar Group<\/strong><\/p>\n<p>He was born in Darende in 1965. Honoray Chairman of Sunar Group, H\u00fcseyin Nuri \u00c7omu completed his high bachelor degree in Faculty of Economics and Administrative Sciences, Department of Business Administration at Bogazici University. After completing his education he returned to Adana, \u00c7omu has successfully continued his studies in industry, commerce and farming, led by his father\u2019s grandfather and led by his father, for over 30 years.<\/p>\n<p>Despite of intense work schedule, he served as manager positions for T\u00fcrkiye\u2019s leading NGO\u2019s like M\u00dcS\u0130AD (Independent Industrialists\u2019 and Businessmen\u2019s Association), BYSD (Vegetable Oil Industry Association), YAB\u0130TED (Vegetable Oil Science and Technology Association), AK\u0130B (Mediterranean Exporters\u2019 Association), OA\u0130B (Central Anatolian Exporters Association), ENVER (Energy Efficiency Association), N\u00dcD (Starch and Glucose Manufacturers\u2019 Association).<\/p>\n<p>He also served as Council President of ADASO (Adana Chamber of Industry) between 2013-2016.<\/p>\n<p>He is currently serving as the Chairman of G\u00dcNYA\u011eDER (The Southern and Southeastern Anatolian Vegetable Oil Manufacturers\u2019 Association) and as the Chairman of Adana branch of the \u0130YC (Science Spread Society).<\/p>\n<p>Mr. \u00c7omu has advanced level of English, he is married and has three children.<\/p>\n\n\t\t<\/div>\n\t\t\t\t\n<style>\n#col-1577591697 > .col-inner {\n  padding: 0px 5px 0px 5px;\n}\n<\/style>\n\t<\/div>\n\n\t\n\n<\/div>\n<div class=\"row\"  id=\"row-1946018925\">\n\n\n\t<div id=\"col-2059650777\" class=\"col medium-3 small-12 large-3\"  >\n\t\t\t\t<div class=\"col-inner\"  >\n\t\t\t\n\t\t\t\n\n\t<div class=\"img has-hover x md-x lg-x y md-y lg-y\" id=\"image_924555418\">\n\t\t\t\t\t\t\t\t<div class=\"img-inner dark\" >\n\t\t\t<img decoding=\"async\" width=\"518\" height=\"800\" src=\"https:\/\/www.sunarmisir.com.tr\/wp-content\/uploads\/2023\/10\/IMG_0074_MC_S-518x800.jpg\" class=\"attachment-large size-large\" alt=\"\" srcset=\"https:\/\/www.sunarmisir.com.tr\/wp-content\/uploads\/2023\/10\/IMG_0074_MC_S-518x800.jpg 518w, https:\/\/www.sunarmisir.com.tr\/wp-content\/uploads\/2023\/10\/IMG_0074_MC_S-259x400.jpg 259w, https:\/\/www.sunarmisir.com.tr\/wp-content\/uploads\/2023\/10\/IMG_0074_MC_S-600x927.jpg 600w, https:\/\/www.sunarmisir.com.tr\/wp-content\/uploads\/2023\/10\/IMG_0074_MC_S.jpg 706w\" sizes=\"(max-width: 518px) 100vw, 518px\" \/>\t\t\t\t\t\t\n\t\t\t\t\t<\/div>\n\t\t\t\t\t\t\t\t\n<style>\n#image_924555418 {\n  width: 100%;\n}\n<\/style>\n\t<\/div>\n\t\n\n\n\t\t<\/div>\n\t\t\t\t\t<\/div>\n\n\t\n\n\t<div id=\"col-1213171668\" class=\"col medium-9 small-12 large-9\"  >\n\t\t\t\t<div class=\"col-inner\"  >\n\t\t\t\n\t\t\t\n\n<p><strong>Mustafa Nuri \u00c7omu<\/strong><\/p>\n<p><strong>Chairman of Sunar Group<\/strong><\/p>\n<p>Mustafa Nuri \u00c7omu, one of the third-generation representatives of the Sunar Group, was born in 1995 in Istanbul. \u00c7omu, who completed his undergraduate education in the Department of Industrial Engineering at Bogazi\u00e7i University, gained experience in the sector with his education in international organizations such as Chicago CBOT (Chicago Board of Trade) and Commodity Stock Exchanges during his education at Harward University. After serving as brand management, information systems, supply chain, corporate management and management project consultant in international companies, \u00c7omu started to work as Strategy and Business Development Director and Board Member in Sunar Group of Companies in 2019 and has been appointed as the Chairman of the Board in 2020 for the Group Companies. In addition to participate in the Nuri \u00c7omu Foundation Board of Trustees, he is a member of the Young MUSIAD (Independent Industrialists\u2019 and Businessmen\u2019s Association), BUMED (Bogazi\u00e7i University Alumni Association), G\u00dcNYAGDER (The Southern and Southeastern Anatolian Vegetable Oil Manufacturers\u2019 Association) and IYC (Science Spread Society); and actively takes part in social life with hobbies and activities such as piano, tennis, snowboard and winter sports.<\/p>\n<p>Mr. \u00c7omu has advanced level of English, he is married and have two children.<\/p>\n\n\t\t<\/div>\n\t\t\t\t\t<\/div>\n\n\t\n\n<\/div>\n\t<div id=\"gap-410975915\" class=\"gap-element clearfix\" style=\"display:block; height:auto;\">\n\t\t\n<style>\n#gap-410975915 {\n  padding-top: 30px;\n}\n<\/style>\n\t<\/div>\n\t\n\n<div class=\"row\"  id=\"row-1581427389\">\n\n\n\t<div id=\"col-2083131431\" class=\"col medium-3 small-12 large-3\"  >\n\t\t\t\t<div class=\"col-inner\"  >\n\t\t\t\n\t\t\t\n\n\n  <div class=\"banner has-hover\" id=\"banner-834448300\">\n          <div class=\"banner-inner fill\">\n        <div class=\"banner-bg fill\" >\n            <div class=\"bg fill bg-fill bg-loaded\"><\/div>\n                                    \n                    <\/div>\n\t\t\n        <div class=\"banner-layers container\">\n            <div class=\"fill banner-link\"><\/div>            \n\n\n        <\/div>\n      <\/div>\n\n            \n<style>\n#banner-834448300 {\n  padding-top: 200px;\n}\n#banner-834448300 .bg.bg-loaded {\n  background-image: url(https:\/\/www.sunarmisir.com.tr\/wp-content\/uploads\/2022\/08\/Hakan-Yuzer-Foto-scaled-1-533x800.jpg);\n}\n#banner-834448300 .bg {\n  background-position: 58% 22%;\n}\n#banner-834448300 .ux-shape-divider--top svg {\n  height: 150px;\n  --divider-top-width: 100%;\n}\n#banner-834448300 .ux-shape-divider--bottom svg {\n  height: 150px;\n  --divider-width: 100%;\n}\n<\/style>\n  <\/div>\n\n\n\n\t\t<\/div>\n\t\t\t\t\t<\/div>\n\n\t\n\n\t<div id=\"col-673807999\" class=\"col medium-9 small-12 large-9\"  >\n\t\t\t\t<div class=\"col-inner\"  >\n\t\t\t\n\t\t\t\n\n<p><strong>Hakan Y\u00fczer<\/strong><\/p>\n<p><strong>General Manager<\/strong><\/p>\n<div>Hakan Y\u00fczer was born in Adana in 1971 He completed his academic education in Department of Chemistry at Inonu University. He has worked in quality, R&amp;D, production and sales units and developed high value-added projects. He is the Committee Chairman of Strategy and Business Development, Investment, Brand, Innovation and R&amp;D committees in Sunar NP and Sunar M\u0131s\u0131r Companies.<\/div>\n<div>\u00a0<\/div>\n<div>He has membership for the most important non-governmental organizations in the sector. He is a member of the UCTEA (Chamber Of Chemical Engineers), NISAD (Association of Starch Producers\u2019), BCSD Turkey (Business World and Sustainable Development Association).<\/div>\n<div>\u00a0<\/div>\n<div>Mr. Y\u00fczer has a good knowledge of English, he is married and has a child.<\/div>\n\n\t\t<\/div>\n\t\t\t\t\n<style>\n#col-673807999 > .col-inner {\n  padding: 0px 5px 0px 5px;\n}\n<\/style>\n\t<\/div>\n\n\t\n\n<\/div>\n\n\t\t<\/div>\n\n\t\t\n<style>\n#section_463872664 {\n  padding-top: 30px;\n  padding-bottom: 30px;\n}\n#section_463872664 .ux-shape-divider--top svg {\n  height: 150px;\n  --divider-top-width: 100%;\n}\n#section_463872664 .ux-shape-divider--bottom svg {\n  height: 150px;\n  --divider-width: 100%;\n}\n<\/style>\n\t<\/section>\n\t\n<p>&nbsp;<\/p>","protected":false},"excerpt":{"rendered":"","protected":false},"author":1,"featured_media":2194,"parent":0,"menu_order":0,"comment_status":"closed","ping_status":"closed","template":"","meta":{"footnotes":""},"class_list":["post-2230","page","type-page","status-publish","has-post-thumbnail","hentry"],"_links":{"self":[{"href":"https:\/\/www.sunarmisir.com.tr\/en\/wp-json\/wp\/v2\/pages\/2230"}],"collection":[{"href":"https:\/\/www.sunarmisir.com.tr\/en\/wp-json\/wp\/v2\/pages"}],"about":[{"href":"https:\/\/www.sunarmisir.com.tr\/en\/wp-json\/wp\/v2\/types\/page"}],"author":[{"embeddable":true,"href":"https:\/\/www.sunarmisir.com.tr\/en\/wp-json\/wp\/v2\/users\/1"}],"replies":[{"embeddable":true,"href":"https:\/\/www.sunarmisir.com.tr\/en\/wp-json\/wp\/v2\/comments?post=2230"}],"version-history":[{"count":38,"href":"https:\/\/www.sunarmisir.com.tr\/en\/wp-json\/wp\/v2\/pages\/2230\/revisions"}],"predecessor-version":[{"id":8368,"href":"https:\/\/www.sunarmisir.com.tr\/en\/wp-json\/wp\/v2\/pages\/2230\/revisions\/8368"}],"wp:featuredmedia":[{"embeddable":true,"href":"https:\/\/www.sunarmisir.com.tr\/en\/wp-json\/wp\/v2\/media\/2194"}],"wp:attachment":[{"href":"https:\/\/www.sunarmisir.com.tr\/en\/wp-json\/wp\/v2\/media?parent=2230"}],"curies":[{"name":"wp","href":"https:\/\/api.w.org\/{rel}","templated":true}]}}