{"id":1647,"date":"2018-05-02T22:53:12","date_gmt":"2018-05-02T19:53:12","guid":{"rendered":"http:\/\/interkey.eu\/sunarmisir\/hakkimizda\/"},"modified":"2022-07-13T14:39:42","modified_gmt":"2022-07-13T11:39:42","slug":"about-us","status":"publish","type":"page","link":"https:\/\/www.sunarmisir.com.tr\/en\/about-us\/","title":{"rendered":"About Us"},"content":{"rendered":"\n  <div class=\"banner has-hover\" id=\"banner-1931761113\">\n          <div class=\"banner-inner fill\">\n        <div class=\"banner-bg fill\" >\n            <div class=\"bg fill bg-fill bg-loaded\"><\/div>\n                        <div class=\"overlay\"><\/div>            \n                    <\/div>\n\t\t\n        <div class=\"banner-layers container\">\n            <div class=\"fill banner-link\"><\/div>            \n   <div id=\"text-box-1953279183\" class=\"text-box banner-layer x50 md-x50 lg-x50 y20 md-y20 lg-y20 res-text\">\n                                <div class=\"text-box-content text dark\">\n              \n              <div class=\"text-inner text-center\">\n                  \n<h3 style=\"text-align: center\"><strong>Sunar M\u0131s\u0131r is the Export Leader of\u00a0 T\u00fcrkiye for\u00a0<\/strong><strong>Many Products<\/strong><\/h3>\n              <\/div>\n           <\/div>\n                            \n<style>\n#text-box-1953279183 {\n  width: 60%;\n}\n#text-box-1953279183 .text-box-content {\n  font-size: 100%;\n}\n<\/style>\n    <\/div>\n \n        <\/div>\n      <\/div>\n\n            \n<style>\n#banner-1931761113 {\n  padding-top: 423px;\n}\n#banner-1931761113 .bg.bg-loaded {\n  background-image: url(https:\/\/www.sunarmisir.com.tr\/wp-content\/uploads\/2018\/06\/sunar-misir-hakkimizda11.jpg);\n}\n#banner-1931761113 .overlay {\n  background-color: rgba(186, 120, 38, 0.33);\n}\n#banner-1931761113 .ux-shape-divider--top svg {\n  height: 150px;\n  --divider-top-width: 100%;\n}\n#banner-1931761113 .ux-shape-divider--bottom svg {\n  height: 150px;\n  --divider-width: 100%;\n}\n<\/style>\n  <\/div>\n\n\n\t<section class=\"section\" id=\"section_1607137365\">\n\t\t<div class=\"bg section-bg fill bg-fill bg-loaded bg-loaded\" >\n\n\t\t\t\n\t\t\t\n\t\t\t\n\n\t\t<\/div>\n\n\t\t\n\n\t\t<div class=\"section-content relative\">\n\t\t\t\n<div class=\"row\"  id=\"row-362151379\">\n\n\t<div id=\"col-360455778\" class=\"col small-12 large-12\"  >\n\t\t\t\t<div class=\"col-inner\"  >\n\t\t\t\n\t\t\t\n<p>Sunar M\u0131s\u0131r, which provides raw materials with its products like glucose and glucose-fructose varieties, natural starches, modified starches, dextrins, polyols, corn\u00a0gluten meal, corn gluten feed and\u00a0corn germ\u00a0to many sectors like food, textiles, and paper industries, is the most experienced and senior production facility in the industry.<\/p>\n<p>In the early 1980s, corn starches, modified starches and derivatives were imported from abroad due to lack of facilities to produce the high-quality corn derivatives that the Turkish industry needed. Sunar M\u0131s\u0131r was founded to <em>meet this demand by Agricultural Engineer Nuri \u00c7omu in 1985.<\/em><\/p>\n<p>Sunar M\u0131s\u0131r, securing its position as the reliable supplier of the national and international leaders in T\u00fcrkiye\u2019s industrial areas as food, textile and paper has begun to produce glucose after this product line stated to be used in food sector from the 1990s. It became an integrated facility that produces in international standards and capacity, having completed its modified starch production facility in parallel with the development of the paper and textile sector in 1992, its glucose-fructose facility in 2002, its sorbitol facility in 2013, and finally its maltitol production facility in 2015. Sunar M\u0131s\u0131r is T\u00fcrkiye\u2019s first and only Sorbitol and Maltitol producer, and the production and export of these products are carried only solely by Sunar M\u0131s\u0131r.<\/p>\n<p>Sunar M\u0131s\u0131r, which has accomplished its broken grounds in T\u00fcrkiye, presents exclusive solutions to its customers at different regions of T\u00fcrkiye and the world with innovations it has brought to the sector and with prominent products it has produced as a result of huge Research and Development investments and innovative work, and it aims to reinforce its position as the leader in exports with innovative products. SUNAR R&amp;D Center has been approved by the Republic of T\u00fcrkiye Ministry of Science, Industry and Technology and honored with R&amp;D Center Certificate in May 2018.<\/p>\n<p>Sunar M\u0131s\u0131r has the \u201cISO 9001 Quality Management System\u201d, the \u201cISO 22000 Food Safety Management System\u201d, \u201cFSSC 22000 Food Safety Management System\u201d, \u201cIP NON-GMO\u201d, \u201cSEDEX Social Inspection Standard\u201d \u201cHalal Food\u201d and \u201cKOSHER\u201d certifications. Sunar M\u0131s\u0131r, which is fulfilling the requirements for the \u201cOHSAS 18001 Occupational Health and Safety Management System,\u201d and the \u201cISO 14001 Environmental Management System,\u201d and \u2018\u2019ISO 27001 Information Security Management System\u2019\u2019 also carries out its responsibilities with the understanding of \u201cTotal Quality Management.\u201d<\/p>\n<p>Sunar M\u0131s\u0131r has become the National Public Champion of T\u00fcrkiye with the valuable support and votes of its employees, customers, NGO\u2019s, and other partners from all around Europe with a total of 4000 votes in 2017.<\/p>\n\t\t<\/div>\n\t\t\t\t\t<\/div>\n\n\t\n<\/div>\n\t\t<\/div>\n\n\t\t\n<style>\n#section_1607137365 {\n  padding-top: 30px;\n  padding-bottom: 30px;\n}\n#section_1607137365 .ux-shape-divider--top svg {\n  height: 150px;\n  --divider-top-width: 100%;\n}\n#section_1607137365 .ux-shape-divider--bottom svg {\n  height: 150px;\n  --divider-width: 100%;\n}\n<\/style>\n\t<\/section>\n\t&nbsp;<\/p>\n","protected":false},"excerpt":{"rendered":"<p>&nbsp;<\/p>\n","protected":false},"author":1,"featured_media":1585,"parent":0,"menu_order":0,"comment_status":"closed","ping_status":"closed","template":"page-blank.php","meta":{"footnotes":""},"class_list":["post-1647","page","type-page","status-publish","has-post-thumbnail","hentry"],"_links":{"self":[{"href":"https:\/\/www.sunarmisir.com.tr\/en\/wp-json\/wp\/v2\/pages\/1647"}],"collection":[{"href":"https:\/\/www.sunarmisir.com.tr\/en\/wp-json\/wp\/v2\/pages"}],"about":[{"href":"https:\/\/www.sunarmisir.com.tr\/en\/wp-json\/wp\/v2\/types\/page"}],"author":[{"embeddable":true,"href":"https:\/\/www.sunarmisir.com.tr\/en\/wp-json\/wp\/v2\/users\/1"}],"replies":[{"embeddable":true,"href":"https:\/\/www.sunarmisir.com.tr\/en\/wp-json\/wp\/v2\/comments?post=1647"}],"version-history":[{"count":40,"href":"https:\/\/www.sunarmisir.com.tr\/en\/wp-json\/wp\/v2\/pages\/1647\/revisions"}],"predecessor-version":[{"id":7622,"href":"https:\/\/www.sunarmisir.com.tr\/en\/wp-json\/wp\/v2\/pages\/1647\/revisions\/7622"}],"wp:featuredmedia":[{"embeddable":true,"href":"https:\/\/www.sunarmisir.com.tr\/en\/wp-json\/wp\/v2\/media\/1585"}],"wp:attachment":[{"href":"https:\/\/www.sunarmisir.com.tr\/en\/wp-json\/wp\/v2\/media?parent=1647"}],"curies":[{"name":"wp","href":"https:\/\/api.w.org\/{rel}","templated":true}]}}