{"id":3700,"date":"2019-05-08T12:28:14","date_gmt":"2019-05-08T09:28:14","guid":{"rendered":"http:\/\/www.sunarmisir.com.tr\/?page_id=3700"},"modified":"2022-07-28T21:26:37","modified_gmt":"2022-07-28T18:26:37","slug":"%d8%a7%d9%84%d8%b5%d9%81%d8%ad%d8%a9-%d8%a7%d9%84%d8%b1%d8%a6%d9%8a%d8%b3%d9%8a%d8%a9","status":"publish","type":"page","link":"https:\/\/www.sunarmisir.com.tr\/ar\/","title":{"rendered":"\u0627\u0644\u0635\u0641\u062d\u0629 \u0627\u0644\u0631\u0626\u064a\u0633\u064a\u0629"},"content":{"rendered":"\n  <div class=\"banner has-hover has-video hide-for-medium\" id=\"banner-1366757958\">\n          <div class=\"banner-inner fill\">\n        <div class=\"banner-bg fill\" >\n            <div class=\"bg fill bg-fill bg-loaded\"><\/div>\n            \t<div class=\"video-overlay no-click fill hide-for-medium\"><\/div>\n\t<video class=\"video-bg fill hide-for-medium\" preload playsinline autoplay\n\t\tmuted\t\tloop>\n\t\t<source src=\"https:\/\/www.sunarmisir.com.tr\/wp-content\/uploads\/2020\/06\/arapca.mp4\" type=\"video\/mp4\">\t<\/video>\n                        \n                    <\/div>\n\t\t\n        <div class=\"banner-layers container\">\n            <div class=\"fill banner-link\"><\/div>            \n        <\/div>\n      <\/div>\n\n            \n<style>\n#banner-1366757958 {\n  padding-top: 99.99%;\n}\n#banner-1366757958 .overlay {\n  background-color: rgba(0,0,0,.5);\n}\n#banner-1366757958 .ux-shape-divider--top svg {\n  height: 150px;\n  --divider-top-width: 100%;\n}\n#banner-1366757958 .ux-shape-divider--bottom svg {\n  height: 150px;\n  --divider-width: 100%;\n}\n@media (min-width:550px) {\n  #banner-1366757958 {\n    padding-top: 600px;\n  }\n}\n<\/style>\n  <\/div>\n\n\n\n<div class=\"slider-wrapper relative show-for-small\" id=\"slider-846110449\" >\n    <div class=\"slider slider-type-fade slider-nav-circle slider-nav-large slider-nav-light slider-style-normal\"\n        data-flickity-options='{\n            \"cellAlign\": \"center\",\n            \"imagesLoaded\": true,\n            \"lazyLoad\": 1,\n            \"freeScroll\": false,\n            \"wrapAround\": true,\n            \"autoPlay\": 54000,\n            \"pauseAutoPlayOnHover\" : true,\n            \"prevNextButtons\": true,\n            \"contain\" : true,\n            \"adaptiveHeight\" : true,\n            \"dragThreshold\" : 10,\n            \"percentPosition\": true,\n            \"pageDots\": true,\n            \"rightToLeft\": true,\n            \"draggable\": true,\n            \"selectedAttraction\": 0.1,\n            \"parallax\" : 0,\n            \"friction\": 0.6        }'\n        >\n        \n\n  <div class=\"banner has-hover\" id=\"banner-898145092\">\n          <div class=\"banner-inner fill\">\n        <div class=\"banner-bg fill\" >\n            <div class=\"bg fill bg-fill bg-loaded\"><\/div>\n                                    \n                    <\/div>\n\t\t\n        <div class=\"banner-layers container\">\n            <div class=\"fill banner-link\"><\/div>            \n   <div id=\"text-box-1249988285\" class=\"text-box banner-layer x50 md-x50 lg-x50 y50 md-y50 lg-y50 res-text\">\n                                <div class=\"text-box-content text dark\">\n              \n              <div class=\"text-inner text-center\">\n                  \n<h3>Gelecek Nesillere Ya\u015fanabilir Bir D\u00fcnya B\u0131rakmak \u0130\u00e7in \u00c7al\u0131\u015f\u0131yoruz<\/h3>\n              <\/div>\n           <\/div>\n                            \n<style>\n#text-box-1249988285 .text-box-content {\n  background-color: rgba(0, 0, 0, 0.3);\n  font-size: 100%;\n}\n#text-box-1249988285 .text-inner {\n  padding: 5px 5px 5px 5px;\n}\n#text-box-1249988285 {\n  width: 82%;\n}\n@media (min-width:550px) {\n  #text-box-1249988285 {\n    width: 88%;\n  }\n}\n<\/style>\n    <\/div>\n \n        <\/div>\n      <\/div>\n\n            \n<style>\n#banner-898145092 {\n  padding-top: 70%;\n}\n#banner-898145092 .bg.bg-loaded {\n  background-image: url(https:\/\/www.sunarmisir.com.tr\/wp-content\/uploads\/2018\/06\/mobil-banner2.jpg);\n}\n#banner-898145092 .ux-shape-divider--top svg {\n  height: 150px;\n  --divider-top-width: 100%;\n}\n#banner-898145092 .ux-shape-divider--bottom svg {\n  height: 150px;\n  --divider-width: 100%;\n}\n@media (min-width:550px) {\n  #banner-898145092 {\n    padding-top: 600px;\n  }\n}\n<\/style>\n  <\/div>\n\n\n\n  <div class=\"banner has-hover\" id=\"banner-1889682296\">\n          <div class=\"banner-inner fill\">\n        <div class=\"banner-bg fill\" >\n            <div class=\"bg fill bg-fill bg-loaded\"><\/div>\n                                    \n                    <\/div>\n\t\t\n        <div class=\"banner-layers container\">\n            <div class=\"fill banner-link\"><\/div>            \n   <div id=\"text-box-705132083\" class=\"text-box banner-layer x50 md-x50 lg-x50 y50 md-y50 lg-y50 res-text\">\n                                <div class=\"text-box-content text dark\">\n              \n              <div class=\"text-inner text-center\">\n                  \n<h3>T\u00fcrkiye\u2019de Yeniliklerin \u00d6nc\u00fcs\u00fc<\/h3>\n              <\/div>\n           <\/div>\n                            \n<style>\n#text-box-705132083 .text-box-content {\n  background-color: rgba(0, 0, 0, 0.3);\n  font-size: 100%;\n}\n#text-box-705132083 .text-inner {\n  padding: 5px 5px 5px 5px;\n}\n#text-box-705132083 {\n  width: 82%;\n}\n@media (min-width:550px) {\n  #text-box-705132083 {\n    width: 88%;\n  }\n}\n<\/style>\n    <\/div>\n \n        <\/div>\n      <\/div>\n\n            \n<style>\n#banner-1889682296 {\n  padding-top: 70%;\n}\n#banner-1889682296 .bg.bg-loaded {\n  background-image: url(https:\/\/www.sunarmisir.com.tr\/wp-content\/uploads\/2018\/06\/mobil-banner3-1400x350.jpg);\n}\n#banner-1889682296 .bg {\n  background-position: 57% 58%;\n}\n#banner-1889682296 .ux-shape-divider--top svg {\n  height: 150px;\n  --divider-top-width: 100%;\n}\n#banner-1889682296 .ux-shape-divider--bottom svg {\n  height: 150px;\n  --divider-width: 100%;\n}\n@media (min-width:550px) {\n  #banner-1889682296 {\n    padding-top: 600px;\n  }\n}\n<\/style>\n  <\/div>\n\n\n     <\/div>\n\n     <div class=\"loading-spin dark large centered\"><\/div>\n\n     \t<\/div>\n\n\n\t<section class=\"section dark has-parallax\" id=\"section_325736809\">\n\t\t<div class=\"bg section-bg fill bg-fill bg-loaded \" data-parallax-container=\".section\" data-parallax-background data-parallax=\"-6\">\n\n\t\t\t\n\t\t\t<div class=\"section-bg-overlay absolute fill\"><\/div>\n\t\t\t\n\t<div class=\"is-border\"\n\t\tstyle=\"border-width:1px 0px 1px 0px;\">\n\t<\/div>\n\n\t\t<\/div>\n\n\t\t\n\n\t\t<div class=\"section-content relative\">\n\t\t\t\n<div class=\"row row-large align-middle\"  id=\"row-43879442\">\n\n\t<div id=\"col-674781751\" class=\"col medium-6 small-12 large-6\"  >\n\t\t\t\t<div class=\"col-inner text-center\"  >\n\t\t\t\n\t\t\t\n\t<div class=\"img has-hover x md-x lg-x y md-y lg-y\" id=\"image_900336293\">\n\t\t\t\t\t\t\t\t<div class=\"img-inner box-shadow-1 dark\" >\n\t\t\t<img fetchpriority=\"high\" decoding=\"async\" width=\"1020\" height=\"681\" src=\"https:\/\/www.sunarmisir.com.tr\/wp-content\/uploads\/2018\/05\/sunar-misir-anasayfa-1199x800.jpg\" class=\"attachment-large size-large\" alt=\"\" srcset=\"https:\/\/www.sunarmisir.com.tr\/wp-content\/uploads\/2018\/05\/sunar-misir-anasayfa.jpg 1199w, https:\/\/www.sunarmisir.com.tr\/wp-content\/uploads\/2018\/05\/sunar-misir-anasayfa-600x400.jpg 600w, https:\/\/www.sunarmisir.com.tr\/wp-content\/uploads\/2018\/05\/sunar-misir-anasayfa-768x512.jpg 768w\" sizes=\"(max-width: 1020px) 100vw, 1020px\" \/>\t\t\t\t\t\t\n\t\t\t\t\t<\/div>\n\t\t\t\t\t\t\t\t\n<style>\n#image_900336293 {\n  width: 82%;\n}\n<\/style>\n\t<\/div>\n\t\n\t\t<\/div>\n\t\t\t\t\t<\/div>\n\n\t\n\n\t<div id=\"col-1061979771\" class=\"col medium-6 small-12 large-6\"  >\n\t\t\t\t<div class=\"col-inner text-left\"  >\n\t\t\t\n\t\t\t\n<h2 class=\"uppercase\">Sunar M\u0131s\u0131r<\/h2>\n<p>\u0641\u064a \u0639\u0627\u0645 1985 \u060c \u0628\u062f\u0623&nbsp; \u0623\u0643\u0628\u0631\u0648\u0627\u0642\u062f\u0645 \u0645\u0635\u0646\u0639 \u0625\u0646\u062a\u0627\u062c&nbsp; \u0644\u0644\u0646\u0634\u0627 \u0641\u064a \u062a\u0631\u0643\u064a\u0627 \u0633\u0648\u0646\u0627\u0631 \u0645\u064a\u0633\u064a\u0631, \u0628\u062f\u0621\u0627 \u0628\u0645\u0646\u062a\u062c\u0627\u062a \u0627\u0644\u0646\u0634\u0627 \u0648\u0627\u0644\u062c\u0644\u0648\u0643\u0648\u0632&nbsp; \u0641\u0627\u0644\u064a\u0648\u0645&nbsp; \u0627\u0644\u0645\u0646\u062a\u062c\u0627\u062a \u0627\u0644\u0645\u0633\u062a\u062e\u062f\u0645\u0629&nbsp; \u0641\u064a \u0627\u0644\u0643\u062b\u064a\u0631 \u0645\u0646 \u0627\u0644\u0642\u0637\u0627\u0639\u0627\u062a&nbsp; \u0643\u0627\u0644\u0645\u0648\u0627\u062f \u0627\u0644\u063a\u0630\u0627\u0626\u064a\u0629 \u0648\u0627\u0644\u0645\u0646\u0633\u0648\u062c\u0627\u062a \u0648\u0627\u0644\u0648\u0631\u0642 \u0648\u0627\u0644\u0643\u0631\u062a\u0648\u0646 \u0627\u0644\u0645\u0636\u0644\u0639 \u0648\u0627\u0644\u0643\u064a\u0645\u064a\u0627\u0621 \u0648\u0627\u0644\u062a\u0637\u0628\u064a\u0642\u0627\u062a \u0627\u0644\u0635\u0646\u0627\u0639\u064a\u0629 \u0627\u0644\u0623\u062e\u0631\u0649 \u0647\u064a \u0628\u0631\u062c\u0629 \u0643\u0628\u064a\u0631\u0629&nbsp; \u0645\u0646 \u0627\u0644\u0646\u0634\u0627 \u0639\u0627\u0644\u0649 \u0627\u0644\u062c\u0648\u062f\u0629 \u0648\u0645\u0634\u062a\u0642\u0627\u062a\u0647<\/p>\n<a href=\"https:\/\/www.sunarmisir.com.tr\/ar\/about-ar\/\" target=\"_self\" class=\"button primary lowercase\"  >\n    <span>\u0623\u0643\u062b\u0631...<\/span>\n  <\/a>\n\n\t\t<\/div>\n\t\t\t\t\t<\/div>\n\n\t\n<\/div>\n\t\t<\/div>\n\n\t\t\n<style>\n#section_325736809 {\n  padding-top: 100px;\n  padding-bottom: 100px;\n  background-color: rgb(255,255,255);\n}\n#section_325736809 .section-bg-overlay {\n  background-color: rgba(21, 58, 12, 0.64);\n}\n#section_325736809 .section-bg.bg-loaded {\n  background-image: url(https:\/\/www.sunarmisir.com.tr\/wp-content\/uploads\/2018\/05\/Anasayfa-sunar-gorsel.jpg);\n}\n#section_325736809 .ux-shape-divider--top svg {\n  height: 150px;\n  --divider-top-width: 100%;\n}\n#section_325736809 .ux-shape-divider--bottom svg {\n  height: 150px;\n  --divider-width: 100%;\n}\n<\/style>\n\t<\/section>\n\t\n\t<section class=\"section has-parallax\" id=\"section_461955972\">\n\t\t<div class=\"bg section-bg fill bg-fill bg-loaded \" data-parallax-container=\".section\" data-parallax-background data-parallax=\"-1\">\n\n\t\t\t\n\t\t\t\n\t\t\t\n\n\t\t<\/div>\n\n\t\t\n\n\t\t<div class=\"section-content relative\">\n\t\t\t\n<div class=\"row\"  id=\"row-207196183\">\n\n\t<div id=\"col-110215093\" class=\"col medium-6 small-12 large-6\"  >\n\t\t\t\t<div class=\"col-inner\"  >\n\t\t\t\n\t\t\t\n<h1><span style=\"color: #000080;\">\u0646\u0638\u0627\u0645 \u0627\u0644\u062d\u0645\u064a\u0629 \u0627\u0644\u063a\u0630\u0627\u0626\u064a\u0629&nbsp; \u0648\u0645\u0646\u062a\u062c\u0627\u062a \u0627\u0644\u0633\u0643\u0631\u064a<\/span><\/h1>\n<h1><span style=\"color: #000080;\">\u0645\u064f\u062d\u0644\u064a \u0637\u0628\u064a\u0639\u064a \u0645\u0646\u062e\u0641\u0636 \u0627\u0644\u0633\u0639\u0631\u0627\u062a \u0627\u0644\u062d\u0631\u0627\u0631\u064a\u0629<\/span><\/h1>\n<a data-animate=\"flipInY\" href=\"\/urun\/maltitol\/\" target=\"_self\" class=\"button primary is-xlarge lowercase\"  >\n    <span>\u0633\u0648\u0631\u0628\u064a\u062a\u0648\u0644<\/span>\n  <\/a>\n\n<a data-animate=\"flipInY\" href=\"\/urun\/sorbitol\/\" target=\"_self\" class=\"button secondary is-xlarge lowercase\"  >\n    <span>\u0645\u0627\u0644\u062a\u064a\u062a\u0648\u0644<\/span>\n  <\/a>\n\n\t\t<\/div>\n\t\t\t\t\t<\/div>\n\n\t\n<\/div>\n\t\t<\/div>\n\n\t\t\n<style>\n#section_461955972 {\n  padding-top: 80px;\n  padding-bottom: 80px;\n  margin-bottom: 5px;\n  min-height: 490px;\n  background-color: rgb(207, 224, 210);\n}\n#section_461955972 .section-bg.bg-loaded {\n  background-image: url(https:\/\/www.sunarmisir.com.tr\/wp-content\/uploads\/2018\/05\/anasayfa-sorbitol-maltitol-sunar.jpg);\n}\n#section_461955972 .section-bg {\n  background-position: 25% 38%;\n}\n#section_461955972 .ux-shape-divider--top svg {\n  height: 150px;\n  --divider-top-width: 100%;\n}\n#section_461955972 .ux-shape-divider--bottom svg {\n  height: 150px;\n  --divider-width: 100%;\n}\n<\/style>\n\t<\/section>\n\t\n\n\t<section class=\"section\" id=\"section_1708359563\">\n\t\t<div class=\"bg section-bg fill bg-fill bg-loaded bg-loaded\" >\n\n\t\t\t\n\t\t\t\n\t\t\t\n\t<div class=\"is-border\"\n\t\tstyle=\"border-width:1px 0px 1px 0px;\">\n\t<\/div>\n\n\t\t<\/div>\n\n\t\t\n\n\t\t<div class=\"section-content relative\">\n\t\t\t\n<div class=\"row align-equal\" style=\"max-width:90%\" id=\"row-397235705\">\n\n\t<div id=\"col-2042178062\" class=\"col small-12 large-12\"  >\n\t\t\t\t<div class=\"col-inner\"  >\n\t\t\t\n\t\t\t\n<div class=\"container section-title-container\" ><h3 class=\"section-title section-title-center\"><b><\/b><span class=\"section-title-main\" >\u0632\u0648\u0631\u0648\u0646\u0627 \u0641\u064a \u0627\u0644\u0645\u0639\u0627\u0631\u0636 \u0627\u0644\u062a\u062c\u0627\u0631\u064a\u0629<\/span><b><\/b><\/h3><\/div>\n\n  \n    <div class=\"row large-columns-4 medium-columns-3 small-columns-1 row-small row-full-width has-shadow row-box-shadow-1 slider row-slider slider-nav-simple slider-nav-outside slider-nav-light\"  data-flickity-options='{\"imagesLoaded\": true, \"groupCells\": \"100%\", \"dragThreshold\" : 5, \"cellAlign\": \"left\",\"wrapAround\": true,\"prevNextButtons\": true,\"percentPosition\": true,\"pageDots\": true, \"rightToLeft\": true, \"autoPlay\" : 7000}'>\n\n  <div class=\"col post-item\" >\n\t\t\t<div class=\"col-inner\">\n\t\t\t<a href=\"https:\/\/www.sunarmisir.com.tr\/ar\/gulfoodmanufacturing-2\/\" class=\"plain\">\n\t\t\t\t<div class=\"box box-vertical box-text-bottom box-blog-post has-hover\">\n            \t\t\t\t\t<div class=\"box-image\" style=\"width:40%;\">\n  \t\t\t\t\t\t<div class=\"image-cover\" style=\"padding-top:180px;\">\n  \t\t\t\t\t\t\t<img decoding=\"async\" width=\"533\" height=\"400\" src=\"https:\/\/www.sunarmisir.com.tr\/wp-content\/uploads\/2020\/01\/hif-533x400.jpg\" class=\"attachment-medium size-medium wp-post-image\" alt=\"\" srcset=\"https:\/\/www.sunarmisir.com.tr\/wp-content\/uploads\/2020\/01\/hif-533x400.jpg 533w, https:\/\/www.sunarmisir.com.tr\/wp-content\/uploads\/2020\/01\/hif-768x576.jpg 768w, https:\/\/www.sunarmisir.com.tr\/wp-content\/uploads\/2020\/01\/hif-1067x800.jpg 1067w, https:\/\/www.sunarmisir.com.tr\/wp-content\/uploads\/2020\/01\/hif-600x450.jpg 600w, https:\/\/www.sunarmisir.com.tr\/wp-content\/uploads\/2020\/01\/hif.jpg 1600w\" sizes=\"(max-width: 533px) 100vw, 533px\" \/>  \t\t\t\t\t\t\t  \t\t\t\t\t\t\t  \t\t\t\t\t\t<\/div>\n  \t\t\t\t\t\t  \t\t\t\t\t<\/div>\n          \t\t\t\t\t<div class=\"box-text text-left\" style=\"background-color:rgb(255, 255, 255);\">\n\t\t\t\t\t<div class=\"box-text-inner blog-post-inner\">\n\n\t\t\t\t\t\n\t\t\t\t\t\t\t\t\t\t<h5 class=\"post-title is-large \">\u0641\u0631\u0627\u0646\u0643\u0641\u0648\u0631\u062a \u060c \u0623\u0644\u0645\u0627\u0646\u064a\u0627\u0661-\u0663 \u062f\u064a\u0633\u0645\u0628\u0631 \u0662\u0660\u0662\u0660\u0647\u0627\u064a-  \u0641\u0627\u064a \u0623\u0648\u0631\u0648\u0628\u0627<\/h5>\n\t\t\t\t\t\t\t\t\t\t<div class=\"is-divider\"><\/div>\n\t\t\t\t\t                    \n\t\t\t\t\t\n\t\t\t\t\t\n\t\t\t\t\t<\/div>\n\t\t\t\t\t<\/div>\n\t\t\t\t\t\t\t\t\t<\/div>\n\t\t\t\t<\/a>\n\t\t\t<\/div>\n\t\t<\/div><div class=\"col post-item\" >\n\t\t\t<div class=\"col-inner\">\n\t\t\t<a href=\"https:\/\/www.sunarmisir.com.tr\/ar\/gulfoodmanufacturing\/\" class=\"plain\">\n\t\t\t\t<div class=\"box box-vertical box-text-bottom box-blog-post has-hover\">\n            \t\t\t\t\t<div class=\"box-image\" style=\"width:40%;\">\n  \t\t\t\t\t\t<div class=\"image-cover\" style=\"padding-top:180px;\">\n  \t\t\t\t\t\t\t<img decoding=\"async\" width=\"533\" height=\"400\" src=\"https:\/\/www.sunarmisir.com.tr\/wp-content\/uploads\/2019\/02\/3-2-1-533x400.jpg\" class=\"attachment-medium size-medium wp-post-image\" alt=\"\" srcset=\"https:\/\/www.sunarmisir.com.tr\/wp-content\/uploads\/2019\/02\/3-2-1-533x400.jpg 533w, https:\/\/www.sunarmisir.com.tr\/wp-content\/uploads\/2019\/02\/3-2-1-768x576.jpg 768w, https:\/\/www.sunarmisir.com.tr\/wp-content\/uploads\/2019\/02\/3-2-1-1067x800.jpg 1067w, https:\/\/www.sunarmisir.com.tr\/wp-content\/uploads\/2019\/02\/3-2-1-600x450.jpg 600w, https:\/\/www.sunarmisir.com.tr\/wp-content\/uploads\/2019\/02\/3-2-1.jpg 1600w\" sizes=\"(max-width: 533px) 100vw, 533px\" \/>  \t\t\t\t\t\t\t  \t\t\t\t\t\t\t  \t\t\t\t\t\t<\/div>\n  \t\t\t\t\t\t  \t\t\t\t\t<\/div>\n          \t\t\t\t\t<div class=\"box-text text-left\" style=\"background-color:rgb(255, 255, 255);\">\n\t\t\t\t\t<div class=\"box-text-inner blog-post-inner\">\n\n\t\t\t\t\t\n\t\t\t\t\t\t\t\t\t\t<h5 class=\"post-title is-large \">\u062f\u0628\u064a \u060c \u0627\u0644\u0625\u0645\u0627\u0631\u0627\u062a \u0627\u0644\u0639\u0631\u0628\u064a\u0629 \u0627\u0644\u0645\u062a\u062d\u062f\u0629\u0663-\u0665 \u0646\u0648\u0641\u0645\u0628\u0631\u0662\u0660\u0662\u0660\u062c\u0644\u0641\u0648\u0648\u062f \u0644\u0644\u062a\u0635\u0646\u064a\u0639<\/h5>\n\t\t\t\t\t\t\t\t\t\t<div class=\"is-divider\"><\/div>\n\t\t\t\t\t                    \n\t\t\t\t\t\n\t\t\t\t\t\n\t\t\t\t\t<\/div>\n\t\t\t\t\t<\/div>\n\t\t\t\t\t\t\t\t\t<\/div>\n\t\t\t\t<\/a>\n\t\t\t<\/div>\n\t\t<\/div><div class=\"col post-item\" >\n\t\t\t<div class=\"col-inner\">\n\t\t\t<a href=\"https:\/\/www.sunarmisir.com.tr\/ar\/iftfoodexpo\/\" class=\"plain\">\n\t\t\t\t<div class=\"box box-vertical box-text-bottom box-blog-post has-hover\">\n            \t\t\t\t\t<div class=\"box-image\" style=\"width:40%;\">\n  \t\t\t\t\t\t<div class=\"image-cover\" style=\"padding-top:180px;\">\n  \t\t\t\t\t\t\t<img loading=\"lazy\" decoding=\"async\" width=\"600\" height=\"400\" src=\"https:\/\/www.sunarmisir.com.tr\/wp-content\/uploads\/2020\/01\/ift_08192-600x400.jpg\" class=\"attachment-medium size-medium wp-post-image\" alt=\"\" srcset=\"https:\/\/www.sunarmisir.com.tr\/wp-content\/uploads\/2020\/01\/ift_08192-600x400.jpg 600w, https:\/\/www.sunarmisir.com.tr\/wp-content\/uploads\/2020\/01\/ift_08192.jpg 700w\" sizes=\"(max-width: 600px) 100vw, 600px\" \/>  \t\t\t\t\t\t\t  \t\t\t\t\t\t\t  \t\t\t\t\t\t<\/div>\n  \t\t\t\t\t\t  \t\t\t\t\t<\/div>\n          \t\t\t\t\t<div class=\"box-text text-left\" style=\"background-color:rgb(255, 255, 255);\">\n\t\t\t\t\t<div class=\"box-text-inner blog-post-inner\">\n\n\t\t\t\t\t\n\t\t\t\t\t\t\t\t\t\t<h5 class=\"post-title is-large \">\u0634\u064a\u0643\u0627\u063a\u0648 \u060c \u0627\u0644\u0648\u0644\u0627\u064a\u0627\u062a \u0627\u0644\u0645\u062a\u062d\u062f\u0629\u0661\u0662-\u0661\u0665 \u064a\u0648\u0644\u064a\u0648 \u0662\u0660\u0662\u0660\u0645\u0639\u0631\u0636 \u062a.\u062f. \u0644\u0644\u0623\u063a\u0630\u064a\u0629<\/h5>\n\t\t\t\t\t\t\t\t\t\t<div class=\"is-divider\"><\/div>\n\t\t\t\t\t                    \n\t\t\t\t\t\n\t\t\t\t\t\n\t\t\t\t\t<\/div>\n\t\t\t\t\t<\/div>\n\t\t\t\t\t\t\t\t\t<\/div>\n\t\t\t\t<\/a>\n\t\t\t<\/div>\n\t\t<\/div><div class=\"col post-item\" >\n\t\t\t<div class=\"col-inner\">\n\t\t\t<a href=\"https:\/\/www.sunarmisir.com.tr\/ar\/djazagro\/\" class=\"plain\">\n\t\t\t\t<div class=\"box box-vertical box-text-bottom box-blog-post has-hover\">\n            \t\t\t\t\t<div class=\"box-image\" style=\"width:40%;\">\n  \t\t\t\t\t\t<div class=\"image-cover\" style=\"padding-top:180px;\">\n  \t\t\t\t\t\t\t<img loading=\"lazy\" decoding=\"async\" width=\"300\" height=\"400\" src=\"https:\/\/www.sunarmisir.com.tr\/wp-content\/uploads\/2019\/02\/FUAR-STAND-5-2-2-300x400.jpg\" class=\"attachment-medium size-medium wp-post-image\" alt=\"\" srcset=\"https:\/\/www.sunarmisir.com.tr\/wp-content\/uploads\/2019\/02\/FUAR-STAND-5-2-2-300x400.jpg 300w, https:\/\/www.sunarmisir.com.tr\/wp-content\/uploads\/2019\/02\/FUAR-STAND-5-2-2.jpg 768w, https:\/\/www.sunarmisir.com.tr\/wp-content\/uploads\/2019\/02\/FUAR-STAND-5-2-2-600x800.jpg 600w\" sizes=\"(max-width: 300px) 100vw, 300px\" \/>  \t\t\t\t\t\t\t  \t\t\t\t\t\t\t  \t\t\t\t\t\t<\/div>\n  \t\t\t\t\t\t  \t\t\t\t\t<\/div>\n          \t\t\t\t\t<div class=\"box-text text-left\" style=\"background-color:rgb(255, 255, 255);\">\n\t\t\t\t\t<div class=\"box-text-inner blog-post-inner\">\n\n\t\t\t\t\t\n\t\t\t\t\t\t\t\t\t\t<h5 class=\"post-title is-large \">\u0627\u0644\u062c\u0632\u0627\u0626\u0631\u0666-\u0669 \u0627\u0628\u0631\u064a\u0644 \u0662\u0660\u0662\u0660 \u062f\u062c\u0632\u0627\u0631\u0643\u0648<\/h5>\n\t\t\t\t\t\t\t\t\t\t<div class=\"is-divider\"><\/div>\n\t\t\t\t\t                    \n\t\t\t\t\t\n\t\t\t\t\t\n\t\t\t\t\t<\/div>\n\t\t\t\t\t<\/div>\n\t\t\t\t\t\t\t\t\t<\/div>\n\t\t\t\t<\/a>\n\t\t\t<\/div>\n\t\t<\/div><div class=\"col post-item\" >\n\t\t\t<div class=\"col-inner\">\n\t\t\t<a href=\"https:\/\/www.sunarmisir.com.tr\/ar\/fi-africa\/\" class=\"plain\">\n\t\t\t\t<div class=\"box box-vertical box-text-bottom box-blog-post has-hover\">\n            \t\t\t\t\t<div class=\"box-image\" style=\"width:40%;\">\n  \t\t\t\t\t\t<div class=\"image-cover\" style=\"padding-top:180px;\">\n  \t\t\t\t\t\t\t<img loading=\"lazy\" decoding=\"async\" width=\"300\" height=\"400\" src=\"https:\/\/www.sunarmisir.com.tr\/wp-content\/uploads\/2020\/01\/FI-AFRICA-300x400.jpg\" class=\"attachment-medium size-medium wp-post-image\" alt=\"\" srcset=\"https:\/\/www.sunarmisir.com.tr\/wp-content\/uploads\/2020\/01\/FI-AFRICA-300x400.jpg 300w, https:\/\/www.sunarmisir.com.tr\/wp-content\/uploads\/2020\/01\/FI-AFRICA.jpg 768w, https:\/\/www.sunarmisir.com.tr\/wp-content\/uploads\/2020\/01\/FI-AFRICA-600x800.jpg 600w\" sizes=\"(max-width: 300px) 100vw, 300px\" \/>  \t\t\t\t\t\t\t  \t\t\t\t\t\t\t  \t\t\t\t\t\t<\/div>\n  \t\t\t\t\t\t  \t\t\t\t\t<\/div>\n          \t\t\t\t\t<div class=\"box-text text-left\" style=\"background-color:rgb(255, 255, 255);\">\n\t\t\t\t\t<div class=\"box-text-inner blog-post-inner\">\n\n\t\t\t\t\t\n\t\t\t\t\t\t\t\t\t\t<h5 class=\"post-title is-large \">\u0627\u0644\u0642\u0627\u0647\u0631\u0629 \u060c \u0645\u0635\u0631\u0661\u0665-\u0661\u0667 \u0645\u0627\u0631\u0633 \u0662\u0660\u0662\u0660\u063a.\u062f \u0627\u0641\u0631\u064a\u0642\u064a\u0627<\/h5>\n\t\t\t\t\t\t\t\t\t\t<div class=\"is-divider\"><\/div>\n\t\t\t\t\t                    \n\t\t\t\t\t\n\t\t\t\t\t\n\t\t\t\t\t<\/div>\n\t\t\t\t\t<\/div>\n\t\t\t\t\t\t\t\t\t<\/div>\n\t\t\t\t<\/a>\n\t\t\t<\/div>\n\t\t<\/div><\/div>\n\t\t<\/div>\n\t\t\t\t\t<\/div>\n\n\t\n<\/div>\n\t\t<\/div>\n\n\t\t\n<style>\n#section_1708359563 {\n  padding-top: 43px;\n  padding-bottom: 43px;\n  min-height: 276px;\n  background-color: rgb(241, 241, 241);\n}\n#section_1708359563 .ux-shape-divider--top svg {\n  height: 150px;\n  --divider-top-width: 100%;\n}\n#section_1708359563 .ux-shape-divider--bottom svg {\n  height: 150px;\n  --divider-width: 100%;\n}\n<\/style>\n\t<\/section>\n\t\n","protected":false},"excerpt":{"rendered":"","protected":false},"author":1,"featured_media":0,"parent":0,"menu_order":1,"comment_status":"closed","ping_status":"closed","template":"page-blank.php","meta":{"footnotes":""},"class_list":["post-3700","page","type-page","status-publish","hentry"],"_links":{"self":[{"href":"https:\/\/www.sunarmisir.com.tr\/ar\/wp-json\/wp\/v2\/pages\/3700"}],"collection":[{"href":"https:\/\/www.sunarmisir.com.tr\/ar\/wp-json\/wp\/v2\/pages"}],"about":[{"href":"https:\/\/www.sunarmisir.com.tr\/ar\/wp-json\/wp\/v2\/types\/page"}],"author":[{"embeddable":true,"href":"https:\/\/www.sunarmisir.com.tr\/ar\/wp-json\/wp\/v2\/users\/1"}],"replies":[{"embeddable":true,"href":"https:\/\/www.sunarmisir.com.tr\/ar\/wp-json\/wp\/v2\/comments?post=3700"}],"version-history":[{"count":16,"href":"https:\/\/www.sunarmisir.com.tr\/ar\/wp-json\/wp\/v2\/pages\/3700\/revisions"}],"predecessor-version":[{"id":7662,"href":"https:\/\/www.sunarmisir.com.tr\/ar\/wp-json\/wp\/v2\/pages\/3700\/revisions\/7662"}],"wp:attachment":[{"href":"https:\/\/www.sunarmisir.com.tr\/ar\/wp-json\/wp\/v2\/media?parent=3700"}],"curies":[{"name":"wp","href":"https:\/\/api.w.org\/{rel}","templated":true}]}}